{"id":1239,"date":"2018-10-05T08:55:24","date_gmt":"2018-10-05T07:55:24","guid":{"rendered":"https:\/\/sortzen.org\/?page_id=1239"},"modified":"2018-10-18T12:15:55","modified_gmt":"2018-10-18T11:15:55","slug":"quedamos-esta-noche","status":"publish","type":"page","link":"https:\/\/sortzen.org\/eu\/quedamos-esta-noche\/","title":{"rendered":"Gaur gauean geratuko gara?"},"content":{"rendered":"<p><span style=\"font-size: 18pt;\">Tema:\u00a0Espacio p\u00fablico, ocio nocturno y relaciones seguras.<\/span><\/p>\n<p>&nbsp;<\/p>\n<p><span style=\"font-size: 18pt;\">Resumen:\u00a0Dirigido a la poblacio\u0301n entre 17 y 22 an\u0303os, el comic trabaja diferentes aspectos sobre el uso y disfrute del espacio pu\u0301blico y el ocio nocturno en igualdad y las medidas de relaciones seguras.<\/span><\/p>\n<p>&nbsp;<\/p>\n<p><span style=\"font-size: 18pt;\">A\u00f1o: 2012.\u00a0<\/span><\/p>\n<p>&nbsp;<\/p>\n<p>Agotada en papel.\u00a0<\/p>\n<p>&nbsp;<\/p>\n<p><a href=\"https:\/\/sortzen.org\/wp-content\/uploads\/2015\/02\/producto-gratis-sortzen-comic-ezisildu-CAS-02.jpg\"><img fetchpriority=\"high\" decoding=\"async\" class=\"alignnone size-medium wp-image-422\" src=\"https:\/\/sortzen.org\/wp-content\/uploads\/2015\/02\/producto-gratis-sortzen-comic-ezisildu-CAS-02-300x270.jpg\" alt=\"Comic &quot;quedamos esta noche&quot; en castellano con sortzen consultoria de igualdad de genero\" width=\"300\" height=\"270\" srcset=\"https:\/\/sortzen.org\/wp-content\/uploads\/2015\/02\/producto-gratis-sortzen-comic-ezisildu-CAS-02-300x270.jpg 300w, https:\/\/sortzen.org\/wp-content\/uploads\/2015\/02\/producto-gratis-sortzen-comic-ezisildu-CAS-02.jpg 500w\" sizes=\"(max-width: 300px) 100vw, 300px\" \/><\/a><\/p>\n<p><a href=\"https:\/\/sortzen.org\/wp-content\/uploads\/2018\/10\/b.-Co\u0301mic-Quedamos-esta-noche.pdf\" target=\"_blank\" rel=\"noopener\">\u00bfQUEDAMOS ESTA NOCHE?<\/a><\/p>\n<p>&nbsp;<\/p>\n<p><a href=\"https:\/\/sortzen.org\/wp-content\/uploads\/2015\/02\/producto-gratis-sortzen-comic-ezisildu-EUS-02.jpg\"><img decoding=\"async\" class=\"alignnone size-medium wp-image-425\" src=\"https:\/\/sortzen.org\/wp-content\/uploads\/2015\/02\/producto-gratis-sortzen-comic-ezisildu-EUS-02-300x270.jpg\" alt=\"Comic &quot;quedamos esta noche&quot; en euskera con sortzen consultoria de igualdad de genero\" width=\"300\" height=\"270\" srcset=\"https:\/\/sortzen.org\/wp-content\/uploads\/2015\/02\/producto-gratis-sortzen-comic-ezisildu-EUS-02-300x270.jpg 300w, https:\/\/sortzen.org\/wp-content\/uploads\/2015\/02\/producto-gratis-sortzen-comic-ezisildu-EUS-02.jpg 500w\" sizes=\"(max-width: 300px) 100vw, 300px\" \/><\/a><\/p>\n<p><a href=\"https:\/\/sortzen.org\/wp-content\/uploads\/2018\/10\/b.-Co\u0301mic-Gaur-gauean-geldituko-gara.pdf\" target=\"_blank\" rel=\"noopener\">GAUR GAUEAN GELDITUKO GARA<\/a><\/p>","protected":false},"excerpt":{"rendered":"<p>Tema:\u00a0Espacio p\u00fablico, ocio nocturno y relaciones seguras. &nbsp; Resumen:\u00a0Dirigido a la poblacio\u0301n entre 17 y 22 an\u0303os, el comic trabaja diferentes aspectos sobre el uso y disfrute del espacio pu\u0301blico y el ocio nocturno en igualdad y las medidas de relaciones seguras. &nbsp; A\u00f1o: 2012.\u00a0 &nbsp; Agotada en papel.\u00a0 &nbsp; \u00bfQUEDAMOS ESTA NOCHE? &nbsp; GAUR [&hellip;]<\/p>\n","protected":false},"author":4,"featured_media":422,"parent":0,"menu_order":0,"comment_status":"closed","ping_status":"closed","template":"","meta":{"footnotes":""},"class_list":["post-1239","page","type-page","status-publish","has-post-thumbnail","hentry"],"yoast_head":"<!-- This site is optimized with the Yoast SEO plugin v27.5 - https:\/\/yoast.com\/product\/yoast-seo-wordpress\/ -->\n<title>\u00bfQuedamos esta noche? - Sortzen<\/title>\n<meta name=\"robots\" content=\"index, follow, max-snippet:-1, max-image-preview:large, max-video-preview:-1\" \/>\n<link rel=\"canonical\" href=\"https:\/\/sortzen.org\/eu\/quedamos-esta-noche\/\" \/>\n<meta property=\"og:locale\" content=\"en_US\" \/>\n<meta property=\"og:type\" content=\"article\" \/>\n<meta property=\"og:title\" content=\"\u00bfQuedamos esta noche? - Sortzen\" \/>\n<meta property=\"og:description\" content=\"Tema:\u00a0Espacio p\u00fablico, ocio nocturno y relaciones seguras. &nbsp; Resumen:\u00a0Dirigido a la poblacio\u0301n entre 17 y 22 an\u0303os, el comic trabaja diferentes aspectos sobre el uso y disfrute del espacio pu\u0301blico y el ocio nocturno en igualdad y las medidas de relaciones seguras. &nbsp; A\u00f1o: 2012.\u00a0 &nbsp; Agotada en papel.\u00a0 &nbsp; \u00bfQUEDAMOS ESTA NOCHE? &nbsp; GAUR [&hellip;]\" \/>\n<meta property=\"og:url\" content=\"https:\/\/sortzen.org\/eu\/quedamos-esta-noche\/\" \/>\n<meta property=\"og:site_name\" content=\"Sortzen\" \/>\n<meta property=\"article:modified_time\" content=\"2018-10-18T11:15:55+00:00\" \/>\n<meta property=\"og:image\" content=\"https:\/\/sortzen.org\/wp-content\/uploads\/2015\/02\/producto-gratis-sortzen-comic-ezisildu-CAS-02.jpg\" \/>\n\t<meta property=\"og:image:width\" content=\"500\" \/>\n\t<meta property=\"og:image:height\" content=\"450\" \/>\n\t<meta property=\"og:image:type\" content=\"image\/jpeg\" \/>\n<script type=\"application\/ld+json\" class=\"yoast-schema-graph\">{\"@context\":\"https:\\\/\\\/schema.org\",\"@graph\":[{\"@type\":\"WebPage\",\"@id\":\"https:\\\/\\\/sortzen.org\\\/quedamos-esta-noche\\\/\",\"url\":\"https:\\\/\\\/sortzen.org\\\/quedamos-esta-noche\\\/\",\"name\":\"\u00bfQuedamos esta noche? - Sortzen\",\"isPartOf\":{\"@id\":\"https:\\\/\\\/sortzen.org\\\/#website\"},\"primaryImageOfPage\":{\"@id\":\"https:\\\/\\\/sortzen.org\\\/quedamos-esta-noche\\\/#primaryimage\"},\"image\":{\"@id\":\"https:\\\/\\\/sortzen.org\\\/quedamos-esta-noche\\\/#primaryimage\"},\"thumbnailUrl\":\"https:\\\/\\\/sortzen.org\\\/wp-content\\\/uploads\\\/2015\\\/02\\\/producto-gratis-sortzen-comic-ezisildu-CAS-02.jpg\",\"datePublished\":\"2018-10-05T07:55:24+00:00\",\"dateModified\":\"2018-10-18T11:15:55+00:00\",\"breadcrumb\":{\"@id\":\"https:\\\/\\\/sortzen.org\\\/quedamos-esta-noche\\\/#breadcrumb\"},\"inLanguage\":\"eu\",\"potentialAction\":[{\"@type\":\"ReadAction\",\"target\":[\"https:\\\/\\\/sortzen.org\\\/quedamos-esta-noche\\\/\"]}]},{\"@type\":\"ImageObject\",\"inLanguage\":\"eu\",\"@id\":\"https:\\\/\\\/sortzen.org\\\/quedamos-esta-noche\\\/#primaryimage\",\"url\":\"https:\\\/\\\/sortzen.org\\\/wp-content\\\/uploads\\\/2015\\\/02\\\/producto-gratis-sortzen-comic-ezisildu-CAS-02.jpg\",\"contentUrl\":\"https:\\\/\\\/sortzen.org\\\/wp-content\\\/uploads\\\/2015\\\/02\\\/producto-gratis-sortzen-comic-ezisildu-CAS-02.jpg\",\"width\":500,\"height\":450,\"caption\":\"Comic \\\"quedamos esta noche\\\" en castellano con sortzen consultoria de igualdad de genero\"},{\"@type\":\"BreadcrumbList\",\"@id\":\"https:\\\/\\\/sortzen.org\\\/quedamos-esta-noche\\\/#breadcrumb\",\"itemListElement\":[{\"@type\":\"ListItem\",\"position\":1,\"name\":\"Home\",\"item\":\"https:\\\/\\\/sortzen.org\\\/\"},{\"@type\":\"ListItem\",\"position\":2,\"name\":\"\u00bfQuedamos esta noche?\"}]},{\"@type\":\"WebSite\",\"@id\":\"https:\\\/\\\/sortzen.org\\\/#website\",\"url\":\"https:\\\/\\\/sortzen.org\\\/\",\"name\":\"Sortzen\",\"description\":\"Consultor\u00eda especializada en la prevenci\u00f3n y atenci\u00f3n de la violencia machista y los procesos de empoderamiento de las mujeres\",\"potentialAction\":[{\"@type\":\"SearchAction\",\"target\":{\"@type\":\"EntryPoint\",\"urlTemplate\":\"https:\\\/\\\/sortzen.org\\\/?s={search_term_string}\"},\"query-input\":{\"@type\":\"PropertyValueSpecification\",\"valueRequired\":true,\"valueName\":\"search_term_string\"}}],\"inLanguage\":\"eu\"}]}<\/script>\n<!-- \/ Yoast SEO plugin. -->","yoast_head_json":{"title":"\u00bfQuedamos esta noche? - Sortzen","robots":{"index":"index","follow":"follow","max-snippet":"max-snippet:-1","max-image-preview":"max-image-preview:large","max-video-preview":"max-video-preview:-1"},"canonical":"https:\/\/sortzen.org\/eu\/quedamos-esta-noche\/","og_locale":"en_US","og_type":"article","og_title":"\u00bfQuedamos esta noche? - Sortzen","og_description":"Tema:\u00a0Espacio p\u00fablico, ocio nocturno y relaciones seguras. &nbsp; Resumen:\u00a0Dirigido a la poblacio\u0301n entre 17 y 22 an\u0303os, el comic trabaja diferentes aspectos sobre el uso y disfrute del espacio pu\u0301blico y el ocio nocturno en igualdad y las medidas de relaciones seguras. &nbsp; A\u00f1o: 2012.\u00a0 &nbsp; Agotada en papel.\u00a0 &nbsp; \u00bfQUEDAMOS ESTA NOCHE? &nbsp; GAUR [&hellip;]","og_url":"https:\/\/sortzen.org\/eu\/quedamos-esta-noche\/","og_site_name":"Sortzen","article_modified_time":"2018-10-18T11:15:55+00:00","og_image":[{"width":500,"height":450,"url":"https:\/\/sortzen.org\/wp-content\/uploads\/2015\/02\/producto-gratis-sortzen-comic-ezisildu-CAS-02.jpg","type":"image\/jpeg"}],"schema":{"@context":"https:\/\/schema.org","@graph":[{"@type":"WebPage","@id":"https:\/\/sortzen.org\/quedamos-esta-noche\/","url":"https:\/\/sortzen.org\/quedamos-esta-noche\/","name":"\u00bfQuedamos esta noche? - Sortzen","isPartOf":{"@id":"https:\/\/sortzen.org\/#website"},"primaryImageOfPage":{"@id":"https:\/\/sortzen.org\/quedamos-esta-noche\/#primaryimage"},"image":{"@id":"https:\/\/sortzen.org\/quedamos-esta-noche\/#primaryimage"},"thumbnailUrl":"https:\/\/sortzen.org\/wp-content\/uploads\/2015\/02\/producto-gratis-sortzen-comic-ezisildu-CAS-02.jpg","datePublished":"2018-10-05T07:55:24+00:00","dateModified":"2018-10-18T11:15:55+00:00","breadcrumb":{"@id":"https:\/\/sortzen.org\/quedamos-esta-noche\/#breadcrumb"},"inLanguage":"eu","potentialAction":[{"@type":"ReadAction","target":["https:\/\/sortzen.org\/quedamos-esta-noche\/"]}]},{"@type":"ImageObject","inLanguage":"eu","@id":"https:\/\/sortzen.org\/quedamos-esta-noche\/#primaryimage","url":"https:\/\/sortzen.org\/wp-content\/uploads\/2015\/02\/producto-gratis-sortzen-comic-ezisildu-CAS-02.jpg","contentUrl":"https:\/\/sortzen.org\/wp-content\/uploads\/2015\/02\/producto-gratis-sortzen-comic-ezisildu-CAS-02.jpg","width":500,"height":450,"caption":"Comic \"quedamos esta noche\" en castellano con sortzen consultoria de igualdad de genero"},{"@type":"BreadcrumbList","@id":"https:\/\/sortzen.org\/quedamos-esta-noche\/#breadcrumb","itemListElement":[{"@type":"ListItem","position":1,"name":"Home","item":"https:\/\/sortzen.org\/"},{"@type":"ListItem","position":2,"name":"\u00bfQuedamos esta noche?"}]},{"@type":"WebSite","@id":"https:\/\/sortzen.org\/#website","url":"https:\/\/sortzen.org\/","name":"Sortzen","description":"Consultor\u00eda especializada en la prevenci\u00f3n y atenci\u00f3n de la violencia machista y los procesos de empoderamiento de las mujeres","potentialAction":[{"@type":"SearchAction","target":{"@type":"EntryPoint","urlTemplate":"https:\/\/sortzen.org\/?s={search_term_string}"},"query-input":{"@type":"PropertyValueSpecification","valueRequired":true,"valueName":"search_term_string"}}],"inLanguage":"eu"}]}},"_links":{"self":[{"href":"https:\/\/sortzen.org\/eu\/wp-json\/wp\/v2\/pages\/1239","targetHints":{"allow":["GET"]}}],"collection":[{"href":"https:\/\/sortzen.org\/eu\/wp-json\/wp\/v2\/pages"}],"about":[{"href":"https:\/\/sortzen.org\/eu\/wp-json\/wp\/v2\/types\/page"}],"author":[{"embeddable":true,"href":"https:\/\/sortzen.org\/eu\/wp-json\/wp\/v2\/users\/4"}],"replies":[{"embeddable":true,"href":"https:\/\/sortzen.org\/eu\/wp-json\/wp\/v2\/comments?post=1239"}],"version-history":[{"count":0,"href":"https:\/\/sortzen.org\/eu\/wp-json\/wp\/v2\/pages\/1239\/revisions"}],"wp:featuredmedia":[{"embeddable":true,"href":"https:\/\/sortzen.org\/eu\/wp-json\/wp\/v2\/media\/422"}],"wp:attachment":[{"href":"https:\/\/sortzen.org\/eu\/wp-json\/wp\/v2\/media?parent=1239"}],"curies":[{"name":"wp","href":"https:\/\/api.w.org\/{rel}","templated":true}]}}