{"id":1243,"date":"2018-10-05T08:48:14","date_gmt":"2018-10-05T07:48:14","guid":{"rendered":"https:\/\/sortzen.org\/?page_id=1243"},"modified":"2018-10-18T11:10:50","modified_gmt":"2018-10-18T10:10:50","slug":"quien-eres-tu-busca-tu-id","status":"publish","type":"page","link":"https:\/\/sortzen.org\/eu\/quien-eres-tu-busca-tu-id\/","title":{"rendered":"Nor zara zu? Bilatu zure ID-a"},"content":{"rendered":"<p><span style=\"font-size: 18pt;\">Tema:\u00a0Sensibilizacio\u0301n y la prevencio\u0301n de las agresiones sexuales.\u00a0<\/span><\/p>\n<p>&nbsp;<\/p>\n<p><span style=\"font-size: 18pt;\">Resumen:\u00a0Dirigido a la poblacio\u0301n entre 14 y 16 an\u0303os, el comic trabaja diferentes aspectos de la educaci\u00f3n afectivo-sexual y la prevenci\u00f3n de agresiones sexuales.\u00a0<\/span><\/p>\n<p>&nbsp;<\/p>\n<p><span style=\"font-size: 18pt;\">A\u00f1o: 2012.\u00a0<\/span><\/p>\n<p>&nbsp;<\/p>\n<p>Agotada en papel.\u00a0<\/p>\n<p>&nbsp;<\/p>\n<p><a href=\"https:\/\/sortzen.org\/wp-content\/uploads\/2015\/02\/producto-gratis-sortzen-comic-ezisildu-CAS-01.jpg\"><img fetchpriority=\"high\" decoding=\"async\" class=\"alignnone size-medium wp-image-421\" src=\"https:\/\/sortzen.org\/wp-content\/uploads\/2015\/02\/producto-gratis-sortzen-comic-ezisildu-CAS-01-300x270.jpg\" alt=\"Comic &quot;Quien eres tu busca tu ID&quot; en castellano con sortzen consultoria de igualdad de genero\" width=\"300\" height=\"270\" srcset=\"https:\/\/sortzen.org\/wp-content\/uploads\/2015\/02\/producto-gratis-sortzen-comic-ezisildu-CAS-01-300x270.jpg 300w, https:\/\/sortzen.org\/wp-content\/uploads\/2015\/02\/producto-gratis-sortzen-comic-ezisildu-CAS-01.jpg 500w\" sizes=\"(max-width: 300px) 100vw, 300px\" \/><\/a>\u00a0<\/p>\n<p><a href=\"https:\/\/sortzen.org\/wp-content\/uploads\/2018\/10\/a.-Co\u0301mic-Busca-tu-ID.pdf\" target=\"_blank\" rel=\"noopener\">\u00bfQUI\u00c9N ERES T\u00da? BUSCA TU ID <\/a><\/p>\n<p>&nbsp;<\/p>\n<p><a href=\"https:\/\/sortzen.org\/wp-content\/uploads\/2015\/02\/producto-gratis-sortzen-comic-ezisildu-EUS-01.jpg\"><img decoding=\"async\" class=\"alignnone size-medium wp-image-424\" src=\"https:\/\/sortzen.org\/wp-content\/uploads\/2015\/02\/producto-gratis-sortzen-comic-ezisildu-EUS-01-300x270.jpg\" alt=\"Comic &quot;Quien eres tu busca tu ID&quot; en euskera con sortzen consultoria de igualdad de genero\" width=\"300\" height=\"270\" srcset=\"https:\/\/sortzen.org\/wp-content\/uploads\/2015\/02\/producto-gratis-sortzen-comic-ezisildu-EUS-01-300x270.jpg 300w, https:\/\/sortzen.org\/wp-content\/uploads\/2015\/02\/producto-gratis-sortzen-comic-ezisildu-EUS-01.jpg 500w\" sizes=\"(max-width: 300px) 100vw, 300px\" \/><\/a><\/p>\n<p><a href=\"https:\/\/sortzen.org\/wp-content\/uploads\/2018\/10\/a.-Co\u0301mic-Bilatu-zure-IDa.pdf\" target=\"_blank\" rel=\"noopener\">NOR ZARA ZU? BILATU ZURE IDA<\/a><\/p>","protected":false},"excerpt":{"rendered":"<p>Tema:\u00a0Sensibilizacio\u0301n y la prevencio\u0301n de las agresiones sexuales.\u00a0 &nbsp; Resumen:\u00a0Dirigido a la poblacio\u0301n entre 14 y 16 an\u0303os, el comic trabaja diferentes aspectos de la educaci\u00f3n afectivo-sexual y la prevenci\u00f3n de agresiones sexuales.\u00a0 &nbsp; A\u00f1o: 2012.\u00a0 &nbsp; Agotada en papel.\u00a0 &nbsp; \u00a0 \u00bfQUI\u00c9N ERES T\u00da? BUSCA TU ID &nbsp; NOR ZARA ZU? BILATU ZURE IDA<\/p>","protected":false},"author":4,"featured_media":421,"parent":0,"menu_order":0,"comment_status":"closed","ping_status":"closed","template":"","meta":{"footnotes":""},"class_list":["post-1243","page","type-page","status-publish","has-post-thumbnail","hentry"],"yoast_head":"<!-- This site is optimized with the Yoast SEO plugin v27.5 - https:\/\/yoast.com\/product\/yoast-seo-wordpress\/ -->\n<title>\u00bfQui\u00e9n eres t\u00fa? Busca tu ID - Sortzen<\/title>\n<meta name=\"robots\" content=\"index, follow, max-snippet:-1, max-image-preview:large, max-video-preview:-1\" \/>\n<link rel=\"canonical\" href=\"https:\/\/sortzen.org\/eu\/quien-eres-tu-busca-tu-id\/\" \/>\n<meta property=\"og:locale\" content=\"en_US\" \/>\n<meta property=\"og:type\" content=\"article\" \/>\n<meta property=\"og:title\" content=\"\u00bfQui\u00e9n eres t\u00fa? Busca tu ID - Sortzen\" \/>\n<meta property=\"og:description\" content=\"Tema:\u00a0Sensibilizacio\u0301n y la prevencio\u0301n de las agresiones sexuales.\u00a0 &nbsp; Resumen:\u00a0Dirigido a la poblacio\u0301n entre 14 y 16 an\u0303os, el comic trabaja diferentes aspectos de la educaci\u00f3n afectivo-sexual y la prevenci\u00f3n de agresiones sexuales.\u00a0 &nbsp; A\u00f1o: 2012.\u00a0 &nbsp; Agotada en papel.\u00a0 &nbsp; \u00a0 \u00bfQUI\u00c9N ERES T\u00da? BUSCA TU ID &nbsp; NOR ZARA ZU? BILATU ZURE IDA\" \/>\n<meta property=\"og:url\" content=\"https:\/\/sortzen.org\/eu\/quien-eres-tu-busca-tu-id\/\" \/>\n<meta property=\"og:site_name\" content=\"Sortzen\" \/>\n<meta property=\"article:modified_time\" content=\"2018-10-18T10:10:50+00:00\" \/>\n<meta property=\"og:image\" content=\"https:\/\/sortzen.org\/wp-content\/uploads\/2015\/02\/producto-gratis-sortzen-comic-ezisildu-CAS-01.jpg\" \/>\n\t<meta property=\"og:image:width\" content=\"500\" \/>\n\t<meta property=\"og:image:height\" content=\"450\" \/>\n\t<meta property=\"og:image:type\" content=\"image\/jpeg\" \/>\n<script type=\"application\/ld+json\" class=\"yoast-schema-graph\">{\"@context\":\"https:\\\/\\\/schema.org\",\"@graph\":[{\"@type\":\"WebPage\",\"@id\":\"https:\\\/\\\/sortzen.org\\\/quien-eres-tu-busca-tu-id\\\/\",\"url\":\"https:\\\/\\\/sortzen.org\\\/quien-eres-tu-busca-tu-id\\\/\",\"name\":\"\u00bfQui\u00e9n eres t\u00fa? Busca tu ID - Sortzen\",\"isPartOf\":{\"@id\":\"https:\\\/\\\/sortzen.org\\\/#website\"},\"primaryImageOfPage\":{\"@id\":\"https:\\\/\\\/sortzen.org\\\/quien-eres-tu-busca-tu-id\\\/#primaryimage\"},\"image\":{\"@id\":\"https:\\\/\\\/sortzen.org\\\/quien-eres-tu-busca-tu-id\\\/#primaryimage\"},\"thumbnailUrl\":\"https:\\\/\\\/sortzen.org\\\/wp-content\\\/uploads\\\/2015\\\/02\\\/producto-gratis-sortzen-comic-ezisildu-CAS-01.jpg\",\"datePublished\":\"2018-10-05T07:48:14+00:00\",\"dateModified\":\"2018-10-18T10:10:50+00:00\",\"breadcrumb\":{\"@id\":\"https:\\\/\\\/sortzen.org\\\/quien-eres-tu-busca-tu-id\\\/#breadcrumb\"},\"inLanguage\":\"eu\",\"potentialAction\":[{\"@type\":\"ReadAction\",\"target\":[\"https:\\\/\\\/sortzen.org\\\/quien-eres-tu-busca-tu-id\\\/\"]}]},{\"@type\":\"ImageObject\",\"inLanguage\":\"eu\",\"@id\":\"https:\\\/\\\/sortzen.org\\\/quien-eres-tu-busca-tu-id\\\/#primaryimage\",\"url\":\"https:\\\/\\\/sortzen.org\\\/wp-content\\\/uploads\\\/2015\\\/02\\\/producto-gratis-sortzen-comic-ezisildu-CAS-01.jpg\",\"contentUrl\":\"https:\\\/\\\/sortzen.org\\\/wp-content\\\/uploads\\\/2015\\\/02\\\/producto-gratis-sortzen-comic-ezisildu-CAS-01.jpg\",\"width\":500,\"height\":450,\"caption\":\"Comic \\\"Quien eres tu busca tu ID\\\" en castellano con sortzen consultoria de igualdad de genero\"},{\"@type\":\"BreadcrumbList\",\"@id\":\"https:\\\/\\\/sortzen.org\\\/quien-eres-tu-busca-tu-id\\\/#breadcrumb\",\"itemListElement\":[{\"@type\":\"ListItem\",\"position\":1,\"name\":\"Home\",\"item\":\"https:\\\/\\\/sortzen.org\\\/\"},{\"@type\":\"ListItem\",\"position\":2,\"name\":\"\u00bfQui\u00e9n eres t\u00fa? Busca tu ID\"}]},{\"@type\":\"WebSite\",\"@id\":\"https:\\\/\\\/sortzen.org\\\/#website\",\"url\":\"https:\\\/\\\/sortzen.org\\\/\",\"name\":\"Sortzen\",\"description\":\"Consultor\u00eda especializada en la prevenci\u00f3n y atenci\u00f3n de la violencia machista y los procesos de empoderamiento de las mujeres\",\"potentialAction\":[{\"@type\":\"SearchAction\",\"target\":{\"@type\":\"EntryPoint\",\"urlTemplate\":\"https:\\\/\\\/sortzen.org\\\/?s={search_term_string}\"},\"query-input\":{\"@type\":\"PropertyValueSpecification\",\"valueRequired\":true,\"valueName\":\"search_term_string\"}}],\"inLanguage\":\"eu\"}]}<\/script>\n<!-- \/ Yoast SEO plugin. -->","yoast_head_json":{"title":"\u00bfQui\u00e9n eres t\u00fa? Busca tu ID - Sortzen","robots":{"index":"index","follow":"follow","max-snippet":"max-snippet:-1","max-image-preview":"max-image-preview:large","max-video-preview":"max-video-preview:-1"},"canonical":"https:\/\/sortzen.org\/eu\/quien-eres-tu-busca-tu-id\/","og_locale":"en_US","og_type":"article","og_title":"\u00bfQui\u00e9n eres t\u00fa? Busca tu ID - Sortzen","og_description":"Tema:\u00a0Sensibilizacio\u0301n y la prevencio\u0301n de las agresiones sexuales.\u00a0 &nbsp; Resumen:\u00a0Dirigido a la poblacio\u0301n entre 14 y 16 an\u0303os, el comic trabaja diferentes aspectos de la educaci\u00f3n afectivo-sexual y la prevenci\u00f3n de agresiones sexuales.\u00a0 &nbsp; A\u00f1o: 2012.\u00a0 &nbsp; Agotada en papel.\u00a0 &nbsp; \u00a0 \u00bfQUI\u00c9N ERES T\u00da? BUSCA TU ID &nbsp; NOR ZARA ZU? BILATU ZURE IDA","og_url":"https:\/\/sortzen.org\/eu\/quien-eres-tu-busca-tu-id\/","og_site_name":"Sortzen","article_modified_time":"2018-10-18T10:10:50+00:00","og_image":[{"width":500,"height":450,"url":"https:\/\/sortzen.org\/wp-content\/uploads\/2015\/02\/producto-gratis-sortzen-comic-ezisildu-CAS-01.jpg","type":"image\/jpeg"}],"schema":{"@context":"https:\/\/schema.org","@graph":[{"@type":"WebPage","@id":"https:\/\/sortzen.org\/quien-eres-tu-busca-tu-id\/","url":"https:\/\/sortzen.org\/quien-eres-tu-busca-tu-id\/","name":"\u00bfQui\u00e9n eres t\u00fa? Busca tu ID - Sortzen","isPartOf":{"@id":"https:\/\/sortzen.org\/#website"},"primaryImageOfPage":{"@id":"https:\/\/sortzen.org\/quien-eres-tu-busca-tu-id\/#primaryimage"},"image":{"@id":"https:\/\/sortzen.org\/quien-eres-tu-busca-tu-id\/#primaryimage"},"thumbnailUrl":"https:\/\/sortzen.org\/wp-content\/uploads\/2015\/02\/producto-gratis-sortzen-comic-ezisildu-CAS-01.jpg","datePublished":"2018-10-05T07:48:14+00:00","dateModified":"2018-10-18T10:10:50+00:00","breadcrumb":{"@id":"https:\/\/sortzen.org\/quien-eres-tu-busca-tu-id\/#breadcrumb"},"inLanguage":"eu","potentialAction":[{"@type":"ReadAction","target":["https:\/\/sortzen.org\/quien-eres-tu-busca-tu-id\/"]}]},{"@type":"ImageObject","inLanguage":"eu","@id":"https:\/\/sortzen.org\/quien-eres-tu-busca-tu-id\/#primaryimage","url":"https:\/\/sortzen.org\/wp-content\/uploads\/2015\/02\/producto-gratis-sortzen-comic-ezisildu-CAS-01.jpg","contentUrl":"https:\/\/sortzen.org\/wp-content\/uploads\/2015\/02\/producto-gratis-sortzen-comic-ezisildu-CAS-01.jpg","width":500,"height":450,"caption":"Comic \"Quien eres tu busca tu ID\" en castellano con sortzen consultoria de igualdad de genero"},{"@type":"BreadcrumbList","@id":"https:\/\/sortzen.org\/quien-eres-tu-busca-tu-id\/#breadcrumb","itemListElement":[{"@type":"ListItem","position":1,"name":"Home","item":"https:\/\/sortzen.org\/"},{"@type":"ListItem","position":2,"name":"\u00bfQui\u00e9n eres t\u00fa? Busca tu ID"}]},{"@type":"WebSite","@id":"https:\/\/sortzen.org\/#website","url":"https:\/\/sortzen.org\/","name":"Sortzen","description":"Consultor\u00eda especializada en la prevenci\u00f3n y atenci\u00f3n de la violencia machista y los procesos de empoderamiento de las mujeres","potentialAction":[{"@type":"SearchAction","target":{"@type":"EntryPoint","urlTemplate":"https:\/\/sortzen.org\/?s={search_term_string}"},"query-input":{"@type":"PropertyValueSpecification","valueRequired":true,"valueName":"search_term_string"}}],"inLanguage":"eu"}]}},"_links":{"self":[{"href":"https:\/\/sortzen.org\/eu\/wp-json\/wp\/v2\/pages\/1243","targetHints":{"allow":["GET"]}}],"collection":[{"href":"https:\/\/sortzen.org\/eu\/wp-json\/wp\/v2\/pages"}],"about":[{"href":"https:\/\/sortzen.org\/eu\/wp-json\/wp\/v2\/types\/page"}],"author":[{"embeddable":true,"href":"https:\/\/sortzen.org\/eu\/wp-json\/wp\/v2\/users\/4"}],"replies":[{"embeddable":true,"href":"https:\/\/sortzen.org\/eu\/wp-json\/wp\/v2\/comments?post=1243"}],"version-history":[{"count":0,"href":"https:\/\/sortzen.org\/eu\/wp-json\/wp\/v2\/pages\/1243\/revisions"}],"wp:featuredmedia":[{"embeddable":true,"href":"https:\/\/sortzen.org\/eu\/wp-json\/wp\/v2\/media\/421"}],"wp:attachment":[{"href":"https:\/\/sortzen.org\/eu\/wp-json\/wp\/v2\/media?parent=1243"}],"curies":[{"name":"wp","href":"https:\/\/api.w.org\/{rel}","templated":true}]}}