{"id":1252,"date":"2018-10-04T15:20:20","date_gmt":"2018-10-04T14:20:20","guid":{"rendered":"https:\/\/sortzen.org\/?page_id=1252"},"modified":"2018-10-18T07:53:50","modified_gmt":"2018-10-18T06:53:50","slug":"mujeres-de-aqui-y-de-alla-historias-de-ahora","status":"publish","type":"page","link":"https:\/\/sortzen.org\/eu\/mujeres-de-aqui-y-de-alla-historias-de-ahora\/","title":{"rendered":"Hango eta hemengo emakumeak, oraingo istorioak"},"content":{"rendered":"<p><span style=\"font-size: 18pt;\">Tema: Acoso sexual y mujeres migradas.\u00a0<\/span><\/p>\n<p>&nbsp;<\/p>\n<p><span style=\"font-size: 18pt;\">Resumen:\u00a0Estudio cuantitativo sobre la percepci\u00f3n del acoso sexual por parte de las mujeres migradas.\u00a0<\/span><\/p>\n<p>&nbsp;<\/p>\n<p><span style=\"font-size: 18pt;\">A\u00f1o: 2014.\u00a0<\/span><\/p>\n<p>&nbsp;<\/p>\n<p>Existencia en papel.\u00a0<\/p>\n<p>&nbsp;<\/p>\n<p><a href=\"https:\/\/sortzen.org\/wp-content\/uploads\/2015\/02\/producto-sortzen-fotonovela.jpg\"><img fetchpriority=\"high\" decoding=\"async\" class=\"alignnone size-medium wp-image-405\" src=\"https:\/\/sortzen.org\/wp-content\/uploads\/2015\/02\/producto-sortzen-fotonovela-300x300.jpg\" alt=\"fotonovela producto gratuito en sortzen consultoria de igualdad de genero\" width=\"300\" height=\"300\" srcset=\"https:\/\/sortzen.org\/wp-content\/uploads\/2015\/02\/producto-sortzen-fotonovela-300x300.jpg 300w, https:\/\/sortzen.org\/wp-content\/uploads\/2015\/02\/producto-sortzen-fotonovela-400x400.jpg 400w, https:\/\/sortzen.org\/wp-content\/uploads\/2015\/02\/producto-sortzen-fotonovela-100x100.jpg 100w, https:\/\/sortzen.org\/wp-content\/uploads\/2015\/02\/producto-sortzen-fotonovela-150x150.jpg 150w, https:\/\/sortzen.org\/wp-content\/uploads\/2015\/02\/producto-sortzen-fotonovela.jpg 500w\" sizes=\"(max-width: 300px) 100vw, 300px\" \/><\/a><\/p>\n<p><a href=\"https:\/\/sortzen.org\/productos\/fotonovela-sortzen-01.pdf\" target=\"_blank\" rel=\"noopener\">MUJERES DE AQU\u00ed Y DE ALL\u00c1, HISTORIAS DE AHORA<\/a><\/p>","protected":false},"excerpt":{"rendered":"<p>Tema: Acoso sexual y mujeres migradas.\u00a0 &nbsp; Resumen:\u00a0Estudio cuantitativo sobre la percepci\u00f3n del acoso sexual por parte de las mujeres migradas.\u00a0 &nbsp; A\u00f1o: 2014.\u00a0 &nbsp; Existencia en papel.\u00a0 &nbsp; MUJERES DE AQU\u00ed Y DE ALL\u00c1, HISTORIAS DE AHORA<\/p>","protected":false},"author":4,"featured_media":405,"parent":0,"menu_order":0,"comment_status":"closed","ping_status":"closed","template":"","meta":{"footnotes":""},"class_list":["post-1252","page","type-page","status-publish","has-post-thumbnail","hentry"],"yoast_head":"<!-- This site is optimized with the Yoast SEO plugin v27.5 - https:\/\/yoast.com\/product\/yoast-seo-wordpress\/ -->\n<title>Mujeres de aqu\u00ed y de all\u00e1, historias de ahora - Sortzen<\/title>\n<meta name=\"robots\" content=\"index, follow, max-snippet:-1, max-image-preview:large, max-video-preview:-1\" \/>\n<link rel=\"canonical\" href=\"https:\/\/sortzen.org\/eu\/mujeres-de-aqui-y-de-alla-historias-de-ahora\/\" \/>\n<meta property=\"og:locale\" content=\"en_US\" \/>\n<meta property=\"og:type\" content=\"article\" \/>\n<meta property=\"og:title\" content=\"Mujeres de aqu\u00ed y de all\u00e1, historias de ahora - Sortzen\" \/>\n<meta property=\"og:description\" content=\"Tema: Acoso sexual y mujeres migradas.\u00a0 &nbsp; Resumen:\u00a0Estudio cuantitativo sobre la percepci\u00f3n del acoso sexual por parte de las mujeres migradas.\u00a0 &nbsp; A\u00f1o: 2014.\u00a0 &nbsp; Existencia en papel.\u00a0 &nbsp; MUJERES DE AQU\u00ed Y DE ALL\u00c1, HISTORIAS DE AHORA\" \/>\n<meta property=\"og:url\" content=\"https:\/\/sortzen.org\/eu\/mujeres-de-aqui-y-de-alla-historias-de-ahora\/\" \/>\n<meta property=\"og:site_name\" content=\"Sortzen\" \/>\n<meta property=\"article:modified_time\" content=\"2018-10-18T06:53:50+00:00\" \/>\n<meta property=\"og:image\" content=\"https:\/\/sortzen.org\/wp-content\/uploads\/2015\/02\/producto-sortzen-fotonovela.jpg\" \/>\n\t<meta property=\"og:image:width\" content=\"500\" \/>\n\t<meta property=\"og:image:height\" content=\"500\" \/>\n\t<meta property=\"og:image:type\" content=\"image\/jpeg\" \/>\n<script type=\"application\/ld+json\" class=\"yoast-schema-graph\">{\"@context\":\"https:\\\/\\\/schema.org\",\"@graph\":[{\"@type\":\"WebPage\",\"@id\":\"https:\\\/\\\/sortzen.org\\\/mujeres-de-aqui-y-de-alla-historias-de-ahora\\\/\",\"url\":\"https:\\\/\\\/sortzen.org\\\/mujeres-de-aqui-y-de-alla-historias-de-ahora\\\/\",\"name\":\"Mujeres de aqu\u00ed y de all\u00e1, historias de ahora - Sortzen\",\"isPartOf\":{\"@id\":\"https:\\\/\\\/sortzen.org\\\/#website\"},\"primaryImageOfPage\":{\"@id\":\"https:\\\/\\\/sortzen.org\\\/mujeres-de-aqui-y-de-alla-historias-de-ahora\\\/#primaryimage\"},\"image\":{\"@id\":\"https:\\\/\\\/sortzen.org\\\/mujeres-de-aqui-y-de-alla-historias-de-ahora\\\/#primaryimage\"},\"thumbnailUrl\":\"https:\\\/\\\/sortzen.org\\\/wp-content\\\/uploads\\\/2015\\\/02\\\/producto-sortzen-fotonovela.jpg\",\"datePublished\":\"2018-10-04T14:20:20+00:00\",\"dateModified\":\"2018-10-18T06:53:50+00:00\",\"breadcrumb\":{\"@id\":\"https:\\\/\\\/sortzen.org\\\/mujeres-de-aqui-y-de-alla-historias-de-ahora\\\/#breadcrumb\"},\"inLanguage\":\"eu\",\"potentialAction\":[{\"@type\":\"ReadAction\",\"target\":[\"https:\\\/\\\/sortzen.org\\\/mujeres-de-aqui-y-de-alla-historias-de-ahora\\\/\"]}]},{\"@type\":\"ImageObject\",\"inLanguage\":\"eu\",\"@id\":\"https:\\\/\\\/sortzen.org\\\/mujeres-de-aqui-y-de-alla-historias-de-ahora\\\/#primaryimage\",\"url\":\"https:\\\/\\\/sortzen.org\\\/wp-content\\\/uploads\\\/2015\\\/02\\\/producto-sortzen-fotonovela.jpg\",\"contentUrl\":\"https:\\\/\\\/sortzen.org\\\/wp-content\\\/uploads\\\/2015\\\/02\\\/producto-sortzen-fotonovela.jpg\",\"width\":500,\"height\":500,\"caption\":\"fotonovela producto gratuito en sortzen consultoria de igualdad de genero\"},{\"@type\":\"BreadcrumbList\",\"@id\":\"https:\\\/\\\/sortzen.org\\\/mujeres-de-aqui-y-de-alla-historias-de-ahora\\\/#breadcrumb\",\"itemListElement\":[{\"@type\":\"ListItem\",\"position\":1,\"name\":\"Home\",\"item\":\"https:\\\/\\\/sortzen.org\\\/\"},{\"@type\":\"ListItem\",\"position\":2,\"name\":\"Mujeres de aqu\u00ed y de all\u00e1, historias de ahora\"}]},{\"@type\":\"WebSite\",\"@id\":\"https:\\\/\\\/sortzen.org\\\/#website\",\"url\":\"https:\\\/\\\/sortzen.org\\\/\",\"name\":\"Sortzen\",\"description\":\"Consultor\u00eda especializada en la prevenci\u00f3n y atenci\u00f3n de la violencia machista y los procesos de empoderamiento de las mujeres\",\"potentialAction\":[{\"@type\":\"SearchAction\",\"target\":{\"@type\":\"EntryPoint\",\"urlTemplate\":\"https:\\\/\\\/sortzen.org\\\/?s={search_term_string}\"},\"query-input\":{\"@type\":\"PropertyValueSpecification\",\"valueRequired\":true,\"valueName\":\"search_term_string\"}}],\"inLanguage\":\"eu\"}]}<\/script>\n<!-- \/ Yoast SEO plugin. -->","yoast_head_json":{"title":"Mujeres de aqu\u00ed y de all\u00e1, historias de ahora - Sortzen","robots":{"index":"index","follow":"follow","max-snippet":"max-snippet:-1","max-image-preview":"max-image-preview:large","max-video-preview":"max-video-preview:-1"},"canonical":"https:\/\/sortzen.org\/eu\/mujeres-de-aqui-y-de-alla-historias-de-ahora\/","og_locale":"en_US","og_type":"article","og_title":"Mujeres de aqu\u00ed y de all\u00e1, historias de ahora - Sortzen","og_description":"Tema: Acoso sexual y mujeres migradas.\u00a0 &nbsp; Resumen:\u00a0Estudio cuantitativo sobre la percepci\u00f3n del acoso sexual por parte de las mujeres migradas.\u00a0 &nbsp; A\u00f1o: 2014.\u00a0 &nbsp; Existencia en papel.\u00a0 &nbsp; MUJERES DE AQU\u00ed Y DE ALL\u00c1, HISTORIAS DE AHORA","og_url":"https:\/\/sortzen.org\/eu\/mujeres-de-aqui-y-de-alla-historias-de-ahora\/","og_site_name":"Sortzen","article_modified_time":"2018-10-18T06:53:50+00:00","og_image":[{"width":500,"height":500,"url":"https:\/\/sortzen.org\/wp-content\/uploads\/2015\/02\/producto-sortzen-fotonovela.jpg","type":"image\/jpeg"}],"schema":{"@context":"https:\/\/schema.org","@graph":[{"@type":"WebPage","@id":"https:\/\/sortzen.org\/mujeres-de-aqui-y-de-alla-historias-de-ahora\/","url":"https:\/\/sortzen.org\/mujeres-de-aqui-y-de-alla-historias-de-ahora\/","name":"Mujeres de aqu\u00ed y de all\u00e1, historias de ahora - Sortzen","isPartOf":{"@id":"https:\/\/sortzen.org\/#website"},"primaryImageOfPage":{"@id":"https:\/\/sortzen.org\/mujeres-de-aqui-y-de-alla-historias-de-ahora\/#primaryimage"},"image":{"@id":"https:\/\/sortzen.org\/mujeres-de-aqui-y-de-alla-historias-de-ahora\/#primaryimage"},"thumbnailUrl":"https:\/\/sortzen.org\/wp-content\/uploads\/2015\/02\/producto-sortzen-fotonovela.jpg","datePublished":"2018-10-04T14:20:20+00:00","dateModified":"2018-10-18T06:53:50+00:00","breadcrumb":{"@id":"https:\/\/sortzen.org\/mujeres-de-aqui-y-de-alla-historias-de-ahora\/#breadcrumb"},"inLanguage":"eu","potentialAction":[{"@type":"ReadAction","target":["https:\/\/sortzen.org\/mujeres-de-aqui-y-de-alla-historias-de-ahora\/"]}]},{"@type":"ImageObject","inLanguage":"eu","@id":"https:\/\/sortzen.org\/mujeres-de-aqui-y-de-alla-historias-de-ahora\/#primaryimage","url":"https:\/\/sortzen.org\/wp-content\/uploads\/2015\/02\/producto-sortzen-fotonovela.jpg","contentUrl":"https:\/\/sortzen.org\/wp-content\/uploads\/2015\/02\/producto-sortzen-fotonovela.jpg","width":500,"height":500,"caption":"fotonovela producto gratuito en sortzen consultoria de igualdad de genero"},{"@type":"BreadcrumbList","@id":"https:\/\/sortzen.org\/mujeres-de-aqui-y-de-alla-historias-de-ahora\/#breadcrumb","itemListElement":[{"@type":"ListItem","position":1,"name":"Home","item":"https:\/\/sortzen.org\/"},{"@type":"ListItem","position":2,"name":"Mujeres de aqu\u00ed y de all\u00e1, historias de ahora"}]},{"@type":"WebSite","@id":"https:\/\/sortzen.org\/#website","url":"https:\/\/sortzen.org\/","name":"Sortzen","description":"Consultor\u00eda especializada en la prevenci\u00f3n y atenci\u00f3n de la violencia machista y los procesos de empoderamiento de las mujeres","potentialAction":[{"@type":"SearchAction","target":{"@type":"EntryPoint","urlTemplate":"https:\/\/sortzen.org\/?s={search_term_string}"},"query-input":{"@type":"PropertyValueSpecification","valueRequired":true,"valueName":"search_term_string"}}],"inLanguage":"eu"}]}},"_links":{"self":[{"href":"https:\/\/sortzen.org\/eu\/wp-json\/wp\/v2\/pages\/1252","targetHints":{"allow":["GET"]}}],"collection":[{"href":"https:\/\/sortzen.org\/eu\/wp-json\/wp\/v2\/pages"}],"about":[{"href":"https:\/\/sortzen.org\/eu\/wp-json\/wp\/v2\/types\/page"}],"author":[{"embeddable":true,"href":"https:\/\/sortzen.org\/eu\/wp-json\/wp\/v2\/users\/4"}],"replies":[{"embeddable":true,"href":"https:\/\/sortzen.org\/eu\/wp-json\/wp\/v2\/comments?post=1252"}],"version-history":[{"count":0,"href":"https:\/\/sortzen.org\/eu\/wp-json\/wp\/v2\/pages\/1252\/revisions"}],"wp:featuredmedia":[{"embeddable":true,"href":"https:\/\/sortzen.org\/eu\/wp-json\/wp\/v2\/media\/405"}],"wp:attachment":[{"href":"https:\/\/sortzen.org\/eu\/wp-json\/wp\/v2\/media?parent=1252"}],"curies":[{"name":"wp","href":"https:\/\/api.w.org\/{rel}","templated":true}]}}