{"id":1540,"date":"2018-10-18T10:05:04","date_gmt":"2018-10-18T09:05:04","guid":{"rendered":"https:\/\/sortzen.org\/?page_id=1540"},"modified":"2018-10-18T10:05:04","modified_gmt":"2018-10-18T09:05:04","slug":"nuestras-publicaciones","status":"publish","type":"page","link":"https:\/\/sortzen.org\/eu\/nuestras-publicaciones\/","title":{"rendered":"Nuestras publicaciones"},"content":{"rendered":"","protected":false},"excerpt":{"rendered":"","protected":false},"author":4,"featured_media":0,"parent":0,"menu_order":0,"comment_status":"closed","ping_status":"closed","template":"","meta":{"footnotes":""},"class_list":["post-1540","page","type-page","status-publish","hentry"],"yoast_head":"<!-- This site is optimized with the Yoast SEO plugin v27.5 - https:\/\/yoast.com\/product\/yoast-seo-wordpress\/ -->\n<title>Nuestras publicaciones - Sortzen<\/title>\n<meta name=\"robots\" content=\"index, follow, max-snippet:-1, max-image-preview:large, max-video-preview:-1\" \/>\n<link rel=\"canonical\" href=\"https:\/\/sortzen.org\/eu\/nuestras-publicaciones\/\" \/>\n<meta property=\"og:locale\" content=\"en_US\" \/>\n<meta property=\"og:type\" content=\"article\" \/>\n<meta property=\"og:title\" content=\"Nuestras publicaciones - Sortzen\" \/>\n<meta property=\"og:url\" content=\"https:\/\/sortzen.org\/eu\/nuestras-publicaciones\/\" \/>\n<meta property=\"og:site_name\" content=\"Sortzen\" \/>\n<script type=\"application\/ld+json\" class=\"yoast-schema-graph\">{\"@context\":\"https:\\\/\\\/schema.org\",\"@graph\":[{\"@type\":\"WebPage\",\"@id\":\"https:\\\/\\\/sortzen.org\\\/nuestras-publicaciones\\\/\",\"url\":\"https:\\\/\\\/sortzen.org\\\/nuestras-publicaciones\\\/\",\"name\":\"Nuestras publicaciones - Sortzen\",\"isPartOf\":{\"@id\":\"https:\\\/\\\/sortzen.org\\\/#website\"},\"datePublished\":\"2018-10-18T09:05:04+00:00\",\"breadcrumb\":{\"@id\":\"https:\\\/\\\/sortzen.org\\\/nuestras-publicaciones\\\/#breadcrumb\"},\"inLanguage\":\"eu\",\"potentialAction\":[{\"@type\":\"ReadAction\",\"target\":[\"https:\\\/\\\/sortzen.org\\\/nuestras-publicaciones\\\/\"]}]},{\"@type\":\"BreadcrumbList\",\"@id\":\"https:\\\/\\\/sortzen.org\\\/nuestras-publicaciones\\\/#breadcrumb\",\"itemListElement\":[{\"@type\":\"ListItem\",\"position\":1,\"name\":\"Home\",\"item\":\"https:\\\/\\\/sortzen.org\\\/\"},{\"@type\":\"ListItem\",\"position\":2,\"name\":\"Nuestras publicaciones\"}]},{\"@type\":\"WebSite\",\"@id\":\"https:\\\/\\\/sortzen.org\\\/#website\",\"url\":\"https:\\\/\\\/sortzen.org\\\/\",\"name\":\"Sortzen\",\"description\":\"Consultor\u00eda especializada en la prevenci\u00f3n y atenci\u00f3n de la violencia machista y los procesos de empoderamiento de las mujeres\",\"potentialAction\":[{\"@type\":\"SearchAction\",\"target\":{\"@type\":\"EntryPoint\",\"urlTemplate\":\"https:\\\/\\\/sortzen.org\\\/?s={search_term_string}\"},\"query-input\":{\"@type\":\"PropertyValueSpecification\",\"valueRequired\":true,\"valueName\":\"search_term_string\"}}],\"inLanguage\":\"eu\"}]}<\/script>\n<!-- \/ Yoast SEO plugin. -->","yoast_head_json":{"title":"Nuestras publicaciones - Sortzen","robots":{"index":"index","follow":"follow","max-snippet":"max-snippet:-1","max-image-preview":"max-image-preview:large","max-video-preview":"max-video-preview:-1"},"canonical":"https:\/\/sortzen.org\/eu\/nuestras-publicaciones\/","og_locale":"en_US","og_type":"article","og_title":"Nuestras publicaciones - Sortzen","og_url":"https:\/\/sortzen.org\/eu\/nuestras-publicaciones\/","og_site_name":"Sortzen","schema":{"@context":"https:\/\/schema.org","@graph":[{"@type":"WebPage","@id":"https:\/\/sortzen.org\/nuestras-publicaciones\/","url":"https:\/\/sortzen.org\/nuestras-publicaciones\/","name":"Nuestras publicaciones - Sortzen","isPartOf":{"@id":"https:\/\/sortzen.org\/#website"},"datePublished":"2018-10-18T09:05:04+00:00","breadcrumb":{"@id":"https:\/\/sortzen.org\/nuestras-publicaciones\/#breadcrumb"},"inLanguage":"eu","potentialAction":[{"@type":"ReadAction","target":["https:\/\/sortzen.org\/nuestras-publicaciones\/"]}]},{"@type":"BreadcrumbList","@id":"https:\/\/sortzen.org\/nuestras-publicaciones\/#breadcrumb","itemListElement":[{"@type":"ListItem","position":1,"name":"Home","item":"https:\/\/sortzen.org\/"},{"@type":"ListItem","position":2,"name":"Nuestras publicaciones"}]},{"@type":"WebSite","@id":"https:\/\/sortzen.org\/#website","url":"https:\/\/sortzen.org\/","name":"Sortzen","description":"Consultor\u00eda especializada en la prevenci\u00f3n y atenci\u00f3n de la violencia machista y los procesos de empoderamiento de las mujeres","potentialAction":[{"@type":"SearchAction","target":{"@type":"EntryPoint","urlTemplate":"https:\/\/sortzen.org\/?s={search_term_string}"},"query-input":{"@type":"PropertyValueSpecification","valueRequired":true,"valueName":"search_term_string"}}],"inLanguage":"eu"}]}},"_links":{"self":[{"href":"https:\/\/sortzen.org\/eu\/wp-json\/wp\/v2\/pages\/1540","targetHints":{"allow":["GET"]}}],"collection":[{"href":"https:\/\/sortzen.org\/eu\/wp-json\/wp\/v2\/pages"}],"about":[{"href":"https:\/\/sortzen.org\/eu\/wp-json\/wp\/v2\/types\/page"}],"author":[{"embeddable":true,"href":"https:\/\/sortzen.org\/eu\/wp-json\/wp\/v2\/users\/4"}],"replies":[{"embeddable":true,"href":"https:\/\/sortzen.org\/eu\/wp-json\/wp\/v2\/comments?post=1540"}],"version-history":[{"count":0,"href":"https:\/\/sortzen.org\/eu\/wp-json\/wp\/v2\/pages\/1540\/revisions"}],"wp:attachment":[{"href":"https:\/\/sortzen.org\/eu\/wp-json\/wp\/v2\/media?parent=1540"}],"curies":[{"name":"wp","href":"https:\/\/api.w.org\/{rel}","templated":true}]}}