{"id":1615,"date":"2018-10-18T11:52:42","date_gmt":"2018-10-18T10:52:42","guid":{"rendered":"https:\/\/sortzen.org\/?page_id=1615"},"modified":"2018-10-28T13:35:33","modified_gmt":"2018-10-28T12:35:33","slug":"en-que-mundo-vivo-chicos","status":"publish","type":"page","link":"https:\/\/sortzen.org\/eu\/en-que-mundo-vivo-chicos\/","title":{"rendered":"\u00bfEn qu\u00e9 mundo vivo? (chicos)"},"content":{"rendered":"<p>&nbsp;<\/p>\n<p><span style=\"font-size: 18pt;\">Tema:\u00a0Sexismo y la violencia de g\u00e9nero entre los y las j\u00f3venes.\u00a0<\/span><\/p>\n<p>&nbsp;<\/p>\n<p><span style=\"font-size: 18pt;\">Resumen:\u00a0Prevenir la violencia de g\u00e9nero en las relaciones de pareja entre j\u00f3venes, ofreciendo a \u00e9stas y \u00e9stos un material para entender, desear cambiar y poder cambiar esa violencia.\u00a0<\/span><\/p>\n<p>&nbsp;<\/p>\n<p><span style=\"font-size: 18pt;\">A\u00f1o: 2010.\u00a0<\/span><\/p>\n<p><a href=\"https:\/\/sortzen.org\/wp-content\/uploads\/2015\/01\/producto-gratis-guia-jovenes-violencia-sexista-chico-CAS.jpg\"><img fetchpriority=\"high\" decoding=\"async\" class=\"alignnone size-medium wp-image-320\" src=\"https:\/\/sortzen.org\/wp-content\/uploads\/2015\/01\/producto-gratis-guia-jovenes-violencia-sexista-chico-CAS-300x270.jpg\" alt=\"Guia &quot;Asi soy yo&quot; para chico en castellano en sortzen consultoria de violencia machista en bilbao\" width=\"300\" height=\"270\" srcset=\"https:\/\/sortzen.org\/wp-content\/uploads\/2015\/01\/producto-gratis-guia-jovenes-violencia-sexista-chico-CAS-300x270.jpg 300w, https:\/\/sortzen.org\/wp-content\/uploads\/2015\/01\/producto-gratis-guia-jovenes-violencia-sexista-chico-CAS.jpg 500w\" sizes=\"(max-width: 300px) 100vw, 300px\" \/><\/a><\/p>\n<p><a href=\"https:\/\/sortzen.org\/wp-content\/uploads\/2018\/10\/guia-asisoyyo-chico-castellano.pdf\" target=\"_blank\" rel=\"noopener\">\u00bfEN QU\u00c9 MUNDO VIVO? (chicos)<\/a><\/p>\n<p>&nbsp;<\/p>\n<p><a href=\"https:\/\/sortzen.org\/wp-content\/uploads\/2015\/01\/producto-gratis-guia-jovenes-violencia-sexista-chico-EUS.jpg\"><img decoding=\"async\" class=\"alignnone size-medium wp-image-316\" src=\"https:\/\/sortzen.org\/wp-content\/uploads\/2015\/01\/producto-gratis-guia-jovenes-violencia-sexista-chico-EUS-300x270.jpg\" alt=\"Guia &quot;Asi soy yo&quot; para chico en euskera en sortzen asesoria de empoderamiento de las mujeres en bilbao\" width=\"300\" height=\"270\" srcset=\"https:\/\/sortzen.org\/wp-content\/uploads\/2015\/01\/producto-gratis-guia-jovenes-violencia-sexista-chico-EUS-300x270.jpg 300w, https:\/\/sortzen.org\/wp-content\/uploads\/2015\/01\/producto-gratis-guia-jovenes-violencia-sexista-chico-EUS.jpg 500w\" sizes=\"(max-width: 300px) 100vw, 300px\" \/><\/a><\/p>\n<p><a href=\"https:\/\/sortzen.org\/wp-content\/uploads\/2018\/10\/guia-asisoyyo-chico-euskera.pdf\" target=\"_blank\" rel=\"noopener\">ZEIN MUNDUTAN BIZI NAIZ?<\/a><\/p>\n<p>&nbsp;<\/p>\n<p>Existencia en papel<\/p>\n<p>&nbsp;<\/p>\n<p>&nbsp;<\/p>","protected":false},"excerpt":{"rendered":"<p>&nbsp; Tema:\u00a0Sexismo y la violencia de g\u00e9nero entre los y las j\u00f3venes.\u00a0 &nbsp; Resumen:\u00a0Prevenir la violencia de g\u00e9nero en las relaciones de pareja entre j\u00f3venes, ofreciendo a \u00e9stas y \u00e9stos un material para entender, desear cambiar y poder cambiar esa violencia.\u00a0 &nbsp; A\u00f1o: 2010.\u00a0 \u00bfEN QU\u00c9 MUNDO VIVO? (chicos) &nbsp; ZEIN MUNDUTAN BIZI NAIZ? &nbsp; [&hellip;]<\/p>\n","protected":false},"author":4,"featured_media":320,"parent":0,"menu_order":0,"comment_status":"closed","ping_status":"closed","template":"","meta":{"footnotes":""},"class_list":["post-1615","page","type-page","status-publish","has-post-thumbnail","hentry"],"yoast_head":"<!-- This site is optimized with the Yoast SEO plugin v27.5 - https:\/\/yoast.com\/product\/yoast-seo-wordpress\/ -->\n<title>\u00bfEn qu\u00e9 mundo vivo? (chicos) - Sortzen<\/title>\n<meta name=\"robots\" content=\"index, follow, max-snippet:-1, max-image-preview:large, max-video-preview:-1\" \/>\n<link rel=\"canonical\" href=\"https:\/\/sortzen.org\/eu\/en-que-mundo-vivo-chicos\/\" \/>\n<meta property=\"og:locale\" content=\"en_US\" \/>\n<meta property=\"og:type\" content=\"article\" \/>\n<meta property=\"og:title\" content=\"\u00bfEn qu\u00e9 mundo vivo? (chicos) - Sortzen\" \/>\n<meta property=\"og:description\" content=\"&nbsp; Tema:\u00a0Sexismo y la violencia de g\u00e9nero entre los y las j\u00f3venes.\u00a0 &nbsp; Resumen:\u00a0Prevenir la violencia de g\u00e9nero en las relaciones de pareja entre j\u00f3venes, ofreciendo a \u00e9stas y \u00e9stos un material para entender, desear cambiar y poder cambiar esa violencia.\u00a0 &nbsp; A\u00f1o: 2010.\u00a0 \u00bfEN QU\u00c9 MUNDO VIVO? (chicos) &nbsp; ZEIN MUNDUTAN BIZI NAIZ? &nbsp; [&hellip;]\" \/>\n<meta property=\"og:url\" content=\"https:\/\/sortzen.org\/eu\/en-que-mundo-vivo-chicos\/\" \/>\n<meta property=\"og:site_name\" content=\"Sortzen\" \/>\n<meta property=\"article:modified_time\" content=\"2018-10-28T12:35:33+00:00\" \/>\n<meta property=\"og:image\" content=\"https:\/\/sortzen.org\/wp-content\/uploads\/2015\/01\/producto-gratis-guia-jovenes-violencia-sexista-chico-CAS.jpg\" \/>\n\t<meta property=\"og:image:width\" content=\"500\" \/>\n\t<meta property=\"og:image:height\" content=\"450\" \/>\n\t<meta property=\"og:image:type\" content=\"image\/jpeg\" \/>\n<script type=\"application\/ld+json\" class=\"yoast-schema-graph\">{\"@context\":\"https:\\\/\\\/schema.org\",\"@graph\":[{\"@type\":\"WebPage\",\"@id\":\"https:\\\/\\\/sortzen.org\\\/en-que-mundo-vivo-chicos\\\/\",\"url\":\"https:\\\/\\\/sortzen.org\\\/en-que-mundo-vivo-chicos\\\/\",\"name\":\"\u00bfEn qu\u00e9 mundo vivo? (chicos) - Sortzen\",\"isPartOf\":{\"@id\":\"https:\\\/\\\/sortzen.org\\\/#website\"},\"primaryImageOfPage\":{\"@id\":\"https:\\\/\\\/sortzen.org\\\/en-que-mundo-vivo-chicos\\\/#primaryimage\"},\"image\":{\"@id\":\"https:\\\/\\\/sortzen.org\\\/en-que-mundo-vivo-chicos\\\/#primaryimage\"},\"thumbnailUrl\":\"https:\\\/\\\/sortzen.org\\\/wp-content\\\/uploads\\\/2015\\\/01\\\/producto-gratis-guia-jovenes-violencia-sexista-chico-CAS.jpg\",\"datePublished\":\"2018-10-18T10:52:42+00:00\",\"dateModified\":\"2018-10-28T12:35:33+00:00\",\"breadcrumb\":{\"@id\":\"https:\\\/\\\/sortzen.org\\\/en-que-mundo-vivo-chicos\\\/#breadcrumb\"},\"inLanguage\":\"eu\",\"potentialAction\":[{\"@type\":\"ReadAction\",\"target\":[\"https:\\\/\\\/sortzen.org\\\/en-que-mundo-vivo-chicos\\\/\"]}]},{\"@type\":\"ImageObject\",\"inLanguage\":\"eu\",\"@id\":\"https:\\\/\\\/sortzen.org\\\/en-que-mundo-vivo-chicos\\\/#primaryimage\",\"url\":\"https:\\\/\\\/sortzen.org\\\/wp-content\\\/uploads\\\/2015\\\/01\\\/producto-gratis-guia-jovenes-violencia-sexista-chico-CAS.jpg\",\"contentUrl\":\"https:\\\/\\\/sortzen.org\\\/wp-content\\\/uploads\\\/2015\\\/01\\\/producto-gratis-guia-jovenes-violencia-sexista-chico-CAS.jpg\",\"width\":500,\"height\":450,\"caption\":\"Guia \\\"Asi soy yo\\\" para chico en castellano en sortzen consultoria de violencia machista en bilbao\"},{\"@type\":\"BreadcrumbList\",\"@id\":\"https:\\\/\\\/sortzen.org\\\/en-que-mundo-vivo-chicos\\\/#breadcrumb\",\"itemListElement\":[{\"@type\":\"ListItem\",\"position\":1,\"name\":\"Home\",\"item\":\"https:\\\/\\\/sortzen.org\\\/\"},{\"@type\":\"ListItem\",\"position\":2,\"name\":\"\u00bfEn qu\u00e9 mundo vivo? (chicos)\"}]},{\"@type\":\"WebSite\",\"@id\":\"https:\\\/\\\/sortzen.org\\\/#website\",\"url\":\"https:\\\/\\\/sortzen.org\\\/\",\"name\":\"Sortzen\",\"description\":\"Consultor\u00eda especializada en la prevenci\u00f3n y atenci\u00f3n de la violencia machista y los procesos de empoderamiento de las mujeres\",\"potentialAction\":[{\"@type\":\"SearchAction\",\"target\":{\"@type\":\"EntryPoint\",\"urlTemplate\":\"https:\\\/\\\/sortzen.org\\\/?s={search_term_string}\"},\"query-input\":{\"@type\":\"PropertyValueSpecification\",\"valueRequired\":true,\"valueName\":\"search_term_string\"}}],\"inLanguage\":\"eu\"}]}<\/script>\n<!-- \/ Yoast SEO plugin. -->","yoast_head_json":{"title":"\u00bfEn qu\u00e9 mundo vivo? (chicos) - Sortzen","robots":{"index":"index","follow":"follow","max-snippet":"max-snippet:-1","max-image-preview":"max-image-preview:large","max-video-preview":"max-video-preview:-1"},"canonical":"https:\/\/sortzen.org\/eu\/en-que-mundo-vivo-chicos\/","og_locale":"en_US","og_type":"article","og_title":"\u00bfEn qu\u00e9 mundo vivo? (chicos) - Sortzen","og_description":"&nbsp; Tema:\u00a0Sexismo y la violencia de g\u00e9nero entre los y las j\u00f3venes.\u00a0 &nbsp; Resumen:\u00a0Prevenir la violencia de g\u00e9nero en las relaciones de pareja entre j\u00f3venes, ofreciendo a \u00e9stas y \u00e9stos un material para entender, desear cambiar y poder cambiar esa violencia.\u00a0 &nbsp; A\u00f1o: 2010.\u00a0 \u00bfEN QU\u00c9 MUNDO VIVO? (chicos) &nbsp; ZEIN MUNDUTAN BIZI NAIZ? &nbsp; [&hellip;]","og_url":"https:\/\/sortzen.org\/eu\/en-que-mundo-vivo-chicos\/","og_site_name":"Sortzen","article_modified_time":"2018-10-28T12:35:33+00:00","og_image":[{"width":500,"height":450,"url":"https:\/\/sortzen.org\/wp-content\/uploads\/2015\/01\/producto-gratis-guia-jovenes-violencia-sexista-chico-CAS.jpg","type":"image\/jpeg"}],"schema":{"@context":"https:\/\/schema.org","@graph":[{"@type":"WebPage","@id":"https:\/\/sortzen.org\/en-que-mundo-vivo-chicos\/","url":"https:\/\/sortzen.org\/en-que-mundo-vivo-chicos\/","name":"\u00bfEn qu\u00e9 mundo vivo? (chicos) - Sortzen","isPartOf":{"@id":"https:\/\/sortzen.org\/#website"},"primaryImageOfPage":{"@id":"https:\/\/sortzen.org\/en-que-mundo-vivo-chicos\/#primaryimage"},"image":{"@id":"https:\/\/sortzen.org\/en-que-mundo-vivo-chicos\/#primaryimage"},"thumbnailUrl":"https:\/\/sortzen.org\/wp-content\/uploads\/2015\/01\/producto-gratis-guia-jovenes-violencia-sexista-chico-CAS.jpg","datePublished":"2018-10-18T10:52:42+00:00","dateModified":"2018-10-28T12:35:33+00:00","breadcrumb":{"@id":"https:\/\/sortzen.org\/en-que-mundo-vivo-chicos\/#breadcrumb"},"inLanguage":"eu","potentialAction":[{"@type":"ReadAction","target":["https:\/\/sortzen.org\/en-que-mundo-vivo-chicos\/"]}]},{"@type":"ImageObject","inLanguage":"eu","@id":"https:\/\/sortzen.org\/en-que-mundo-vivo-chicos\/#primaryimage","url":"https:\/\/sortzen.org\/wp-content\/uploads\/2015\/01\/producto-gratis-guia-jovenes-violencia-sexista-chico-CAS.jpg","contentUrl":"https:\/\/sortzen.org\/wp-content\/uploads\/2015\/01\/producto-gratis-guia-jovenes-violencia-sexista-chico-CAS.jpg","width":500,"height":450,"caption":"Guia \"Asi soy yo\" para chico en castellano en sortzen consultoria de violencia machista en bilbao"},{"@type":"BreadcrumbList","@id":"https:\/\/sortzen.org\/en-que-mundo-vivo-chicos\/#breadcrumb","itemListElement":[{"@type":"ListItem","position":1,"name":"Home","item":"https:\/\/sortzen.org\/"},{"@type":"ListItem","position":2,"name":"\u00bfEn qu\u00e9 mundo vivo? (chicos)"}]},{"@type":"WebSite","@id":"https:\/\/sortzen.org\/#website","url":"https:\/\/sortzen.org\/","name":"Sortzen","description":"Consultor\u00eda especializada en la prevenci\u00f3n y atenci\u00f3n de la violencia machista y los procesos de empoderamiento de las mujeres","potentialAction":[{"@type":"SearchAction","target":{"@type":"EntryPoint","urlTemplate":"https:\/\/sortzen.org\/?s={search_term_string}"},"query-input":{"@type":"PropertyValueSpecification","valueRequired":true,"valueName":"search_term_string"}}],"inLanguage":"eu"}]}},"_links":{"self":[{"href":"https:\/\/sortzen.org\/eu\/wp-json\/wp\/v2\/pages\/1615","targetHints":{"allow":["GET"]}}],"collection":[{"href":"https:\/\/sortzen.org\/eu\/wp-json\/wp\/v2\/pages"}],"about":[{"href":"https:\/\/sortzen.org\/eu\/wp-json\/wp\/v2\/types\/page"}],"author":[{"embeddable":true,"href":"https:\/\/sortzen.org\/eu\/wp-json\/wp\/v2\/users\/4"}],"replies":[{"embeddable":true,"href":"https:\/\/sortzen.org\/eu\/wp-json\/wp\/v2\/comments?post=1615"}],"version-history":[{"count":0,"href":"https:\/\/sortzen.org\/eu\/wp-json\/wp\/v2\/pages\/1615\/revisions"}],"wp:featuredmedia":[{"embeddable":true,"href":"https:\/\/sortzen.org\/eu\/wp-json\/wp\/v2\/media\/320"}],"wp:attachment":[{"href":"https:\/\/sortzen.org\/eu\/wp-json\/wp\/v2\/media?parent=1615"}],"curies":[{"name":"wp","href":"https:\/\/api.w.org\/{rel}","templated":true}]}}