{"id":1886,"date":"2018-10-28T13:24:07","date_gmt":"2018-10-28T12:24:07","guid":{"rendered":"https:\/\/sortzen.org\/?page_id=1886"},"modified":"2018-10-28T19:38:45","modified_gmt":"2018-10-28T18:38:45","slug":"trabajo-en-igualdad","status":"publish","type":"page","link":"https:\/\/sortzen.org\/eu\/trabajo-en-igualdad\/","title":{"rendered":"ASISTENCIA T\u00c9CNICA: IGUALDAD"},"content":{"rendered":"<p><strong><span style=\"font-size: 24pt;\"><a href=\"https:\/\/sortzen.org\/wp-content\/uploads\/2018\/10\/Asistencia-te\u0301cnica_-Igualdad.png\"><img fetchpriority=\"high\" decoding=\"async\" class=\"alignnone size-medium wp-image-1930\" src=\"https:\/\/sortzen.org\/wp-content\/uploads\/2018\/10\/Asistencia-te\u0301cnica_-Igualdad-300x300.png\" alt=\"\" width=\"300\" height=\"300\" srcset=\"https:\/\/sortzen.org\/wp-content\/uploads\/2018\/10\/Asistencia-te\u0301cnica_-Igualdad-300x300.png 300w, https:\/\/sortzen.org\/wp-content\/uploads\/2018\/10\/Asistencia-te\u0301cnica_-Igualdad-150x150.png 150w, https:\/\/sortzen.org\/wp-content\/uploads\/2018\/10\/Asistencia-te\u0301cnica_-Igualdad-768x768.png 768w, https:\/\/sortzen.org\/wp-content\/uploads\/2018\/10\/Asistencia-te\u0301cnica_-Igualdad.png 800w\" sizes=\"(max-width: 300px) 100vw, 300px\" \/><\/a><\/span><\/strong><\/p>\n<p>&nbsp;<\/p>\n<ul style=\"text-align: justify;\">\n<li style=\"font-weight: 400;\"><span style=\"font-size: 18pt;\"><b>Diagn\u00f3sticos de igualdad: <\/b><span style=\"font-weight: 400;\">Ea (2017).<\/span><\/span><\/li>\n<\/ul>\n<ul style=\"text-align: justify;\">\n<li style=\"font-weight: 400;\"><span style=\"font-size: 18pt;\"><b>Evaluaciones de Planes de Igualdad:<\/b><span style=\"font-weight: 400;\"> Vitoria-Gasteiz (2012).<\/span><\/span><\/li>\n<\/ul>\n<ul style=\"text-align: justify;\">\n<li style=\"font-weight: 400;\"><span style=\"font-size: 18pt;\"><b>Asistencia t\u00e9cnica en la elaboraci\u00f3n y contraste de Planes de Igualdad: <\/b><span style=\"font-weight: 400;\">Vitoria-Gasteiz (2017); Ea (2017); Diputaci\u00f3n Foral de \u00c1lava, apartado Violencia contra las mujeres y otras violencias machistas del IV Plan (2016).<\/span><\/span><\/li>\n<\/ul>\n<ul style=\"text-align: justify;\">\n<li style=\"font-weight: 400;\"><span style=\"font-size: 18pt;\"><b>Seguimientos y asistencia t\u00e9cnica a los Planes de Igualdad: <\/b><span style=\"font-weight: 400;\">Ea (2018).<\/span><\/span><\/li>\n<\/ul>","protected":false},"excerpt":{"rendered":"<p>&nbsp; Diagn\u00f3sticos de igualdad: Ea (2017). Evaluaciones de Planes de Igualdad: Vitoria-Gasteiz (2012). Asistencia t\u00e9cnica en la elaboraci\u00f3n y contraste de Planes de Igualdad: Vitoria-Gasteiz (2017); Ea (2017); Diputaci\u00f3n Foral de \u00c1lava, apartado Violencia contra las mujeres y otras violencias machistas del IV Plan (2016). Seguimientos y asistencia t\u00e9cnica a los Planes de Igualdad: Ea [&hellip;]<\/p>\n","protected":false},"author":4,"featured_media":0,"parent":0,"menu_order":0,"comment_status":"closed","ping_status":"closed","template":"","meta":{"footnotes":""},"class_list":["post-1886","page","type-page","status-publish","hentry"],"yoast_head":"<!-- This site is optimized with the Yoast SEO plugin v27.5 - https:\/\/yoast.com\/product\/yoast-seo-wordpress\/ -->\n<title>ASISTENCIA T\u00c9CNICA: IGUALDAD - Sortzen<\/title>\n<meta name=\"robots\" content=\"index, follow, max-snippet:-1, max-image-preview:large, max-video-preview:-1\" \/>\n<link rel=\"canonical\" href=\"https:\/\/sortzen.org\/eu\/trabajo-en-igualdad\/\" \/>\n<meta property=\"og:locale\" content=\"en_US\" \/>\n<meta property=\"og:type\" content=\"article\" \/>\n<meta property=\"og:title\" content=\"ASISTENCIA T\u00c9CNICA: IGUALDAD - Sortzen\" \/>\n<meta property=\"og:description\" content=\"&nbsp; Diagn\u00f3sticos de igualdad: Ea (2017). Evaluaciones de Planes de Igualdad: Vitoria-Gasteiz (2012). Asistencia t\u00e9cnica en la elaboraci\u00f3n y contraste de Planes de Igualdad: Vitoria-Gasteiz (2017); Ea (2017); Diputaci\u00f3n Foral de \u00c1lava, apartado Violencia contra las mujeres y otras violencias machistas del IV Plan (2016). Seguimientos y asistencia t\u00e9cnica a los Planes de Igualdad: Ea [&hellip;]\" \/>\n<meta property=\"og:url\" content=\"https:\/\/sortzen.org\/eu\/trabajo-en-igualdad\/\" \/>\n<meta property=\"og:site_name\" content=\"Sortzen\" \/>\n<meta property=\"article:modified_time\" content=\"2018-10-28T18:38:45+00:00\" \/>\n<script type=\"application\/ld+json\" class=\"yoast-schema-graph\">{\"@context\":\"https:\\\/\\\/schema.org\",\"@graph\":[{\"@type\":\"WebPage\",\"@id\":\"https:\\\/\\\/sortzen.org\\\/trabajo-en-igualdad\\\/\",\"url\":\"https:\\\/\\\/sortzen.org\\\/trabajo-en-igualdad\\\/\",\"name\":\"ASISTENCIA T\u00c9CNICA: IGUALDAD - Sortzen\",\"isPartOf\":{\"@id\":\"https:\\\/\\\/sortzen.org\\\/#website\"},\"datePublished\":\"2018-10-28T12:24:07+00:00\",\"dateModified\":\"2018-10-28T18:38:45+00:00\",\"breadcrumb\":{\"@id\":\"https:\\\/\\\/sortzen.org\\\/trabajo-en-igualdad\\\/#breadcrumb\"},\"inLanguage\":\"eu\",\"potentialAction\":[{\"@type\":\"ReadAction\",\"target\":[\"https:\\\/\\\/sortzen.org\\\/trabajo-en-igualdad\\\/\"]}]},{\"@type\":\"BreadcrumbList\",\"@id\":\"https:\\\/\\\/sortzen.org\\\/trabajo-en-igualdad\\\/#breadcrumb\",\"itemListElement\":[{\"@type\":\"ListItem\",\"position\":1,\"name\":\"Home\",\"item\":\"https:\\\/\\\/sortzen.org\\\/\"},{\"@type\":\"ListItem\",\"position\":2,\"name\":\"ASISTENCIA T\u00c9CNICA: IGUALDAD\"}]},{\"@type\":\"WebSite\",\"@id\":\"https:\\\/\\\/sortzen.org\\\/#website\",\"url\":\"https:\\\/\\\/sortzen.org\\\/\",\"name\":\"Sortzen\",\"description\":\"Consultor\u00eda especializada en la prevenci\u00f3n y atenci\u00f3n de la violencia machista y los procesos de empoderamiento de las mujeres\",\"potentialAction\":[{\"@type\":\"SearchAction\",\"target\":{\"@type\":\"EntryPoint\",\"urlTemplate\":\"https:\\\/\\\/sortzen.org\\\/?s={search_term_string}\"},\"query-input\":{\"@type\":\"PropertyValueSpecification\",\"valueRequired\":true,\"valueName\":\"search_term_string\"}}],\"inLanguage\":\"eu\"}]}<\/script>\n<!-- \/ Yoast SEO plugin. -->","yoast_head_json":{"title":"ASISTENCIA T\u00c9CNICA: IGUALDAD - Sortzen","robots":{"index":"index","follow":"follow","max-snippet":"max-snippet:-1","max-image-preview":"max-image-preview:large","max-video-preview":"max-video-preview:-1"},"canonical":"https:\/\/sortzen.org\/eu\/trabajo-en-igualdad\/","og_locale":"en_US","og_type":"article","og_title":"ASISTENCIA T\u00c9CNICA: IGUALDAD - Sortzen","og_description":"&nbsp; Diagn\u00f3sticos de igualdad: Ea (2017). Evaluaciones de Planes de Igualdad: Vitoria-Gasteiz (2012). Asistencia t\u00e9cnica en la elaboraci\u00f3n y contraste de Planes de Igualdad: Vitoria-Gasteiz (2017); Ea (2017); Diputaci\u00f3n Foral de \u00c1lava, apartado Violencia contra las mujeres y otras violencias machistas del IV Plan (2016). Seguimientos y asistencia t\u00e9cnica a los Planes de Igualdad: Ea [&hellip;]","og_url":"https:\/\/sortzen.org\/eu\/trabajo-en-igualdad\/","og_site_name":"Sortzen","article_modified_time":"2018-10-28T18:38:45+00:00","schema":{"@context":"https:\/\/schema.org","@graph":[{"@type":"WebPage","@id":"https:\/\/sortzen.org\/trabajo-en-igualdad\/","url":"https:\/\/sortzen.org\/trabajo-en-igualdad\/","name":"ASISTENCIA T\u00c9CNICA: IGUALDAD - Sortzen","isPartOf":{"@id":"https:\/\/sortzen.org\/#website"},"datePublished":"2018-10-28T12:24:07+00:00","dateModified":"2018-10-28T18:38:45+00:00","breadcrumb":{"@id":"https:\/\/sortzen.org\/trabajo-en-igualdad\/#breadcrumb"},"inLanguage":"eu","potentialAction":[{"@type":"ReadAction","target":["https:\/\/sortzen.org\/trabajo-en-igualdad\/"]}]},{"@type":"BreadcrumbList","@id":"https:\/\/sortzen.org\/trabajo-en-igualdad\/#breadcrumb","itemListElement":[{"@type":"ListItem","position":1,"name":"Home","item":"https:\/\/sortzen.org\/"},{"@type":"ListItem","position":2,"name":"ASISTENCIA T\u00c9CNICA: IGUALDAD"}]},{"@type":"WebSite","@id":"https:\/\/sortzen.org\/#website","url":"https:\/\/sortzen.org\/","name":"Sortzen","description":"Consultor\u00eda especializada en la prevenci\u00f3n y atenci\u00f3n de la violencia machista y los procesos de empoderamiento de las mujeres","potentialAction":[{"@type":"SearchAction","target":{"@type":"EntryPoint","urlTemplate":"https:\/\/sortzen.org\/?s={search_term_string}"},"query-input":{"@type":"PropertyValueSpecification","valueRequired":true,"valueName":"search_term_string"}}],"inLanguage":"eu"}]}},"_links":{"self":[{"href":"https:\/\/sortzen.org\/eu\/wp-json\/wp\/v2\/pages\/1886","targetHints":{"allow":["GET"]}}],"collection":[{"href":"https:\/\/sortzen.org\/eu\/wp-json\/wp\/v2\/pages"}],"about":[{"href":"https:\/\/sortzen.org\/eu\/wp-json\/wp\/v2\/types\/page"}],"author":[{"embeddable":true,"href":"https:\/\/sortzen.org\/eu\/wp-json\/wp\/v2\/users\/4"}],"replies":[{"embeddable":true,"href":"https:\/\/sortzen.org\/eu\/wp-json\/wp\/v2\/comments?post=1886"}],"version-history":[{"count":0,"href":"https:\/\/sortzen.org\/eu\/wp-json\/wp\/v2\/pages\/1886\/revisions"}],"wp:attachment":[{"href":"https:\/\/sortzen.org\/eu\/wp-json\/wp\/v2\/media?parent=1886"}],"curies":[{"name":"wp","href":"https:\/\/api.w.org\/{rel}","templated":true}]}}