{"id":246,"date":"2015-01-16T10:56:09","date_gmt":"2015-01-16T09:56:09","guid":{"rendered":"http:\/\/sortzen.org\/wp\/producto\/genealogia-de-las-cuidadoras-euskera\/"},"modified":"2015-02-10T14:35:13","modified_gmt":"2015-02-10T13:35:13","slug":"zaintzaileen-genealogia-euskera","status":"publish","type":"product","link":"https:\/\/sortzen.org\/eu\/produktua\/zaintzaileen-genealogia-euskera\/","title":{"rendered":"Zaintzaileen Genealogia Euskera"},"content":{"rendered":"<p><strong>Material de reflexi\u00f3n<\/strong> dirigido a todas las personas, <strong>mujeres y\u00a0hombres<\/strong> que quieran construir una <strong>sociedad m\u00e1s solidaria<\/strong>, y que comprenden que\u00a0el valor del <strong>cuidado es primordial<\/strong> porque es el valor de la vida misma. Creemos que una\u00a0sociedad que no comprende esto est\u00e1 condenada a repetir las injusticias una y otra vez.<\/p>\n<p>Este <strong>material<\/strong> fue hecho para difundirse y que con ello se pueda <strong>sensibilizar<\/strong>, <strong>debatir<\/strong> y\u00a0<strong>tomar conciencia<\/strong> de una realidad. Forma parte de un proyecto m\u00e1s amplio de<strong> apoyo\u00a0a las mujeres inmigrantes<\/strong>, las de antes y las de ahora, porque el hecho de migrar\u00a0es una decisi\u00f3n que no debe implicar recorte de derechos fundamentales y porque con\u00a0sus cuidados, est\u00e1n sosteniendo la vida.<\/p>","protected":false},"excerpt":{"rendered":"<p><strong>Investigaci\u00f3n<\/strong> conjunta de <strong>Mujeres con Voz<\/strong> y <strong>Sortzen Consultor\u00eda<\/strong>.<\/p>\n<p><strong>Tema:<\/strong> Genealog\u00eda de las cuidadoras \u00bfQuien y como nos cuidan?<\/p>\n<p><strong>Material de reflexi\u00f3n<\/strong> dirigido a todas las personas, <strong>mujeres y\u00a0hombres<\/strong> que quieran construir una <strong>sociedad m\u00e1s solidaria<\/strong>, y que comprenden que\u00a0el valor del cuidado es primordial porque es el valor de la vida misma. Creemos que una\u00a0sociedad que no comprende esto est\u00e1 condenada a repetir las injusticias una y otra vez.<\/p>\n<p><span style=\"font-size: 14pt;\"><strong>* Producto descargable<\/strong><\/span>. Podr\u00e1 iniciar la descarga de este material desde la p\u00e1gina <strong>\u00abCompra Finalizada \u00ab<\/strong> o en el \u00ab<strong>Recibo de tu pedido\u00bb<\/strong>\u00a0en su correo electr\u00f3nico<\/p>","protected":false},"featured_media":250,"comment_status":"open","ping_status":"closed","template":"","meta":[],"product_brand":[],"product_cat":[16],"product_tag":[],"class_list":{"0":"post-246","1":"product","2":"type-product","3":"status-publish","4":"has-post-thumbnail","6":"product_cat-material-gratuito","8":"first","9":"instock","10":"downloadable","11":"shipping-taxable","12":"purchasable","13":"product-type-simple"},"yoast_head":"<!-- This site is optimized with the Yoast SEO plugin v27.5 - https:\/\/yoast.com\/product\/yoast-seo-wordpress\/ -->\n<title>Zaintzaileen Genealogia - Sortzen Consultor\u00eda<\/title>\n<meta name=\"description\" content=\"Investigaci\u00f3n sobre la Genealog\u00eda de las Cuidadoras en Sortzen consultoria y asesoria de igualdad de genero y empoderamiento de las mujeres.\" \/>\n<meta name=\"robots\" content=\"index, follow, max-snippet:-1, max-image-preview:large, max-video-preview:-1\" \/>\n<link rel=\"canonical\" href=\"https:\/\/sortzen.org\/eu\/produktua\/zaintzaileen-genealogia-euskera\/\" \/>\n<meta property=\"og:locale\" content=\"en_US\" \/>\n<meta property=\"og:type\" content=\"article\" \/>\n<meta property=\"og:title\" content=\"Zaintzaileen Genealogia - Sortzen Consultor\u00eda\" \/>\n<meta property=\"og:description\" content=\"Investigaci\u00f3n sobre la Genealog\u00eda de las Cuidadoras en Sortzen consultoria y asesoria de igualdad de genero y empoderamiento de las mujeres.\" \/>\n<meta property=\"og:url\" content=\"https:\/\/sortzen.org\/eu\/produktua\/zaintzaileen-genealogia-euskera\/\" \/>\n<meta property=\"og:site_name\" content=\"Sortzen\" \/>\n<meta property=\"article:modified_time\" content=\"2015-02-10T13:35:13+00:00\" \/>\n<meta property=\"og:image\" content=\"https:\/\/sortzen.org\/wp-content\/uploads\/2015\/01\/producto-sortzen-genealogia-euskera.jpg\" \/>\n\t<meta property=\"og:image:width\" content=\"500\" \/>\n\t<meta property=\"og:image:height\" content=\"500\" \/>\n\t<meta property=\"og:image:type\" content=\"image\/jpeg\" \/>\n<meta name=\"twitter:label1\" content=\"Est. reading time\" \/>\n\t<meta name=\"twitter:data1\" content=\"1 minutua\" \/>\n<script type=\"application\/ld+json\" class=\"yoast-schema-graph\">{\"@context\":\"https:\\\/\\\/schema.org\",\"@graph\":[{\"@type\":\"WebPage\",\"@id\":\"https:\\\/\\\/sortzen.org\\\/producto\\\/zaintzaileen-genealogia-euskera\\\/\",\"url\":\"https:\\\/\\\/sortzen.org\\\/producto\\\/zaintzaileen-genealogia-euskera\\\/\",\"name\":\"Zaintzaileen Genealogia - Sortzen Consultor\u00eda\",\"isPartOf\":{\"@id\":\"https:\\\/\\\/sortzen.org\\\/#website\"},\"primaryImageOfPage\":{\"@id\":\"https:\\\/\\\/sortzen.org\\\/producto\\\/zaintzaileen-genealogia-euskera\\\/#primaryimage\"},\"image\":{\"@id\":\"https:\\\/\\\/sortzen.org\\\/producto\\\/zaintzaileen-genealogia-euskera\\\/#primaryimage\"},\"thumbnailUrl\":\"https:\\\/\\\/sortzen.org\\\/wp-content\\\/uploads\\\/2015\\\/01\\\/producto-sortzen-genealogia-euskera.jpg\",\"datePublished\":\"2015-01-16T09:56:09+00:00\",\"dateModified\":\"2015-02-10T13:35:13+00:00\",\"description\":\"Investigaci\u00f3n sobre la Genealog\u00eda de las Cuidadoras en Sortzen consultoria y asesoria de igualdad de genero y empoderamiento de las mujeres.\",\"breadcrumb\":{\"@id\":\"https:\\\/\\\/sortzen.org\\\/producto\\\/zaintzaileen-genealogia-euskera\\\/#breadcrumb\"},\"inLanguage\":\"eu\",\"potentialAction\":[{\"@type\":\"ReadAction\",\"target\":[\"https:\\\/\\\/sortzen.org\\\/producto\\\/zaintzaileen-genealogia-euskera\\\/\"]}]},{\"@type\":\"ImageObject\",\"inLanguage\":\"eu\",\"@id\":\"https:\\\/\\\/sortzen.org\\\/producto\\\/zaintzaileen-genealogia-euskera\\\/#primaryimage\",\"url\":\"https:\\\/\\\/sortzen.org\\\/wp-content\\\/uploads\\\/2015\\\/01\\\/producto-sortzen-genealogia-euskera.jpg\",\"contentUrl\":\"https:\\\/\\\/sortzen.org\\\/wp-content\\\/uploads\\\/2015\\\/01\\\/producto-sortzen-genealogia-euskera.jpg\",\"width\":500,\"height\":500,\"caption\":\"genealogia de las cuidadoras en eukera con sortzen consultoria de igualdad en bilbao\"},{\"@type\":\"BreadcrumbList\",\"@id\":\"https:\\\/\\\/sortzen.org\\\/producto\\\/zaintzaileen-genealogia-euskera\\\/#breadcrumb\",\"itemListElement\":[{\"@type\":\"ListItem\",\"position\":1,\"name\":\"Home\",\"item\":\"https:\\\/\\\/sortzen.org\\\/\"},{\"@type\":\"ListItem\",\"position\":2,\"name\":\"Privado: Tienda\",\"item\":\"https:\\\/\\\/sortzen.org\\\/?page_id=42\"},{\"@type\":\"ListItem\",\"position\":3,\"name\":\"Zaintzaileen Genealogia Euskera\"}]},{\"@type\":\"WebSite\",\"@id\":\"https:\\\/\\\/sortzen.org\\\/#website\",\"url\":\"https:\\\/\\\/sortzen.org\\\/\",\"name\":\"Sortzen\",\"description\":\"Consultor\u00eda especializada en la prevenci\u00f3n y atenci\u00f3n de la violencia machista y los procesos de empoderamiento de las mujeres\",\"potentialAction\":[{\"@type\":\"SearchAction\",\"target\":{\"@type\":\"EntryPoint\",\"urlTemplate\":\"https:\\\/\\\/sortzen.org\\\/?s={search_term_string}\"},\"query-input\":{\"@type\":\"PropertyValueSpecification\",\"valueRequired\":true,\"valueName\":\"search_term_string\"}}],\"inLanguage\":\"eu\"}]}<\/script>\n<!-- \/ Yoast SEO plugin. -->","yoast_head_json":{"title":"Zaintzaileen Genealogia - Sortzen Consultor\u00eda","description":"Investigaci\u00f3n sobre la Genealog\u00eda de las Cuidadoras en Sortzen consultoria y asesoria de igualdad de genero y empoderamiento de las mujeres.","robots":{"index":"index","follow":"follow","max-snippet":"max-snippet:-1","max-image-preview":"max-image-preview:large","max-video-preview":"max-video-preview:-1"},"canonical":"https:\/\/sortzen.org\/eu\/produktua\/zaintzaileen-genealogia-euskera\/","og_locale":"en_US","og_type":"article","og_title":"Zaintzaileen Genealogia - Sortzen Consultor\u00eda","og_description":"Investigaci\u00f3n sobre la Genealog\u00eda de las Cuidadoras en Sortzen consultoria y asesoria de igualdad de genero y empoderamiento de las mujeres.","og_url":"https:\/\/sortzen.org\/eu\/produktua\/zaintzaileen-genealogia-euskera\/","og_site_name":"Sortzen","article_modified_time":"2015-02-10T13:35:13+00:00","og_image":[{"width":500,"height":500,"url":"https:\/\/sortzen.org\/wp-content\/uploads\/2015\/01\/producto-sortzen-genealogia-euskera.jpg","type":"image\/jpeg"}],"twitter_misc":{"Est. reading time":"1 minutua"},"schema":{"@context":"https:\/\/schema.org","@graph":[{"@type":"WebPage","@id":"https:\/\/sortzen.org\/producto\/zaintzaileen-genealogia-euskera\/","url":"https:\/\/sortzen.org\/producto\/zaintzaileen-genealogia-euskera\/","name":"Zaintzaileen Genealogia - Sortzen Consultor\u00eda","isPartOf":{"@id":"https:\/\/sortzen.org\/#website"},"primaryImageOfPage":{"@id":"https:\/\/sortzen.org\/producto\/zaintzaileen-genealogia-euskera\/#primaryimage"},"image":{"@id":"https:\/\/sortzen.org\/producto\/zaintzaileen-genealogia-euskera\/#primaryimage"},"thumbnailUrl":"https:\/\/sortzen.org\/wp-content\/uploads\/2015\/01\/producto-sortzen-genealogia-euskera.jpg","datePublished":"2015-01-16T09:56:09+00:00","dateModified":"2015-02-10T13:35:13+00:00","description":"Investigaci\u00f3n sobre la Genealog\u00eda de las Cuidadoras en Sortzen consultoria y asesoria de igualdad de genero y empoderamiento de las mujeres.","breadcrumb":{"@id":"https:\/\/sortzen.org\/producto\/zaintzaileen-genealogia-euskera\/#breadcrumb"},"inLanguage":"eu","potentialAction":[{"@type":"ReadAction","target":["https:\/\/sortzen.org\/producto\/zaintzaileen-genealogia-euskera\/"]}]},{"@type":"ImageObject","inLanguage":"eu","@id":"https:\/\/sortzen.org\/producto\/zaintzaileen-genealogia-euskera\/#primaryimage","url":"https:\/\/sortzen.org\/wp-content\/uploads\/2015\/01\/producto-sortzen-genealogia-euskera.jpg","contentUrl":"https:\/\/sortzen.org\/wp-content\/uploads\/2015\/01\/producto-sortzen-genealogia-euskera.jpg","width":500,"height":500,"caption":"genealogia de las cuidadoras en eukera con sortzen consultoria de igualdad en bilbao"},{"@type":"BreadcrumbList","@id":"https:\/\/sortzen.org\/producto\/zaintzaileen-genealogia-euskera\/#breadcrumb","itemListElement":[{"@type":"ListItem","position":1,"name":"Home","item":"https:\/\/sortzen.org\/"},{"@type":"ListItem","position":2,"name":"Privado: Tienda","item":"https:\/\/sortzen.org\/?page_id=42"},{"@type":"ListItem","position":3,"name":"Zaintzaileen Genealogia Euskera"}]},{"@type":"WebSite","@id":"https:\/\/sortzen.org\/#website","url":"https:\/\/sortzen.org\/","name":"Sortzen","description":"Consultor\u00eda especializada en la prevenci\u00f3n y atenci\u00f3n de la violencia machista y los procesos de empoderamiento de las mujeres","potentialAction":[{"@type":"SearchAction","target":{"@type":"EntryPoint","urlTemplate":"https:\/\/sortzen.org\/?s={search_term_string}"},"query-input":{"@type":"PropertyValueSpecification","valueRequired":true,"valueName":"search_term_string"}}],"inLanguage":"eu"}]}},"_links":{"self":[{"href":"https:\/\/sortzen.org\/eu\/wp-json\/wp\/v2\/product\/246","targetHints":{"allow":["GET"]}}],"collection":[{"href":"https:\/\/sortzen.org\/eu\/wp-json\/wp\/v2\/product"}],"about":[{"href":"https:\/\/sortzen.org\/eu\/wp-json\/wp\/v2\/types\/product"}],"replies":[{"embeddable":true,"href":"https:\/\/sortzen.org\/eu\/wp-json\/wp\/v2\/comments?post=246"}],"wp:featuredmedia":[{"embeddable":true,"href":"https:\/\/sortzen.org\/eu\/wp-json\/wp\/v2\/media\/250"}],"wp:attachment":[{"href":"https:\/\/sortzen.org\/eu\/wp-json\/wp\/v2\/media?parent=246"}],"wp:term":[{"taxonomy":"product_brand","embeddable":true,"href":"https:\/\/sortzen.org\/eu\/wp-json\/wp\/v2\/product_brand?post=246"},{"taxonomy":"product_cat","embeddable":true,"href":"https:\/\/sortzen.org\/eu\/wp-json\/wp\/v2\/product_cat?post=246"},{"taxonomy":"product_tag","embeddable":true,"href":"https:\/\/sortzen.org\/eu\/wp-json\/wp\/v2\/product_tag?post=246"}],"curies":[{"name":"wp","href":"https:\/\/api.w.org\/{rel}","templated":true}]}}