{"id":315,"date":"2015-01-26T12:48:34","date_gmt":"2015-01-26T11:48:34","guid":{"rendered":"http:\/\/sortzen.org\/wp\/producto\/guia-asi-soy-yo-para-chico-euskera-copiar\/"},"modified":"2015-02-10T14:29:52","modified_gmt":"2015-02-10T13:29:52","slug":"zein-mundutan-bizi-naiz-chico-euskera","status":"publish","type":"product","link":"https:\/\/sortzen.org\/eu\/produktua\/zein-mundutan-bizi-naiz-chico-euskera\/","title":{"rendered":"\u00abZein mundutan bizi naiz?\u00bb para chico Euskera"},"content":{"rendered":"<p>&nbsp;<\/p>\n<p>Estos desplegables son una <strong>peque\u00f1a gu\u00eda<\/strong> para que los y las j\u00f3venes\u00a0<strong>eviten el sexismo<\/strong> y la violencia de g\u00e9nero.<\/p>\n<p>Tanto el <strong>dise\u00f1o<\/strong> como el\u00a0<strong>contenido<\/strong> han sido pensados para sintonizar con este colectivo. Tanto en el<strong> lenguaje<\/strong> como en las <strong>formas<\/strong>, hemos tratado de hacer un material que <strong>chicos<\/strong> y<strong> chicas<\/strong> j\u00f3venes puedan manejar f\u00e1cilmente, para normalizar algunos sentimientos, analizar pensamientos y prevenir conductas de riesgo.<\/p>","protected":false},"excerpt":{"rendered":"<p><strong>Desplegable<\/strong>\u00a0para que los y las j\u00f3venes\u00a0<strong>eviten el sexismo<\/strong> y la violencia de g\u00e9nero.<\/p>\n<p><strong>Tema:<\/strong>\u00a0<strong>Sexismo<\/strong> y la violencia de g\u00e9nero entre los y las j\u00f3venes<\/p>\n<p>Estos desplegables son una <strong>peque\u00f1a gu\u00eda<\/strong> para que los y las j\u00f3venes\u00a0<strong>eviten el sexismo<\/strong> y la violencia de g\u00e9nero. Tanto el <strong>dise\u00f1o<\/strong> como el\u00a0<strong>contenido<\/strong> han sido pensados para sintonizar con este colectivo.<\/p>\n<p><span style=\"font-size: 14pt;\"><strong>* Producto descargable<\/strong><\/span>. Podr\u00e1 iniciar la descarga de este material desde el \u00ab<strong>Recibo de tu pedido\u00bb<\/strong>\u00a0en su correo electr\u00f3nico<\/p>","protected":false},"featured_media":316,"comment_status":"open","ping_status":"closed","template":"","meta":[],"product_brand":[],"product_cat":[16],"product_tag":[],"class_list":{"0":"post-315","1":"product","2":"type-product","3":"status-publish","4":"has-post-thumbnail","6":"product_cat-material-gratuito","8":"first","9":"instock","10":"downloadable","11":"shipping-taxable","12":"purchasable","13":"product-type-simple"},"yoast_head":"<!-- This site is optimized with the Yoast SEO plugin v27.5 - https:\/\/yoast.com\/product\/yoast-seo-wordpress\/ -->\n<title>&quot;Zein mundutan bizi naiz?&quot; para chico Euskera - Sortzen<\/title>\n<meta name=\"description\" content=\"Desplegable para que los y las j\u00f3venes eviten el sexismo y la violencia de g\u00e9nero en Sortzen consultoria y asesoria de igualdad de genero.\" \/>\n<meta name=\"robots\" content=\"index, follow, max-snippet:-1, max-image-preview:large, max-video-preview:-1\" \/>\n<link rel=\"canonical\" href=\"https:\/\/sortzen.org\/eu\/produktua\/zein-mundutan-bizi-naiz-chico-euskera\/\" \/>\n<meta property=\"og:locale\" content=\"en_US\" \/>\n<meta property=\"og:type\" content=\"article\" \/>\n<meta property=\"og:title\" content=\"&quot;Zein mundutan bizi naiz?&quot; para chico Euskera - Sortzen\" \/>\n<meta property=\"og:description\" content=\"Desplegable para que los y las j\u00f3venes eviten el sexismo y la violencia de g\u00e9nero en Sortzen consultoria y asesoria de igualdad de genero.\" \/>\n<meta property=\"og:url\" content=\"https:\/\/sortzen.org\/eu\/produktua\/zein-mundutan-bizi-naiz-chico-euskera\/\" \/>\n<meta property=\"og:site_name\" content=\"Sortzen\" \/>\n<meta property=\"article:modified_time\" content=\"2015-02-10T13:29:52+00:00\" \/>\n<meta property=\"og:image\" content=\"https:\/\/sortzen.org\/wp-content\/uploads\/2015\/01\/producto-gratis-guia-jovenes-violencia-sexista-chico-EUS.jpg\" \/>\n\t<meta property=\"og:image:width\" content=\"500\" \/>\n\t<meta property=\"og:image:height\" content=\"450\" \/>\n\t<meta property=\"og:image:type\" content=\"image\/jpeg\" \/>\n<script type=\"application\/ld+json\" class=\"yoast-schema-graph\">{\"@context\":\"https:\\\/\\\/schema.org\",\"@graph\":[{\"@type\":\"WebPage\",\"@id\":\"https:\\\/\\\/sortzen.org\\\/producto\\\/zein-mundutan-bizi-naiz-chico-euskera\\\/\",\"url\":\"https:\\\/\\\/sortzen.org\\\/producto\\\/zein-mundutan-bizi-naiz-chico-euskera\\\/\",\"name\":\"\\\"Zein mundutan bizi naiz?\\\" para chico Euskera - Sortzen\",\"isPartOf\":{\"@id\":\"https:\\\/\\\/sortzen.org\\\/#website\"},\"primaryImageOfPage\":{\"@id\":\"https:\\\/\\\/sortzen.org\\\/producto\\\/zein-mundutan-bizi-naiz-chico-euskera\\\/#primaryimage\"},\"image\":{\"@id\":\"https:\\\/\\\/sortzen.org\\\/producto\\\/zein-mundutan-bizi-naiz-chico-euskera\\\/#primaryimage\"},\"thumbnailUrl\":\"https:\\\/\\\/sortzen.org\\\/wp-content\\\/uploads\\\/2015\\\/01\\\/producto-gratis-guia-jovenes-violencia-sexista-chico-EUS.jpg\",\"datePublished\":\"2015-01-26T11:48:34+00:00\",\"dateModified\":\"2015-02-10T13:29:52+00:00\",\"description\":\"Desplegable para que los y las j\u00f3venes eviten el sexismo y la violencia de g\u00e9nero en Sortzen consultoria y asesoria de igualdad de genero.\",\"breadcrumb\":{\"@id\":\"https:\\\/\\\/sortzen.org\\\/producto\\\/zein-mundutan-bizi-naiz-chico-euskera\\\/#breadcrumb\"},\"inLanguage\":\"eu\",\"potentialAction\":[{\"@type\":\"ReadAction\",\"target\":[\"https:\\\/\\\/sortzen.org\\\/producto\\\/zein-mundutan-bizi-naiz-chico-euskera\\\/\"]}]},{\"@type\":\"ImageObject\",\"inLanguage\":\"eu\",\"@id\":\"https:\\\/\\\/sortzen.org\\\/producto\\\/zein-mundutan-bizi-naiz-chico-euskera\\\/#primaryimage\",\"url\":\"https:\\\/\\\/sortzen.org\\\/wp-content\\\/uploads\\\/2015\\\/01\\\/producto-gratis-guia-jovenes-violencia-sexista-chico-EUS.jpg\",\"contentUrl\":\"https:\\\/\\\/sortzen.org\\\/wp-content\\\/uploads\\\/2015\\\/01\\\/producto-gratis-guia-jovenes-violencia-sexista-chico-EUS.jpg\",\"width\":500,\"height\":450,\"caption\":\"Guia \\\"Asi soy yo\\\" para chico en euskera en sortzen asesoria de empoderamiento de las mujeres en bilbao\"},{\"@type\":\"BreadcrumbList\",\"@id\":\"https:\\\/\\\/sortzen.org\\\/producto\\\/zein-mundutan-bizi-naiz-chico-euskera\\\/#breadcrumb\",\"itemListElement\":[{\"@type\":\"ListItem\",\"position\":1,\"name\":\"Home\",\"item\":\"https:\\\/\\\/sortzen.org\\\/\"},{\"@type\":\"ListItem\",\"position\":2,\"name\":\"Privado: Tienda\",\"item\":\"https:\\\/\\\/sortzen.org\\\/?page_id=42\"},{\"@type\":\"ListItem\",\"position\":3,\"name\":\"\u00abZein mundutan bizi naiz?\u00bb para chico Euskera\"}]},{\"@type\":\"WebSite\",\"@id\":\"https:\\\/\\\/sortzen.org\\\/#website\",\"url\":\"https:\\\/\\\/sortzen.org\\\/\",\"name\":\"Sortzen\",\"description\":\"Consultor\u00eda especializada en la prevenci\u00f3n y atenci\u00f3n de la violencia machista y los procesos de empoderamiento de las mujeres\",\"potentialAction\":[{\"@type\":\"SearchAction\",\"target\":{\"@type\":\"EntryPoint\",\"urlTemplate\":\"https:\\\/\\\/sortzen.org\\\/?s={search_term_string}\"},\"query-input\":{\"@type\":\"PropertyValueSpecification\",\"valueRequired\":true,\"valueName\":\"search_term_string\"}}],\"inLanguage\":\"eu\"}]}<\/script>\n<!-- \/ Yoast SEO plugin. -->","yoast_head_json":{"title":"\"Zein mundutan bizi naiz?\" para chico Euskera - Sortzen","description":"Desplegable para que los y las j\u00f3venes eviten el sexismo y la violencia de g\u00e9nero en Sortzen consultoria y asesoria de igualdad de genero.","robots":{"index":"index","follow":"follow","max-snippet":"max-snippet:-1","max-image-preview":"max-image-preview:large","max-video-preview":"max-video-preview:-1"},"canonical":"https:\/\/sortzen.org\/eu\/produktua\/zein-mundutan-bizi-naiz-chico-euskera\/","og_locale":"en_US","og_type":"article","og_title":"\"Zein mundutan bizi naiz?\" para chico Euskera - Sortzen","og_description":"Desplegable para que los y las j\u00f3venes eviten el sexismo y la violencia de g\u00e9nero en Sortzen consultoria y asesoria de igualdad de genero.","og_url":"https:\/\/sortzen.org\/eu\/produktua\/zein-mundutan-bizi-naiz-chico-euskera\/","og_site_name":"Sortzen","article_modified_time":"2015-02-10T13:29:52+00:00","og_image":[{"width":500,"height":450,"url":"https:\/\/sortzen.org\/wp-content\/uploads\/2015\/01\/producto-gratis-guia-jovenes-violencia-sexista-chico-EUS.jpg","type":"image\/jpeg"}],"schema":{"@context":"https:\/\/schema.org","@graph":[{"@type":"WebPage","@id":"https:\/\/sortzen.org\/producto\/zein-mundutan-bizi-naiz-chico-euskera\/","url":"https:\/\/sortzen.org\/producto\/zein-mundutan-bizi-naiz-chico-euskera\/","name":"\"Zein mundutan bizi naiz?\" para chico Euskera - Sortzen","isPartOf":{"@id":"https:\/\/sortzen.org\/#website"},"primaryImageOfPage":{"@id":"https:\/\/sortzen.org\/producto\/zein-mundutan-bizi-naiz-chico-euskera\/#primaryimage"},"image":{"@id":"https:\/\/sortzen.org\/producto\/zein-mundutan-bizi-naiz-chico-euskera\/#primaryimage"},"thumbnailUrl":"https:\/\/sortzen.org\/wp-content\/uploads\/2015\/01\/producto-gratis-guia-jovenes-violencia-sexista-chico-EUS.jpg","datePublished":"2015-01-26T11:48:34+00:00","dateModified":"2015-02-10T13:29:52+00:00","description":"Desplegable para que los y las j\u00f3venes eviten el sexismo y la violencia de g\u00e9nero en Sortzen consultoria y asesoria de igualdad de genero.","breadcrumb":{"@id":"https:\/\/sortzen.org\/producto\/zein-mundutan-bizi-naiz-chico-euskera\/#breadcrumb"},"inLanguage":"eu","potentialAction":[{"@type":"ReadAction","target":["https:\/\/sortzen.org\/producto\/zein-mundutan-bizi-naiz-chico-euskera\/"]}]},{"@type":"ImageObject","inLanguage":"eu","@id":"https:\/\/sortzen.org\/producto\/zein-mundutan-bizi-naiz-chico-euskera\/#primaryimage","url":"https:\/\/sortzen.org\/wp-content\/uploads\/2015\/01\/producto-gratis-guia-jovenes-violencia-sexista-chico-EUS.jpg","contentUrl":"https:\/\/sortzen.org\/wp-content\/uploads\/2015\/01\/producto-gratis-guia-jovenes-violencia-sexista-chico-EUS.jpg","width":500,"height":450,"caption":"Guia \"Asi soy yo\" para chico en euskera en sortzen asesoria de empoderamiento de las mujeres en bilbao"},{"@type":"BreadcrumbList","@id":"https:\/\/sortzen.org\/producto\/zein-mundutan-bizi-naiz-chico-euskera\/#breadcrumb","itemListElement":[{"@type":"ListItem","position":1,"name":"Home","item":"https:\/\/sortzen.org\/"},{"@type":"ListItem","position":2,"name":"Privado: Tienda","item":"https:\/\/sortzen.org\/?page_id=42"},{"@type":"ListItem","position":3,"name":"\u00abZein mundutan bizi naiz?\u00bb para chico Euskera"}]},{"@type":"WebSite","@id":"https:\/\/sortzen.org\/#website","url":"https:\/\/sortzen.org\/","name":"Sortzen","description":"Consultor\u00eda especializada en la prevenci\u00f3n y atenci\u00f3n de la violencia machista y los procesos de empoderamiento de las mujeres","potentialAction":[{"@type":"SearchAction","target":{"@type":"EntryPoint","urlTemplate":"https:\/\/sortzen.org\/?s={search_term_string}"},"query-input":{"@type":"PropertyValueSpecification","valueRequired":true,"valueName":"search_term_string"}}],"inLanguage":"eu"}]}},"_links":{"self":[{"href":"https:\/\/sortzen.org\/eu\/wp-json\/wp\/v2\/product\/315","targetHints":{"allow":["GET"]}}],"collection":[{"href":"https:\/\/sortzen.org\/eu\/wp-json\/wp\/v2\/product"}],"about":[{"href":"https:\/\/sortzen.org\/eu\/wp-json\/wp\/v2\/types\/product"}],"replies":[{"embeddable":true,"href":"https:\/\/sortzen.org\/eu\/wp-json\/wp\/v2\/comments?post=315"}],"wp:featuredmedia":[{"embeddable":true,"href":"https:\/\/sortzen.org\/eu\/wp-json\/wp\/v2\/media\/316"}],"wp:attachment":[{"href":"https:\/\/sortzen.org\/eu\/wp-json\/wp\/v2\/media?parent=315"}],"wp:term":[{"taxonomy":"product_brand","embeddable":true,"href":"https:\/\/sortzen.org\/eu\/wp-json\/wp\/v2\/product_brand?post=315"},{"taxonomy":"product_cat","embeddable":true,"href":"https:\/\/sortzen.org\/eu\/wp-json\/wp\/v2\/product_cat?post=315"},{"taxonomy":"product_tag","embeddable":true,"href":"https:\/\/sortzen.org\/eu\/wp-json\/wp\/v2\/product_tag?post=315"}],"curies":[{"name":"wp","href":"https:\/\/api.w.org\/{rel}","templated":true}]}}