{"id":362,"date":"2015-02-08T10:24:17","date_gmt":"2015-02-08T09:24:17","guid":{"rendered":"http:\/\/sortzen.org\/wp\/producto\/guia-desconecta-del-maltrato\/"},"modified":"2015-02-12T11:51:40","modified_gmt":"2015-02-12T10:51:40","slug":"guia-desconecta-del-maltrato","status":"publish","type":"product","link":"https:\/\/sortzen.org\/eu\/produktua\/guia-desconecta-del-maltrato\/","title":{"rendered":"Gu\u00eda \u00abDesconecta del Maltrato\u00bb"},"content":{"rendered":"<p>&nbsp;<\/p>\n<p><strong>Gu\u00eda<\/strong> para que los y las j\u00f3venes\u00a0aprendan\u00a0<strong>identificar<\/strong> el <strong>maltrato psicol\u00f3gico<\/strong> en la pareja que se puede <strong>manifestar<\/strong> de <strong>m\u00faltiple maneras<\/strong>.<\/p>\n<p><strong>Tema:<\/strong>\u00a0<strong>Maltrato psicol\u00f3gico<\/strong> en la pareja.<\/p>\n<p>Esta\u00a0<strong>gu\u00eda<\/strong>\u00a0ayuda, a trav\u00e9s de una<strong> serie de cuestiones<\/strong> y <strong>an\u00e1lisis<\/strong> de situaciones, a <strong>detectar<\/strong> el <strong>maltrato psicol\u00f3gico <\/strong>en la<strong> pareja <\/strong>o si tu<strong> lo practicas <\/strong>de alguna de las<strong> maneras <\/strong>que se<strong> explican<\/strong>.<\/p>","protected":false},"excerpt":{"rendered":"<p><strong>Gu\u00eda<\/strong> para que los y las j\u00f3venes\u00a0aprendan\u00a0<strong>identificar<\/strong> el <strong>maltrato psicol\u00f3gico<\/strong> en la pareja que se puede <strong>manifestar<\/strong> de <strong>m\u00faltiple maneras<\/strong>.<\/p>\n<p><strong>Tema:<\/strong>\u00a0<strong>Maltrato psicol\u00f3gico<\/strong> en la pareja.<\/p>\n<p><strong>Idiomas:<\/strong> Euskera o Castellano.<\/p>\n<p>Esta\u00a0<strong>gu\u00eda<\/strong>\u00a0ayuda, a trav\u00e9s de una<strong> serie de cuestiones<\/strong> y <strong>an\u00e1lisis<\/strong> de situaciones, a <strong>detectar<\/strong> el <strong>maltrato psicol\u00f3gico <\/strong>en la<strong> pareja <\/strong>o si tu<strong> lo practicas <\/strong>de alguna de las<strong> maneras <\/strong>que se<strong> explican<\/strong>.<\/p>\n<p><strong>* Producto descargable<\/strong>.\u00a0Podr\u00e1 iniciar la descarga de este material cuando el <strong>pago se haya hecho efectivo<\/strong>. Recibir\u00e1 un <strong>Korreo elektronikoa<\/strong>\u00a0en el que tendr\u00e1 acceso al archivo adquirido.\u00a0<\/p>","protected":false},"featured_media":363,"comment_status":"open","ping_status":"closed","template":"","meta":[],"product_brand":[],"product_cat":[17],"product_tag":[18,19,20],"class_list":{"0":"post-362","1":"product","2":"type-product","3":"status-publish","4":"has-post-thumbnail","6":"product_cat-productos-educativos","7":"product_tag-guia","8":"product_tag-maltrato-psicologico","9":"product_tag-pareja","11":"first","12":"instock","13":"shipping-taxable","14":"purchasable","15":"product-type-variable"},"yoast_head":"<!-- This site is optimized with the Yoast SEO plugin v27.5 - https:\/\/yoast.com\/product\/yoast-seo-wordpress\/ -->\n<title>Gu\u00eda &quot;Desconecta del Maltrato&quot; - Sortzen Consultor\u00eda Bilbao<\/title>\n<meta name=\"description\" content=\"Gu\u00eda para que los y las j\u00f3venes sepan identificar el maltrato psicol\u00f3gico en la pareja la pareja que se puede manifestar de m\u00faltiple maneras.\" \/>\n<meta name=\"robots\" content=\"index, follow, max-snippet:-1, max-image-preview:large, max-video-preview:-1\" \/>\n<link rel=\"canonical\" href=\"https:\/\/sortzen.org\/eu\/produktua\/guia-desconecta-del-maltrato\/\" \/>\n<meta property=\"og:locale\" content=\"en_US\" \/>\n<meta property=\"og:type\" content=\"article\" \/>\n<meta property=\"og:title\" content=\"Gu\u00eda &quot;Desconecta del Maltrato&quot; - Sortzen Consultor\u00eda Bilbao\" \/>\n<meta property=\"og:description\" content=\"Gu\u00eda para que los y las j\u00f3venes sepan identificar el maltrato psicol\u00f3gico en la pareja la pareja que se puede manifestar de m\u00faltiple maneras.\" \/>\n<meta property=\"og:url\" content=\"https:\/\/sortzen.org\/eu\/produktua\/guia-desconecta-del-maltrato\/\" \/>\n<meta property=\"og:site_name\" content=\"Sortzen\" \/>\n<meta property=\"article:modified_time\" content=\"2015-02-12T10:51:40+00:00\" \/>\n<meta property=\"og:image\" content=\"https:\/\/sortzen.org\/wp-content\/uploads\/2015\/01\/producto-sortzen-guia-desconecta-maltrato-CAS.jpg\" \/>\n\t<meta property=\"og:image:width\" content=\"500\" \/>\n\t<meta property=\"og:image:height\" content=\"500\" \/>\n\t<meta property=\"og:image:type\" content=\"image\/jpeg\" \/>\n<script type=\"application\/ld+json\" class=\"yoast-schema-graph\">{\"@context\":\"https:\\\/\\\/schema.org\",\"@graph\":[{\"@type\":\"WebPage\",\"@id\":\"https:\\\/\\\/sortzen.org\\\/producto\\\/guia-desconecta-del-maltrato\\\/\",\"url\":\"https:\\\/\\\/sortzen.org\\\/producto\\\/guia-desconecta-del-maltrato\\\/\",\"name\":\"Gu\u00eda \\\"Desconecta del Maltrato\\\" - Sortzen Consultor\u00eda Bilbao\",\"isPartOf\":{\"@id\":\"https:\\\/\\\/sortzen.org\\\/#website\"},\"primaryImageOfPage\":{\"@id\":\"https:\\\/\\\/sortzen.org\\\/producto\\\/guia-desconecta-del-maltrato\\\/#primaryimage\"},\"image\":{\"@id\":\"https:\\\/\\\/sortzen.org\\\/producto\\\/guia-desconecta-del-maltrato\\\/#primaryimage\"},\"thumbnailUrl\":\"https:\\\/\\\/sortzen.org\\\/wp-content\\\/uploads\\\/2015\\\/01\\\/producto-sortzen-guia-desconecta-maltrato-CAS.jpg\",\"datePublished\":\"2015-02-08T09:24:17+00:00\",\"dateModified\":\"2015-02-12T10:51:40+00:00\",\"description\":\"Gu\u00eda para que los y las j\u00f3venes sepan identificar el maltrato psicol\u00f3gico en la pareja la pareja que se puede manifestar de m\u00faltiple maneras.\",\"breadcrumb\":{\"@id\":\"https:\\\/\\\/sortzen.org\\\/producto\\\/guia-desconecta-del-maltrato\\\/#breadcrumb\"},\"inLanguage\":\"eu\",\"potentialAction\":[{\"@type\":\"ReadAction\",\"target\":[\"https:\\\/\\\/sortzen.org\\\/producto\\\/guia-desconecta-del-maltrato\\\/\"]}]},{\"@type\":\"ImageObject\",\"inLanguage\":\"eu\",\"@id\":\"https:\\\/\\\/sortzen.org\\\/producto\\\/guia-desconecta-del-maltrato\\\/#primaryimage\",\"url\":\"https:\\\/\\\/sortzen.org\\\/wp-content\\\/uploads\\\/2015\\\/01\\\/producto-sortzen-guia-desconecta-maltrato-CAS.jpg\",\"contentUrl\":\"https:\\\/\\\/sortzen.org\\\/wp-content\\\/uploads\\\/2015\\\/01\\\/producto-sortzen-guia-desconecta-maltrato-CAS.jpg\",\"width\":500,\"height\":500,\"caption\":\"guia para identificar en la pareja el maltrato psicologico con sortzen consultoria de igualdad en bilbao\"},{\"@type\":\"BreadcrumbList\",\"@id\":\"https:\\\/\\\/sortzen.org\\\/producto\\\/guia-desconecta-del-maltrato\\\/#breadcrumb\",\"itemListElement\":[{\"@type\":\"ListItem\",\"position\":1,\"name\":\"Home\",\"item\":\"https:\\\/\\\/sortzen.org\\\/\"},{\"@type\":\"ListItem\",\"position\":2,\"name\":\"Privado: Tienda\",\"item\":\"https:\\\/\\\/sortzen.org\\\/?page_id=42\"},{\"@type\":\"ListItem\",\"position\":3,\"name\":\"Gu\u00eda \u00abDesconecta del Maltrato\u00bb\"}]},{\"@type\":\"WebSite\",\"@id\":\"https:\\\/\\\/sortzen.org\\\/#website\",\"url\":\"https:\\\/\\\/sortzen.org\\\/\",\"name\":\"Sortzen\",\"description\":\"Consultor\u00eda especializada en la prevenci\u00f3n y atenci\u00f3n de la violencia machista y los procesos de empoderamiento de las mujeres\",\"potentialAction\":[{\"@type\":\"SearchAction\",\"target\":{\"@type\":\"EntryPoint\",\"urlTemplate\":\"https:\\\/\\\/sortzen.org\\\/?s={search_term_string}\"},\"query-input\":{\"@type\":\"PropertyValueSpecification\",\"valueRequired\":true,\"valueName\":\"search_term_string\"}}],\"inLanguage\":\"eu\"}]}<\/script>\n<!-- \/ Yoast SEO plugin. -->","yoast_head_json":{"title":"Gu\u00eda \"Desconecta del Maltrato\" - Sortzen Consultor\u00eda Bilbao","description":"Gu\u00eda para que los y las j\u00f3venes sepan identificar el maltrato psicol\u00f3gico en la pareja la pareja que se puede manifestar de m\u00faltiple maneras.","robots":{"index":"index","follow":"follow","max-snippet":"max-snippet:-1","max-image-preview":"max-image-preview:large","max-video-preview":"max-video-preview:-1"},"canonical":"https:\/\/sortzen.org\/eu\/produktua\/guia-desconecta-del-maltrato\/","og_locale":"en_US","og_type":"article","og_title":"Gu\u00eda \"Desconecta del Maltrato\" - Sortzen Consultor\u00eda Bilbao","og_description":"Gu\u00eda para que los y las j\u00f3venes sepan identificar el maltrato psicol\u00f3gico en la pareja la pareja que se puede manifestar de m\u00faltiple maneras.","og_url":"https:\/\/sortzen.org\/eu\/produktua\/guia-desconecta-del-maltrato\/","og_site_name":"Sortzen","article_modified_time":"2015-02-12T10:51:40+00:00","og_image":[{"width":500,"height":500,"url":"https:\/\/sortzen.org\/wp-content\/uploads\/2015\/01\/producto-sortzen-guia-desconecta-maltrato-CAS.jpg","type":"image\/jpeg"}],"schema":{"@context":"https:\/\/schema.org","@graph":[{"@type":"WebPage","@id":"https:\/\/sortzen.org\/producto\/guia-desconecta-del-maltrato\/","url":"https:\/\/sortzen.org\/producto\/guia-desconecta-del-maltrato\/","name":"Gu\u00eda \"Desconecta del Maltrato\" - Sortzen Consultor\u00eda Bilbao","isPartOf":{"@id":"https:\/\/sortzen.org\/#website"},"primaryImageOfPage":{"@id":"https:\/\/sortzen.org\/producto\/guia-desconecta-del-maltrato\/#primaryimage"},"image":{"@id":"https:\/\/sortzen.org\/producto\/guia-desconecta-del-maltrato\/#primaryimage"},"thumbnailUrl":"https:\/\/sortzen.org\/wp-content\/uploads\/2015\/01\/producto-sortzen-guia-desconecta-maltrato-CAS.jpg","datePublished":"2015-02-08T09:24:17+00:00","dateModified":"2015-02-12T10:51:40+00:00","description":"Gu\u00eda para que los y las j\u00f3venes sepan identificar el maltrato psicol\u00f3gico en la pareja la pareja que se puede manifestar de m\u00faltiple maneras.","breadcrumb":{"@id":"https:\/\/sortzen.org\/producto\/guia-desconecta-del-maltrato\/#breadcrumb"},"inLanguage":"eu","potentialAction":[{"@type":"ReadAction","target":["https:\/\/sortzen.org\/producto\/guia-desconecta-del-maltrato\/"]}]},{"@type":"ImageObject","inLanguage":"eu","@id":"https:\/\/sortzen.org\/producto\/guia-desconecta-del-maltrato\/#primaryimage","url":"https:\/\/sortzen.org\/wp-content\/uploads\/2015\/01\/producto-sortzen-guia-desconecta-maltrato-CAS.jpg","contentUrl":"https:\/\/sortzen.org\/wp-content\/uploads\/2015\/01\/producto-sortzen-guia-desconecta-maltrato-CAS.jpg","width":500,"height":500,"caption":"guia para identificar en la pareja el maltrato psicologico con sortzen consultoria de igualdad en bilbao"},{"@type":"BreadcrumbList","@id":"https:\/\/sortzen.org\/producto\/guia-desconecta-del-maltrato\/#breadcrumb","itemListElement":[{"@type":"ListItem","position":1,"name":"Home","item":"https:\/\/sortzen.org\/"},{"@type":"ListItem","position":2,"name":"Privado: Tienda","item":"https:\/\/sortzen.org\/?page_id=42"},{"@type":"ListItem","position":3,"name":"Gu\u00eda \u00abDesconecta del Maltrato\u00bb"}]},{"@type":"WebSite","@id":"https:\/\/sortzen.org\/#website","url":"https:\/\/sortzen.org\/","name":"Sortzen","description":"Consultor\u00eda especializada en la prevenci\u00f3n y atenci\u00f3n de la violencia machista y los procesos de empoderamiento de las mujeres","potentialAction":[{"@type":"SearchAction","target":{"@type":"EntryPoint","urlTemplate":"https:\/\/sortzen.org\/?s={search_term_string}"},"query-input":{"@type":"PropertyValueSpecification","valueRequired":true,"valueName":"search_term_string"}}],"inLanguage":"eu"}]}},"_links":{"self":[{"href":"https:\/\/sortzen.org\/eu\/wp-json\/wp\/v2\/product\/362","targetHints":{"allow":["GET"]}}],"collection":[{"href":"https:\/\/sortzen.org\/eu\/wp-json\/wp\/v2\/product"}],"about":[{"href":"https:\/\/sortzen.org\/eu\/wp-json\/wp\/v2\/types\/product"}],"replies":[{"embeddable":true,"href":"https:\/\/sortzen.org\/eu\/wp-json\/wp\/v2\/comments?post=362"}],"wp:featuredmedia":[{"embeddable":true,"href":"https:\/\/sortzen.org\/eu\/wp-json\/wp\/v2\/media\/363"}],"wp:attachment":[{"href":"https:\/\/sortzen.org\/eu\/wp-json\/wp\/v2\/media?parent=362"}],"wp:term":[{"taxonomy":"product_brand","embeddable":true,"href":"https:\/\/sortzen.org\/eu\/wp-json\/wp\/v2\/product_brand?post=362"},{"taxonomy":"product_cat","embeddable":true,"href":"https:\/\/sortzen.org\/eu\/wp-json\/wp\/v2\/product_cat?post=362"},{"taxonomy":"product_tag","embeddable":true,"href":"https:\/\/sortzen.org\/eu\/wp-json\/wp\/v2\/product_tag?post=362"}],"curies":[{"name":"wp","href":"https:\/\/api.w.org\/{rel}","templated":true}]}}