{"id":419,"date":"2015-02-05T10:19:07","date_gmt":"2015-02-05T09:19:07","guid":{"rendered":"http:\/\/sortzen.org\/wp\/producto\/comic-quien-eres-tu-busca-tu-id-castellano\/"},"modified":"2015-02-10T14:09:38","modified_gmt":"2015-02-10T13:09:38","slug":"comic-quien-eres-tu-busca-tu-id-castellano","status":"publish","type":"product","link":"https:\/\/sortzen.org\/eu\/produktua\/comic-quien-eres-tu-busca-tu-id-castellano\/","title":{"rendered":"C\u00f3mic \u00bfQui\u00e9n eres t\u00fa? Busca tu id Castellano"},"content":{"rendered":"<p>&nbsp;<\/p>\n<p><strong>Gu\u00eda<\/strong> en forma de<strong> c\u00f3mic<\/strong> dirigido a la <strong>poblaci\u00f3n juvenil<\/strong> de entre <strong>14 y 16 a\u00f1os<\/strong>\u00a0que <strong>trabaja<\/strong> las siguientes \u00e1reas tem\u00e1ticas:<\/p>\n<ul>\n<li>los roles tradicionales como factor de riesgo en las agresiones sexuales<\/li>\n<li>las claves sobre las que se establecen las primeras relaciones afectivo-sexuales<\/li>\n<li>las dificultades en la relaci\u00f3n con el cuerpo y su despertar sexual\u00a0<\/li>\n<li>las dificultades para poner y respetar los l\u00edmites en las relaciones con el otro sexo.<\/li>\n<\/ul>","protected":false},"excerpt":{"rendered":"<p><strong>Gu\u00eda<\/strong> en forma de<strong> c\u00f3mic<\/strong> dirigido a la <strong>poblaci\u00f3n juvenil<\/strong> de entre <strong>14 y 16 a\u00f1os.<\/strong><\/p>\n<p><strong>Temas que trata:<\/strong><\/p>\n<ul>\n<li>los roles tradicionales como factor de riesgo en las agresiones sexuales<\/li>\n<li>las claves sobre las que se establecen las primeras relaciones afectivo-sexuales<\/li>\n<li>las dificultades en la relaci\u00f3n con el cuerpo y su despertar sexual\u00a0<\/li>\n<li>las dificultades para poner y respetar los l\u00edmites en las relaciones con el otro sexo.<\/li>\n<\/ul>\n<p><span style=\"font-size: 14pt;\"><strong>* Producto descargable<\/strong><\/span>.\u00a0Podr\u00e1 iniciar la descarga de este material desde la p\u00e1gina <strong>\u00abCompra Finalizada \u00ab<\/strong> o en el \u00ab<strong>Recibo de tu pedido\u00bb<\/strong>\u00a0en su correo electr\u00f3nico.<\/p>","protected":false},"featured_media":421,"comment_status":"open","ping_status":"closed","template":"","meta":[],"product_brand":[],"product_cat":[16],"product_tag":[23,18,21,22,24,25,26],"class_list":{"0":"post-419","1":"product","2":"type-product","3":"status-publish","4":"has-post-thumbnail","6":"product_cat-material-gratuito","7":"product_tag-adolescentes","8":"product_tag-guia","9":"product_tag-igualdad-de-genero","10":"product_tag-jovenes","11":"product_tag-sexismo","12":"product_tag-violencia-de-genero","13":"product_tag-violencia-machista","15":"first","16":"instock","17":"downloadable","18":"shipping-taxable","19":"purchasable","20":"product-type-simple"},"yoast_head":"<!-- This site is optimized with the Yoast SEO plugin v27.5 - https:\/\/yoast.com\/product\/yoast-seo-wordpress\/ -->\n<title>Comic \u00bfQui\u00e9n eres t\u00fa? Busca tu id Castellano - Sortzen<\/title>\n<meta name=\"description\" content=\"Gu\u00eda en forma de comic dirigido a la poblaci\u00f3n juvenil de entre 14 y 16 a\u00f1os para evitar el sexismo y la violencia de g\u00e9nero en Sortzen, igualdad de genero.\" \/>\n<meta name=\"robots\" content=\"index, follow, max-snippet:-1, max-image-preview:large, max-video-preview:-1\" \/>\n<link rel=\"canonical\" href=\"https:\/\/sortzen.org\/eu\/produktua\/comic-quien-eres-tu-busca-tu-id-castellano\/\" \/>\n<meta property=\"og:locale\" content=\"en_US\" \/>\n<meta property=\"og:type\" content=\"article\" \/>\n<meta property=\"og:title\" content=\"Comic \u00bfQui\u00e9n eres t\u00fa? Busca tu id Castellano - Sortzen\" \/>\n<meta property=\"og:description\" content=\"Gu\u00eda en forma de comic dirigido a la poblaci\u00f3n juvenil de entre 14 y 16 a\u00f1os para evitar el sexismo y la violencia de g\u00e9nero en Sortzen, igualdad de genero.\" \/>\n<meta property=\"og:url\" content=\"https:\/\/sortzen.org\/eu\/produktua\/comic-quien-eres-tu-busca-tu-id-castellano\/\" \/>\n<meta property=\"og:site_name\" content=\"Sortzen\" \/>\n<meta property=\"article:modified_time\" content=\"2015-02-10T13:09:38+00:00\" \/>\n<meta property=\"og:image\" content=\"https:\/\/sortzen.org\/wp-content\/uploads\/2015\/02\/producto-gratis-sortzen-comic-ezisildu-CAS-01.jpg\" \/>\n\t<meta property=\"og:image:width\" content=\"500\" \/>\n\t<meta property=\"og:image:height\" content=\"450\" \/>\n\t<meta property=\"og:image:type\" content=\"image\/jpeg\" \/>\n<script type=\"application\/ld+json\" class=\"yoast-schema-graph\">{\"@context\":\"https:\\\/\\\/schema.org\",\"@graph\":[{\"@type\":\"WebPage\",\"@id\":\"https:\\\/\\\/sortzen.org\\\/producto\\\/comic-quien-eres-tu-busca-tu-id-castellano\\\/\",\"url\":\"https:\\\/\\\/sortzen.org\\\/producto\\\/comic-quien-eres-tu-busca-tu-id-castellano\\\/\",\"name\":\"Comic \u00bfQui\u00e9n eres t\u00fa? Busca tu id Castellano - Sortzen\",\"isPartOf\":{\"@id\":\"https:\\\/\\\/sortzen.org\\\/#website\"},\"primaryImageOfPage\":{\"@id\":\"https:\\\/\\\/sortzen.org\\\/producto\\\/comic-quien-eres-tu-busca-tu-id-castellano\\\/#primaryimage\"},\"image\":{\"@id\":\"https:\\\/\\\/sortzen.org\\\/producto\\\/comic-quien-eres-tu-busca-tu-id-castellano\\\/#primaryimage\"},\"thumbnailUrl\":\"https:\\\/\\\/sortzen.org\\\/wp-content\\\/uploads\\\/2015\\\/02\\\/producto-gratis-sortzen-comic-ezisildu-CAS-01.jpg\",\"datePublished\":\"2015-02-05T09:19:07+00:00\",\"dateModified\":\"2015-02-10T13:09:38+00:00\",\"description\":\"Gu\u00eda en forma de comic dirigido a la poblaci\u00f3n juvenil de entre 14 y 16 a\u00f1os para evitar el sexismo y la violencia de g\u00e9nero en Sortzen, igualdad de genero.\",\"breadcrumb\":{\"@id\":\"https:\\\/\\\/sortzen.org\\\/producto\\\/comic-quien-eres-tu-busca-tu-id-castellano\\\/#breadcrumb\"},\"inLanguage\":\"eu\",\"potentialAction\":[{\"@type\":\"ReadAction\",\"target\":[\"https:\\\/\\\/sortzen.org\\\/producto\\\/comic-quien-eres-tu-busca-tu-id-castellano\\\/\"]}]},{\"@type\":\"ImageObject\",\"inLanguage\":\"eu\",\"@id\":\"https:\\\/\\\/sortzen.org\\\/producto\\\/comic-quien-eres-tu-busca-tu-id-castellano\\\/#primaryimage\",\"url\":\"https:\\\/\\\/sortzen.org\\\/wp-content\\\/uploads\\\/2015\\\/02\\\/producto-gratis-sortzen-comic-ezisildu-CAS-01.jpg\",\"contentUrl\":\"https:\\\/\\\/sortzen.org\\\/wp-content\\\/uploads\\\/2015\\\/02\\\/producto-gratis-sortzen-comic-ezisildu-CAS-01.jpg\",\"width\":500,\"height\":450,\"caption\":\"Comic \\\"Quien eres tu busca tu ID\\\" en castellano con sortzen consultoria de igualdad de genero\"},{\"@type\":\"BreadcrumbList\",\"@id\":\"https:\\\/\\\/sortzen.org\\\/producto\\\/comic-quien-eres-tu-busca-tu-id-castellano\\\/#breadcrumb\",\"itemListElement\":[{\"@type\":\"ListItem\",\"position\":1,\"name\":\"Home\",\"item\":\"https:\\\/\\\/sortzen.org\\\/\"},{\"@type\":\"ListItem\",\"position\":2,\"name\":\"Privado: Tienda\",\"item\":\"https:\\\/\\\/sortzen.org\\\/?page_id=42\"},{\"@type\":\"ListItem\",\"position\":3,\"name\":\"C\u00f3mic \u00bfQui\u00e9n eres t\u00fa? Busca tu id Castellano\"}]},{\"@type\":\"WebSite\",\"@id\":\"https:\\\/\\\/sortzen.org\\\/#website\",\"url\":\"https:\\\/\\\/sortzen.org\\\/\",\"name\":\"Sortzen\",\"description\":\"Consultor\u00eda especializada en la prevenci\u00f3n y atenci\u00f3n de la violencia machista y los procesos de empoderamiento de las mujeres\",\"potentialAction\":[{\"@type\":\"SearchAction\",\"target\":{\"@type\":\"EntryPoint\",\"urlTemplate\":\"https:\\\/\\\/sortzen.org\\\/?s={search_term_string}\"},\"query-input\":{\"@type\":\"PropertyValueSpecification\",\"valueRequired\":true,\"valueName\":\"search_term_string\"}}],\"inLanguage\":\"eu\"}]}<\/script>\n<!-- \/ Yoast SEO plugin. -->","yoast_head_json":{"title":"Comic \u00bfQui\u00e9n eres t\u00fa? Busca tu id Castellano - Sortzen","description":"Gu\u00eda en forma de comic dirigido a la poblaci\u00f3n juvenil de entre 14 y 16 a\u00f1os para evitar el sexismo y la violencia de g\u00e9nero en Sortzen, igualdad de genero.","robots":{"index":"index","follow":"follow","max-snippet":"max-snippet:-1","max-image-preview":"max-image-preview:large","max-video-preview":"max-video-preview:-1"},"canonical":"https:\/\/sortzen.org\/eu\/produktua\/comic-quien-eres-tu-busca-tu-id-castellano\/","og_locale":"en_US","og_type":"article","og_title":"Comic \u00bfQui\u00e9n eres t\u00fa? Busca tu id Castellano - Sortzen","og_description":"Gu\u00eda en forma de comic dirigido a la poblaci\u00f3n juvenil de entre 14 y 16 a\u00f1os para evitar el sexismo y la violencia de g\u00e9nero en Sortzen, igualdad de genero.","og_url":"https:\/\/sortzen.org\/eu\/produktua\/comic-quien-eres-tu-busca-tu-id-castellano\/","og_site_name":"Sortzen","article_modified_time":"2015-02-10T13:09:38+00:00","og_image":[{"width":500,"height":450,"url":"https:\/\/sortzen.org\/wp-content\/uploads\/2015\/02\/producto-gratis-sortzen-comic-ezisildu-CAS-01.jpg","type":"image\/jpeg"}],"schema":{"@context":"https:\/\/schema.org","@graph":[{"@type":"WebPage","@id":"https:\/\/sortzen.org\/producto\/comic-quien-eres-tu-busca-tu-id-castellano\/","url":"https:\/\/sortzen.org\/producto\/comic-quien-eres-tu-busca-tu-id-castellano\/","name":"Comic \u00bfQui\u00e9n eres t\u00fa? Busca tu id Castellano - Sortzen","isPartOf":{"@id":"https:\/\/sortzen.org\/#website"},"primaryImageOfPage":{"@id":"https:\/\/sortzen.org\/producto\/comic-quien-eres-tu-busca-tu-id-castellano\/#primaryimage"},"image":{"@id":"https:\/\/sortzen.org\/producto\/comic-quien-eres-tu-busca-tu-id-castellano\/#primaryimage"},"thumbnailUrl":"https:\/\/sortzen.org\/wp-content\/uploads\/2015\/02\/producto-gratis-sortzen-comic-ezisildu-CAS-01.jpg","datePublished":"2015-02-05T09:19:07+00:00","dateModified":"2015-02-10T13:09:38+00:00","description":"Gu\u00eda en forma de comic dirigido a la poblaci\u00f3n juvenil de entre 14 y 16 a\u00f1os para evitar el sexismo y la violencia de g\u00e9nero en Sortzen, igualdad de genero.","breadcrumb":{"@id":"https:\/\/sortzen.org\/producto\/comic-quien-eres-tu-busca-tu-id-castellano\/#breadcrumb"},"inLanguage":"eu","potentialAction":[{"@type":"ReadAction","target":["https:\/\/sortzen.org\/producto\/comic-quien-eres-tu-busca-tu-id-castellano\/"]}]},{"@type":"ImageObject","inLanguage":"eu","@id":"https:\/\/sortzen.org\/producto\/comic-quien-eres-tu-busca-tu-id-castellano\/#primaryimage","url":"https:\/\/sortzen.org\/wp-content\/uploads\/2015\/02\/producto-gratis-sortzen-comic-ezisildu-CAS-01.jpg","contentUrl":"https:\/\/sortzen.org\/wp-content\/uploads\/2015\/02\/producto-gratis-sortzen-comic-ezisildu-CAS-01.jpg","width":500,"height":450,"caption":"Comic \"Quien eres tu busca tu ID\" en castellano con sortzen consultoria de igualdad de genero"},{"@type":"BreadcrumbList","@id":"https:\/\/sortzen.org\/producto\/comic-quien-eres-tu-busca-tu-id-castellano\/#breadcrumb","itemListElement":[{"@type":"ListItem","position":1,"name":"Home","item":"https:\/\/sortzen.org\/"},{"@type":"ListItem","position":2,"name":"Privado: Tienda","item":"https:\/\/sortzen.org\/?page_id=42"},{"@type":"ListItem","position":3,"name":"C\u00f3mic \u00bfQui\u00e9n eres t\u00fa? Busca tu id Castellano"}]},{"@type":"WebSite","@id":"https:\/\/sortzen.org\/#website","url":"https:\/\/sortzen.org\/","name":"Sortzen","description":"Consultor\u00eda especializada en la prevenci\u00f3n y atenci\u00f3n de la violencia machista y los procesos de empoderamiento de las mujeres","potentialAction":[{"@type":"SearchAction","target":{"@type":"EntryPoint","urlTemplate":"https:\/\/sortzen.org\/?s={search_term_string}"},"query-input":{"@type":"PropertyValueSpecification","valueRequired":true,"valueName":"search_term_string"}}],"inLanguage":"eu"}]}},"_links":{"self":[{"href":"https:\/\/sortzen.org\/eu\/wp-json\/wp\/v2\/product\/419","targetHints":{"allow":["GET"]}}],"collection":[{"href":"https:\/\/sortzen.org\/eu\/wp-json\/wp\/v2\/product"}],"about":[{"href":"https:\/\/sortzen.org\/eu\/wp-json\/wp\/v2\/types\/product"}],"replies":[{"embeddable":true,"href":"https:\/\/sortzen.org\/eu\/wp-json\/wp\/v2\/comments?post=419"}],"wp:featuredmedia":[{"embeddable":true,"href":"https:\/\/sortzen.org\/eu\/wp-json\/wp\/v2\/media\/421"}],"wp:attachment":[{"href":"https:\/\/sortzen.org\/eu\/wp-json\/wp\/v2\/media?parent=419"}],"wp:term":[{"taxonomy":"product_brand","embeddable":true,"href":"https:\/\/sortzen.org\/eu\/wp-json\/wp\/v2\/product_brand?post=419"},{"taxonomy":"product_cat","embeddable":true,"href":"https:\/\/sortzen.org\/eu\/wp-json\/wp\/v2\/product_cat?post=419"},{"taxonomy":"product_tag","embeddable":true,"href":"https:\/\/sortzen.org\/eu\/wp-json\/wp\/v2\/product_tag?post=419"}],"curies":[{"name":"wp","href":"https:\/\/api.w.org\/{rel}","templated":true}]}}