{"id":435,"date":"2015-02-05T10:59:29","date_gmt":"2015-02-05T09:59:29","guid":{"rendered":"http:\/\/sortzen.org\/wp\/producto\/comic-no-te-enredes-euskera\/"},"modified":"2025-05-31T17:09:27","modified_gmt":"2025-05-31T16:09:27","slug":"comic-ez-zaitez-nahasi-sarean-euskera","status":"publish","type":"product","link":"https:\/\/sortzen.org\/eu\/produktua\/comic-ez-zaitez-nahasi-sarean-euskera\/","title":{"rendered":"Comic \u00abEz zaitez nahasi sarean\u00bb Euskera"},"content":{"rendered":"<p>&nbsp;<\/p>\n<p><strong>Gu\u00eda <\/strong>en forma de<strong> c\u00f3mic dirigido <\/strong>a<strong> poblaci\u00f3n juvenil<\/strong> usuaria de las<strong> redes sociales.<\/strong><\/p>\n<p><strong>Temas que trata:<\/strong><\/p>\n<ul>\n<li>el espacio virtual como medio de relaciones, sus ventajas y desventajas<\/li>\n<li>las agresiones sexuales \u00bfvirtuales?<\/li>\n<li>el uso de la red para la prevenci\u00f3n de las agresiones sexuales<\/li>\n<li>las medidas de seguridad imprescindibles<\/li>\n<\/ul>","protected":false},"excerpt":{"rendered":"<p><strong>Gu\u00eda <\/strong>en forma de<strong> c\u00f3mic dirigido <\/strong>a<strong> poblaci\u00f3n juvenil<\/strong> usuaria de las<strong> redes sociales.<\/strong><\/p>\n<p><strong>Temas que trata:<\/strong><\/p>\n<ul>\n<li>el espacio virtual como medio de relaciones, sus ventajas y desventajas<\/li>\n<li>las agresiones sexuales \u00bfvirtuales?<\/li>\n<li>el uso de la red para la prevenci\u00f3n de las agresiones sexuales<\/li>\n<li>las medidas de seguridad imprescindibles<\/li>\n<\/ul>\n<p><span style=\"font-size: 14pt;\"><strong>* Producto descargable<\/strong><\/span>.\u00a0Podr\u00e1 iniciar la descarga de este material desde la p\u00e1gina <strong>\u00abCompra Finalizada \u00ab<\/strong> o en el \u00ab<strong>Recibo de tu pedido\u00bb<\/strong>\u00a0en su correo electr\u00f3nico.<\/p>","protected":false},"featured_media":426,"comment_status":"open","ping_status":"closed","template":"","meta":[],"product_brand":[],"product_cat":[16],"product_tag":[23,18,21,22,24,25,26],"class_list":{"0":"post-435","1":"product","2":"type-product","3":"status-publish","4":"has-post-thumbnail","6":"product_cat-material-gratuito","7":"product_tag-adolescentes","8":"product_tag-guia","9":"product_tag-igualdad-de-genero","10":"product_tag-jovenes","11":"product_tag-sexismo","12":"product_tag-violencia-de-genero","13":"product_tag-violencia-machista","15":"first","16":"instock","17":"downloadable","18":"shipping-taxable","19":"purchasable","20":"product-type-simple"},"yoast_head":"<!-- This site is optimized with the Yoast SEO plugin v27.5 - https:\/\/yoast.com\/product\/yoast-seo-wordpress\/ -->\n<title>Comic &quot;Ez zaitez nahasi sarean&quot; Euskera - Sortzen<\/title>\n<meta name=\"description\" content=\"Gu\u00eda en forma de comic dirigido a poblaci\u00f3n juvenil usuaria de las redes sociales en Sortzen consultoria y asesoria de igualdad de genero.\" \/>\n<meta name=\"robots\" content=\"index, follow, max-snippet:-1, max-image-preview:large, max-video-preview:-1\" \/>\n<link rel=\"canonical\" href=\"https:\/\/sortzen.org\/eu\/produktua\/comic-ez-zaitez-nahasi-sarean-euskera\/\" \/>\n<meta property=\"og:locale\" content=\"en_US\" \/>\n<meta property=\"og:type\" content=\"article\" \/>\n<meta property=\"og:title\" content=\"Comic &quot;Ez zaitez nahasi sarean&quot; Euskera - Sortzen\" \/>\n<meta property=\"og:description\" content=\"Gu\u00eda en forma de comic dirigido a poblaci\u00f3n juvenil usuaria de las redes sociales en Sortzen consultoria y asesoria de igualdad de genero.\" \/>\n<meta property=\"og:url\" content=\"https:\/\/sortzen.org\/eu\/produktua\/comic-ez-zaitez-nahasi-sarean-euskera\/\" \/>\n<meta property=\"og:site_name\" content=\"Sortzen\" \/>\n<meta property=\"article:modified_time\" content=\"2025-05-31T16:09:27+00:00\" \/>\n<meta property=\"og:image\" content=\"https:\/\/sortzen.org\/wp-content\/uploads\/2015\/02\/producto-gratis-sortzen-comic-ezisildu-EUS-03.jpg\" \/>\n\t<meta property=\"og:image:width\" content=\"500\" \/>\n\t<meta property=\"og:image:height\" content=\"450\" \/>\n\t<meta property=\"og:image:type\" content=\"image\/jpeg\" \/>\n<script type=\"application\/ld+json\" class=\"yoast-schema-graph\">{\"@context\":\"https:\\\/\\\/schema.org\",\"@graph\":[{\"@type\":\"WebPage\",\"@id\":\"https:\\\/\\\/sortzen.org\\\/producto\\\/comic-ez-zaitez-nahasi-sarean-euskera\\\/\",\"url\":\"https:\\\/\\\/sortzen.org\\\/producto\\\/comic-ez-zaitez-nahasi-sarean-euskera\\\/\",\"name\":\"Comic \\\"Ez zaitez nahasi sarean\\\" Euskera - Sortzen\",\"isPartOf\":{\"@id\":\"https:\\\/\\\/sortzen.org\\\/#website\"},\"primaryImageOfPage\":{\"@id\":\"https:\\\/\\\/sortzen.org\\\/producto\\\/comic-ez-zaitez-nahasi-sarean-euskera\\\/#primaryimage\"},\"image\":{\"@id\":\"https:\\\/\\\/sortzen.org\\\/producto\\\/comic-ez-zaitez-nahasi-sarean-euskera\\\/#primaryimage\"},\"thumbnailUrl\":\"https:\\\/\\\/sortzen.org\\\/wp-content\\\/uploads\\\/2015\\\/02\\\/producto-gratis-sortzen-comic-ezisildu-EUS-03.jpg\",\"datePublished\":\"2015-02-05T09:59:29+00:00\",\"dateModified\":\"2025-05-31T16:09:27+00:00\",\"description\":\"Gu\u00eda en forma de comic dirigido a poblaci\u00f3n juvenil usuaria de las redes sociales en Sortzen consultoria y asesoria de igualdad de genero.\",\"breadcrumb\":{\"@id\":\"https:\\\/\\\/sortzen.org\\\/producto\\\/comic-ez-zaitez-nahasi-sarean-euskera\\\/#breadcrumb\"},\"inLanguage\":\"eu\",\"potentialAction\":[{\"@type\":\"ReadAction\",\"target\":[\"https:\\\/\\\/sortzen.org\\\/producto\\\/comic-ez-zaitez-nahasi-sarean-euskera\\\/\"]}]},{\"@type\":\"ImageObject\",\"inLanguage\":\"eu\",\"@id\":\"https:\\\/\\\/sortzen.org\\\/producto\\\/comic-ez-zaitez-nahasi-sarean-euskera\\\/#primaryimage\",\"url\":\"https:\\\/\\\/sortzen.org\\\/wp-content\\\/uploads\\\/2015\\\/02\\\/producto-gratis-sortzen-comic-ezisildu-EUS-03.jpg\",\"contentUrl\":\"https:\\\/\\\/sortzen.org\\\/wp-content\\\/uploads\\\/2015\\\/02\\\/producto-gratis-sortzen-comic-ezisildu-EUS-03.jpg\",\"width\":500,\"height\":450,\"caption\":\"Comic \\\"no te enredes\\\" en euskera con sortzen consultoria de igualdad de genero\"},{\"@type\":\"BreadcrumbList\",\"@id\":\"https:\\\/\\\/sortzen.org\\\/producto\\\/comic-ez-zaitez-nahasi-sarean-euskera\\\/#breadcrumb\",\"itemListElement\":[{\"@type\":\"ListItem\",\"position\":1,\"name\":\"Home\",\"item\":\"https:\\\/\\\/sortzen.org\\\/\"},{\"@type\":\"ListItem\",\"position\":2,\"name\":\"Privado: Tienda\",\"item\":\"https:\\\/\\\/sortzen.org\\\/?page_id=42\"},{\"@type\":\"ListItem\",\"position\":3,\"name\":\"Comic \u00abEz zaitez nahasi sarean\u00bb Euskera\"}]},{\"@type\":\"WebSite\",\"@id\":\"https:\\\/\\\/sortzen.org\\\/#website\",\"url\":\"https:\\\/\\\/sortzen.org\\\/\",\"name\":\"Sortzen\",\"description\":\"Consultor\u00eda especializada en la prevenci\u00f3n y atenci\u00f3n de la violencia machista y los procesos de empoderamiento de las mujeres\",\"potentialAction\":[{\"@type\":\"SearchAction\",\"target\":{\"@type\":\"EntryPoint\",\"urlTemplate\":\"https:\\\/\\\/sortzen.org\\\/?s={search_term_string}\"},\"query-input\":{\"@type\":\"PropertyValueSpecification\",\"valueRequired\":true,\"valueName\":\"search_term_string\"}}],\"inLanguage\":\"eu\"}]}<\/script>\n<!-- \/ Yoast SEO plugin. -->","yoast_head_json":{"title":"Comic \"Ez zaitez nahasi sarean\" Euskera - Sortzen","description":"Gu\u00eda en forma de comic dirigido a poblaci\u00f3n juvenil usuaria de las redes sociales en Sortzen consultoria y asesoria de igualdad de genero.","robots":{"index":"index","follow":"follow","max-snippet":"max-snippet:-1","max-image-preview":"max-image-preview:large","max-video-preview":"max-video-preview:-1"},"canonical":"https:\/\/sortzen.org\/eu\/produktua\/comic-ez-zaitez-nahasi-sarean-euskera\/","og_locale":"en_US","og_type":"article","og_title":"Comic \"Ez zaitez nahasi sarean\" Euskera - Sortzen","og_description":"Gu\u00eda en forma de comic dirigido a poblaci\u00f3n juvenil usuaria de las redes sociales en Sortzen consultoria y asesoria de igualdad de genero.","og_url":"https:\/\/sortzen.org\/eu\/produktua\/comic-ez-zaitez-nahasi-sarean-euskera\/","og_site_name":"Sortzen","article_modified_time":"2025-05-31T16:09:27+00:00","og_image":[{"width":500,"height":450,"url":"https:\/\/sortzen.org\/wp-content\/uploads\/2015\/02\/producto-gratis-sortzen-comic-ezisildu-EUS-03.jpg","type":"image\/jpeg"}],"schema":{"@context":"https:\/\/schema.org","@graph":[{"@type":"WebPage","@id":"https:\/\/sortzen.org\/producto\/comic-ez-zaitez-nahasi-sarean-euskera\/","url":"https:\/\/sortzen.org\/producto\/comic-ez-zaitez-nahasi-sarean-euskera\/","name":"Comic \"Ez zaitez nahasi sarean\" Euskera - Sortzen","isPartOf":{"@id":"https:\/\/sortzen.org\/#website"},"primaryImageOfPage":{"@id":"https:\/\/sortzen.org\/producto\/comic-ez-zaitez-nahasi-sarean-euskera\/#primaryimage"},"image":{"@id":"https:\/\/sortzen.org\/producto\/comic-ez-zaitez-nahasi-sarean-euskera\/#primaryimage"},"thumbnailUrl":"https:\/\/sortzen.org\/wp-content\/uploads\/2015\/02\/producto-gratis-sortzen-comic-ezisildu-EUS-03.jpg","datePublished":"2015-02-05T09:59:29+00:00","dateModified":"2025-05-31T16:09:27+00:00","description":"Gu\u00eda en forma de comic dirigido a poblaci\u00f3n juvenil usuaria de las redes sociales en Sortzen consultoria y asesoria de igualdad de genero.","breadcrumb":{"@id":"https:\/\/sortzen.org\/producto\/comic-ez-zaitez-nahasi-sarean-euskera\/#breadcrumb"},"inLanguage":"eu","potentialAction":[{"@type":"ReadAction","target":["https:\/\/sortzen.org\/producto\/comic-ez-zaitez-nahasi-sarean-euskera\/"]}]},{"@type":"ImageObject","inLanguage":"eu","@id":"https:\/\/sortzen.org\/producto\/comic-ez-zaitez-nahasi-sarean-euskera\/#primaryimage","url":"https:\/\/sortzen.org\/wp-content\/uploads\/2015\/02\/producto-gratis-sortzen-comic-ezisildu-EUS-03.jpg","contentUrl":"https:\/\/sortzen.org\/wp-content\/uploads\/2015\/02\/producto-gratis-sortzen-comic-ezisildu-EUS-03.jpg","width":500,"height":450,"caption":"Comic \"no te enredes\" en euskera con sortzen consultoria de igualdad de genero"},{"@type":"BreadcrumbList","@id":"https:\/\/sortzen.org\/producto\/comic-ez-zaitez-nahasi-sarean-euskera\/#breadcrumb","itemListElement":[{"@type":"ListItem","position":1,"name":"Home","item":"https:\/\/sortzen.org\/"},{"@type":"ListItem","position":2,"name":"Privado: Tienda","item":"https:\/\/sortzen.org\/?page_id=42"},{"@type":"ListItem","position":3,"name":"Comic \u00abEz zaitez nahasi sarean\u00bb Euskera"}]},{"@type":"WebSite","@id":"https:\/\/sortzen.org\/#website","url":"https:\/\/sortzen.org\/","name":"Sortzen","description":"Consultor\u00eda especializada en la prevenci\u00f3n y atenci\u00f3n de la violencia machista y los procesos de empoderamiento de las mujeres","potentialAction":[{"@type":"SearchAction","target":{"@type":"EntryPoint","urlTemplate":"https:\/\/sortzen.org\/?s={search_term_string}"},"query-input":{"@type":"PropertyValueSpecification","valueRequired":true,"valueName":"search_term_string"}}],"inLanguage":"eu"}]}},"_links":{"self":[{"href":"https:\/\/sortzen.org\/eu\/wp-json\/wp\/v2\/product\/435","targetHints":{"allow":["GET"]}}],"collection":[{"href":"https:\/\/sortzen.org\/eu\/wp-json\/wp\/v2\/product"}],"about":[{"href":"https:\/\/sortzen.org\/eu\/wp-json\/wp\/v2\/types\/product"}],"replies":[{"embeddable":true,"href":"https:\/\/sortzen.org\/eu\/wp-json\/wp\/v2\/comments?post=435"}],"wp:featuredmedia":[{"embeddable":true,"href":"https:\/\/sortzen.org\/eu\/wp-json\/wp\/v2\/media\/426"}],"wp:attachment":[{"href":"https:\/\/sortzen.org\/eu\/wp-json\/wp\/v2\/media?parent=435"}],"wp:term":[{"taxonomy":"product_brand","embeddable":true,"href":"https:\/\/sortzen.org\/eu\/wp-json\/wp\/v2\/product_brand?post=435"},{"taxonomy":"product_cat","embeddable":true,"href":"https:\/\/sortzen.org\/eu\/wp-json\/wp\/v2\/product_cat?post=435"},{"taxonomy":"product_tag","embeddable":true,"href":"https:\/\/sortzen.org\/eu\/wp-json\/wp\/v2\/product_tag?post=435"}],"curies":[{"name":"wp","href":"https:\/\/api.w.org\/{rel}","templated":true}]}}