{"id":448,"date":"2015-02-05T11:24:43","date_gmt":"2015-02-05T10:24:43","guid":{"rendered":"http:\/\/sortzen.org\/wp\/producto\/guia-agresiones-sexuales-contra-las-mujeres-euskera\/"},"modified":"2015-02-10T14:32:21","modified_gmt":"2015-02-10T13:32:21","slug":"sexu-erasoak-euskera","status":"publish","type":"product","link":"https:\/\/sortzen.org\/eu\/produktua\/sexu-erasoak-euskera\/","title":{"rendered":"\u00abSexu Erasoak\u00bb Euskera"},"content":{"rendered":"<p>&nbsp;<\/p>\n<p><strong>Estudio<\/strong>\u00a0que\u00a0se centra en el <strong>an\u00e1lisis del discurso<\/strong> sobre las <strong>agresiones sexuales contra las mujeres<\/strong>, y\u00a0de los <strong>sistemas de prevenci\u00f3n<\/strong> y <strong>atenci\u00f3n<\/strong> a quienes las sufren existentes en la <strong>Comunidad Aut\u00f3noma\u00a0<\/strong>de <strong>Euskadi<\/strong> (CAE).<\/p>","protected":false},"excerpt":{"rendered":"<p><strong>Estudio<\/strong>\u00a0que\u00a0se centra en el <strong>an\u00e1lisis del discurso<\/strong> sobre las <strong>agresiones sexuales contra las mujeres<\/strong>, y\u00a0de los <strong>sistemas de prevenci\u00f3n<\/strong> y <strong>atenci\u00f3n<\/strong> a quienes las sufren existentes en la <strong>Comunidad Aut\u00f3noma\u00a0<\/strong>de <strong>Euskadi<\/strong> (CAE).<\/p>\n<p><strong>Temas:\u00a0 agresiones sexuales<\/strong> contra las <strong>mujeres<\/strong>.<\/p>\n<p><span style=\"font-size: 14pt;\"><strong>* Producto descargable<\/strong><\/span>.\u00a0Podr\u00e1 iniciar la descarga de este material desde la p\u00e1gina <strong>\u00abCompra Finalizada \u00ab<\/strong> o en el \u00ab<strong>Recibo de tu pedido\u00bb<\/strong>\u00a0en su correo electr\u00f3nico.<\/p>","protected":false},"featured_media":446,"comment_status":"open","ping_status":"closed","template":"","meta":[],"product_brand":[],"product_cat":[16],"product_tag":[27,18,28,24,25,26],"class_list":{"0":"post-448","1":"product","2":"type-product","3":"status-publish","4":"has-post-thumbnail","6":"product_cat-material-gratuito","7":"product_tag-agresiones-sexuales","8":"product_tag-guia","9":"product_tag-mujeres","10":"product_tag-sexismo","11":"product_tag-violencia-de-genero","12":"product_tag-violencia-machista","14":"first","15":"instock","16":"downloadable","17":"shipping-taxable","18":"purchasable","19":"product-type-simple"},"yoast_head":"<!-- This site is optimized with the Yoast SEO plugin v27.5 - https:\/\/yoast.com\/product\/yoast-seo-wordpress\/ -->\n<title>&quot;Sexu Erasoak&quot; Euskera<\/title>\n<meta name=\"description\" content=\"Estudio que se centra en el an\u00e1lisis del discurso sobre las agresiones sexuales contra las mujeres en Sortzen consultoria de igualdad de genero.\" \/>\n<meta name=\"robots\" content=\"index, follow, max-snippet:-1, max-image-preview:large, max-video-preview:-1\" \/>\n<link rel=\"canonical\" href=\"https:\/\/sortzen.org\/eu\/produktua\/sexu-erasoak-euskera\/\" \/>\n<meta property=\"og:locale\" content=\"en_US\" \/>\n<meta property=\"og:type\" content=\"article\" \/>\n<meta property=\"og:title\" content=\"&quot;Sexu Erasoak&quot; Euskera\" \/>\n<meta property=\"og:description\" content=\"Estudio que se centra en el an\u00e1lisis del discurso sobre las agresiones sexuales contra las mujeres en Sortzen consultoria de igualdad de genero.\" \/>\n<meta property=\"og:url\" content=\"https:\/\/sortzen.org\/eu\/produktua\/sexu-erasoak-euskera\/\" \/>\n<meta property=\"og:site_name\" content=\"Sortzen\" \/>\n<meta property=\"article:modified_time\" content=\"2015-02-10T13:32:21+00:00\" \/>\n<meta property=\"og:image\" content=\"https:\/\/sortzen.org\/wp-content\/uploads\/2015\/02\/producto-guia-agresiones-sexuales-sortzen-eusk.jpg\" \/>\n\t<meta property=\"og:image:width\" content=\"500\" \/>\n\t<meta property=\"og:image:height\" content=\"450\" \/>\n\t<meta property=\"og:image:type\" content=\"image\/jpeg\" \/>\n<script type=\"application\/ld+json\" class=\"yoast-schema-graph\">{\"@context\":\"https:\\\/\\\/schema.org\",\"@graph\":[{\"@type\":\"WebPage\",\"@id\":\"https:\\\/\\\/sortzen.org\\\/producto\\\/sexu-erasoak-euskera\\\/\",\"url\":\"https:\\\/\\\/sortzen.org\\\/producto\\\/sexu-erasoak-euskera\\\/\",\"name\":\"\\\"Sexu Erasoak\\\" Euskera\",\"isPartOf\":{\"@id\":\"https:\\\/\\\/sortzen.org\\\/#website\"},\"primaryImageOfPage\":{\"@id\":\"https:\\\/\\\/sortzen.org\\\/producto\\\/sexu-erasoak-euskera\\\/#primaryimage\"},\"image\":{\"@id\":\"https:\\\/\\\/sortzen.org\\\/producto\\\/sexu-erasoak-euskera\\\/#primaryimage\"},\"thumbnailUrl\":\"https:\\\/\\\/sortzen.org\\\/wp-content\\\/uploads\\\/2015\\\/02\\\/producto-guia-agresiones-sexuales-sortzen-eusk.jpg\",\"datePublished\":\"2015-02-05T10:24:43+00:00\",\"dateModified\":\"2015-02-10T13:32:21+00:00\",\"description\":\"Estudio que se centra en el an\u00e1lisis del discurso sobre las agresiones sexuales contra las mujeres en Sortzen consultoria de igualdad de genero.\",\"breadcrumb\":{\"@id\":\"https:\\\/\\\/sortzen.org\\\/producto\\\/sexu-erasoak-euskera\\\/#breadcrumb\"},\"inLanguage\":\"eu\",\"potentialAction\":[{\"@type\":\"ReadAction\",\"target\":[\"https:\\\/\\\/sortzen.org\\\/producto\\\/sexu-erasoak-euskera\\\/\"]}]},{\"@type\":\"ImageObject\",\"inLanguage\":\"eu\",\"@id\":\"https:\\\/\\\/sortzen.org\\\/producto\\\/sexu-erasoak-euskera\\\/#primaryimage\",\"url\":\"https:\\\/\\\/sortzen.org\\\/wp-content\\\/uploads\\\/2015\\\/02\\\/producto-guia-agresiones-sexuales-sortzen-eusk.jpg\",\"contentUrl\":\"https:\\\/\\\/sortzen.org\\\/wp-content\\\/uploads\\\/2015\\\/02\\\/producto-guia-agresiones-sexuales-sortzen-eusk.jpg\",\"width\":500,\"height\":450},{\"@type\":\"BreadcrumbList\",\"@id\":\"https:\\\/\\\/sortzen.org\\\/producto\\\/sexu-erasoak-euskera\\\/#breadcrumb\",\"itemListElement\":[{\"@type\":\"ListItem\",\"position\":1,\"name\":\"Home\",\"item\":\"https:\\\/\\\/sortzen.org\\\/\"},{\"@type\":\"ListItem\",\"position\":2,\"name\":\"Privado: Tienda\",\"item\":\"https:\\\/\\\/sortzen.org\\\/?page_id=42\"},{\"@type\":\"ListItem\",\"position\":3,\"name\":\"\u00abSexu Erasoak\u00bb Euskera\"}]},{\"@type\":\"WebSite\",\"@id\":\"https:\\\/\\\/sortzen.org\\\/#website\",\"url\":\"https:\\\/\\\/sortzen.org\\\/\",\"name\":\"Sortzen\",\"description\":\"Consultor\u00eda especializada en la prevenci\u00f3n y atenci\u00f3n de la violencia machista y los procesos de empoderamiento de las mujeres\",\"potentialAction\":[{\"@type\":\"SearchAction\",\"target\":{\"@type\":\"EntryPoint\",\"urlTemplate\":\"https:\\\/\\\/sortzen.org\\\/?s={search_term_string}\"},\"query-input\":{\"@type\":\"PropertyValueSpecification\",\"valueRequired\":true,\"valueName\":\"search_term_string\"}}],\"inLanguage\":\"eu\"}]}<\/script>\n<!-- \/ Yoast SEO plugin. -->","yoast_head_json":{"title":"\"Sexu Erasoak\" Euskera","description":"Estudio que se centra en el an\u00e1lisis del discurso sobre las agresiones sexuales contra las mujeres en Sortzen consultoria de igualdad de genero.","robots":{"index":"index","follow":"follow","max-snippet":"max-snippet:-1","max-image-preview":"max-image-preview:large","max-video-preview":"max-video-preview:-1"},"canonical":"https:\/\/sortzen.org\/eu\/produktua\/sexu-erasoak-euskera\/","og_locale":"en_US","og_type":"article","og_title":"\"Sexu Erasoak\" Euskera","og_description":"Estudio que se centra en el an\u00e1lisis del discurso sobre las agresiones sexuales contra las mujeres en Sortzen consultoria de igualdad de genero.","og_url":"https:\/\/sortzen.org\/eu\/produktua\/sexu-erasoak-euskera\/","og_site_name":"Sortzen","article_modified_time":"2015-02-10T13:32:21+00:00","og_image":[{"width":500,"height":450,"url":"https:\/\/sortzen.org\/wp-content\/uploads\/2015\/02\/producto-guia-agresiones-sexuales-sortzen-eusk.jpg","type":"image\/jpeg"}],"schema":{"@context":"https:\/\/schema.org","@graph":[{"@type":"WebPage","@id":"https:\/\/sortzen.org\/producto\/sexu-erasoak-euskera\/","url":"https:\/\/sortzen.org\/producto\/sexu-erasoak-euskera\/","name":"\"Sexu Erasoak\" Euskera","isPartOf":{"@id":"https:\/\/sortzen.org\/#website"},"primaryImageOfPage":{"@id":"https:\/\/sortzen.org\/producto\/sexu-erasoak-euskera\/#primaryimage"},"image":{"@id":"https:\/\/sortzen.org\/producto\/sexu-erasoak-euskera\/#primaryimage"},"thumbnailUrl":"https:\/\/sortzen.org\/wp-content\/uploads\/2015\/02\/producto-guia-agresiones-sexuales-sortzen-eusk.jpg","datePublished":"2015-02-05T10:24:43+00:00","dateModified":"2015-02-10T13:32:21+00:00","description":"Estudio que se centra en el an\u00e1lisis del discurso sobre las agresiones sexuales contra las mujeres en Sortzen consultoria de igualdad de genero.","breadcrumb":{"@id":"https:\/\/sortzen.org\/producto\/sexu-erasoak-euskera\/#breadcrumb"},"inLanguage":"eu","potentialAction":[{"@type":"ReadAction","target":["https:\/\/sortzen.org\/producto\/sexu-erasoak-euskera\/"]}]},{"@type":"ImageObject","inLanguage":"eu","@id":"https:\/\/sortzen.org\/producto\/sexu-erasoak-euskera\/#primaryimage","url":"https:\/\/sortzen.org\/wp-content\/uploads\/2015\/02\/producto-guia-agresiones-sexuales-sortzen-eusk.jpg","contentUrl":"https:\/\/sortzen.org\/wp-content\/uploads\/2015\/02\/producto-guia-agresiones-sexuales-sortzen-eusk.jpg","width":500,"height":450},{"@type":"BreadcrumbList","@id":"https:\/\/sortzen.org\/producto\/sexu-erasoak-euskera\/#breadcrumb","itemListElement":[{"@type":"ListItem","position":1,"name":"Home","item":"https:\/\/sortzen.org\/"},{"@type":"ListItem","position":2,"name":"Privado: Tienda","item":"https:\/\/sortzen.org\/?page_id=42"},{"@type":"ListItem","position":3,"name":"\u00abSexu Erasoak\u00bb Euskera"}]},{"@type":"WebSite","@id":"https:\/\/sortzen.org\/#website","url":"https:\/\/sortzen.org\/","name":"Sortzen","description":"Consultor\u00eda especializada en la prevenci\u00f3n y atenci\u00f3n de la violencia machista y los procesos de empoderamiento de las mujeres","potentialAction":[{"@type":"SearchAction","target":{"@type":"EntryPoint","urlTemplate":"https:\/\/sortzen.org\/?s={search_term_string}"},"query-input":{"@type":"PropertyValueSpecification","valueRequired":true,"valueName":"search_term_string"}}],"inLanguage":"eu"}]}},"_links":{"self":[{"href":"https:\/\/sortzen.org\/eu\/wp-json\/wp\/v2\/product\/448","targetHints":{"allow":["GET"]}}],"collection":[{"href":"https:\/\/sortzen.org\/eu\/wp-json\/wp\/v2\/product"}],"about":[{"href":"https:\/\/sortzen.org\/eu\/wp-json\/wp\/v2\/types\/product"}],"replies":[{"embeddable":true,"href":"https:\/\/sortzen.org\/eu\/wp-json\/wp\/v2\/comments?post=448"}],"wp:featuredmedia":[{"embeddable":true,"href":"https:\/\/sortzen.org\/eu\/wp-json\/wp\/v2\/media\/446"}],"wp:attachment":[{"href":"https:\/\/sortzen.org\/eu\/wp-json\/wp\/v2\/media?parent=448"}],"wp:term":[{"taxonomy":"product_brand","embeddable":true,"href":"https:\/\/sortzen.org\/eu\/wp-json\/wp\/v2\/product_brand?post=448"},{"taxonomy":"product_cat","embeddable":true,"href":"https:\/\/sortzen.org\/eu\/wp-json\/wp\/v2\/product_cat?post=448"},{"taxonomy":"product_tag","embeddable":true,"href":"https:\/\/sortzen.org\/eu\/wp-json\/wp\/v2\/product_tag?post=448"}],"curies":[{"name":"wp","href":"https:\/\/api.w.org\/{rel}","templated":true}]}}