{"id":455,"date":"2015-02-05T11:33:46","date_gmt":"2015-02-05T10:33:46","guid":{"rendered":"http:\/\/sortzen.org\/wp\/producto\/guia-duena-de-mi-dinero\/"},"modified":"2025-05-31T17:23:30","modified_gmt":"2025-05-31T16:23:30","slug":"duena-de-mi-dinero","status":"publish","type":"product","link":"https:\/\/sortzen.org\/eu\/produktua\/duena-de-mi-dinero\/","title":{"rendered":"\u00abDue\u00f1a de mi dinero\u00bb"},"content":{"rendered":"<p>&nbsp;<\/p>\n<p>En estas p\u00e1ginas est\u00e1n contenidas <strong>historias de mujeres<\/strong> que se <strong>buscan la vida<\/strong> aqu\u00ed para\u00a0que puedan vivir all\u00e1 sus hijas e hijos, sus madres, sus padres, sus familias&#8230;\u00a0Se escribe sobre las remesas que son de dinero pero tambi\u00e9n de cuidados,\u00a0de cari\u00f1o, de ideas que van y vienen.<\/p>\n<p>Para las <strong>mujeres que est\u00e1n aprendiendo a vivir aqu\u00ed<\/strong> y all\u00e1, que est\u00e1n \u00a0aprendiendo a ser due\u00f1as del dinero que ganan.<\/p>\n<p>En estas p\u00e1ginas hay palabras de mujeres que quieren ser due\u00f1as de sus vidas<\/p>","protected":false},"excerpt":{"rendered":"<p><strong>Estudio\u00a0<\/strong>para las <strong>mujeres<\/strong> que est\u00e1n <strong>aprendiendo a vivir aqu\u00ed y all\u00e1<\/strong>, que est\u00e1n \u00a0aprendiendo a ser <strong>due\u00f1as del dinero que ganan<\/strong>.<\/p>\n<p><strong>Temas: \u00a0Mujeres <\/strong>que se<strong> ganan la vida aqu\u00ed <\/strong>y<strong> gestionan <\/strong>su propio<strong> dinero.<\/strong><\/p>\n<p><span style=\"font-size: 14pt;\"><strong>* Producto descargable<\/strong><\/span>.\u00a0Podr\u00e1 iniciar la descarga de este material desde la p\u00e1gina <strong>\u00abCompra Finalizada \u00ab<\/strong> o en el \u00ab<strong>Recibo de tu pedido\u00bb<\/strong>\u00a0en su correo electr\u00f3nico.<\/p>","protected":false},"featured_media":420,"comment_status":"open","ping_status":"closed","template":"","meta":[],"product_brand":[],"product_cat":[16],"product_tag":[18,28,24],"class_list":{"0":"post-455","1":"product","2":"type-product","3":"status-publish","4":"has-post-thumbnail","6":"product_cat-material-gratuito","7":"product_tag-guia","8":"product_tag-mujeres","9":"product_tag-sexismo","11":"first","12":"instock","13":"downloadable","14":"shipping-taxable","15":"purchasable","16":"product-type-simple"},"yoast_head":"<!-- This site is optimized with the Yoast SEO plugin v27.5 - https:\/\/yoast.com\/product\/yoast-seo-wordpress\/ -->\n<title>&quot;Due\u00f1a de mi dinero&quot; - Sortzen Consultoria<\/title>\n<meta name=\"description\" content=\"Estudio para las mujeres que est\u00e1n aprendiendo a vivir aqu\u00ed y all\u00e1 y a ser due\u00f1as del dinero que ganan en Sortzen consultoria de igualdad de genero.\" \/>\n<meta name=\"robots\" content=\"index, follow, max-snippet:-1, max-image-preview:large, max-video-preview:-1\" \/>\n<link rel=\"canonical\" href=\"https:\/\/sortzen.org\/eu\/produktua\/duena-de-mi-dinero\/\" \/>\n<meta property=\"og:locale\" content=\"en_US\" \/>\n<meta property=\"og:type\" content=\"article\" \/>\n<meta property=\"og:title\" content=\"&quot;Due\u00f1a de mi dinero&quot; - Sortzen Consultoria\" \/>\n<meta property=\"og:description\" content=\"Estudio para las mujeres que est\u00e1n aprendiendo a vivir aqu\u00ed y all\u00e1 y a ser due\u00f1as del dinero que ganan en Sortzen consultoria de igualdad de genero.\" \/>\n<meta property=\"og:url\" content=\"https:\/\/sortzen.org\/eu\/produktua\/duena-de-mi-dinero\/\" \/>\n<meta property=\"og:site_name\" content=\"Sortzen\" \/>\n<meta property=\"article:modified_time\" content=\"2025-05-31T16:23:30+00:00\" \/>\n<meta property=\"og:image\" content=\"https:\/\/sortzen.org\/wp-content\/uploads\/2015\/02\/producto-duena-de-mi-dinero-sortzen.jpg\" \/>\n\t<meta property=\"og:image:width\" content=\"500\" \/>\n\t<meta property=\"og:image:height\" content=\"450\" \/>\n\t<meta property=\"og:image:type\" content=\"image\/jpeg\" \/>\n<script type=\"application\/ld+json\" class=\"yoast-schema-graph\">{\"@context\":\"https:\\\/\\\/schema.org\",\"@graph\":[{\"@type\":\"WebPage\",\"@id\":\"https:\\\/\\\/sortzen.org\\\/producto\\\/duena-de-mi-dinero\\\/\",\"url\":\"https:\\\/\\\/sortzen.org\\\/producto\\\/duena-de-mi-dinero\\\/\",\"name\":\"\\\"Due\u00f1a de mi dinero\\\" - Sortzen Consultoria\",\"isPartOf\":{\"@id\":\"https:\\\/\\\/sortzen.org\\\/#website\"},\"primaryImageOfPage\":{\"@id\":\"https:\\\/\\\/sortzen.org\\\/producto\\\/duena-de-mi-dinero\\\/#primaryimage\"},\"image\":{\"@id\":\"https:\\\/\\\/sortzen.org\\\/producto\\\/duena-de-mi-dinero\\\/#primaryimage\"},\"thumbnailUrl\":\"https:\\\/\\\/sortzen.org\\\/wp-content\\\/uploads\\\/2015\\\/02\\\/producto-duena-de-mi-dinero-sortzen.jpg\",\"datePublished\":\"2015-02-05T10:33:46+00:00\",\"dateModified\":\"2025-05-31T16:23:30+00:00\",\"description\":\"Estudio para las mujeres que est\u00e1n aprendiendo a vivir aqu\u00ed y all\u00e1 y a ser due\u00f1as del dinero que ganan en Sortzen consultoria de igualdad de genero.\",\"breadcrumb\":{\"@id\":\"https:\\\/\\\/sortzen.org\\\/producto\\\/duena-de-mi-dinero\\\/#breadcrumb\"},\"inLanguage\":\"eu\",\"potentialAction\":[{\"@type\":\"ReadAction\",\"target\":[\"https:\\\/\\\/sortzen.org\\\/producto\\\/duena-de-mi-dinero\\\/\"]}]},{\"@type\":\"ImageObject\",\"inLanguage\":\"eu\",\"@id\":\"https:\\\/\\\/sortzen.org\\\/producto\\\/duena-de-mi-dinero\\\/#primaryimage\",\"url\":\"https:\\\/\\\/sortzen.org\\\/wp-content\\\/uploads\\\/2015\\\/02\\\/producto-duena-de-mi-dinero-sortzen.jpg\",\"contentUrl\":\"https:\\\/\\\/sortzen.org\\\/wp-content\\\/uploads\\\/2015\\\/02\\\/producto-duena-de-mi-dinero-sortzen.jpg\",\"width\":500,\"height\":450,\"caption\":\"guia \\\"due\u00f1a de mi dinero\\\" con sortzen asesoria contra la violencia machista\"},{\"@type\":\"BreadcrumbList\",\"@id\":\"https:\\\/\\\/sortzen.org\\\/producto\\\/duena-de-mi-dinero\\\/#breadcrumb\",\"itemListElement\":[{\"@type\":\"ListItem\",\"position\":1,\"name\":\"Home\",\"item\":\"https:\\\/\\\/sortzen.org\\\/\"},{\"@type\":\"ListItem\",\"position\":2,\"name\":\"Privado: Tienda\",\"item\":\"https:\\\/\\\/sortzen.org\\\/?page_id=42\"},{\"@type\":\"ListItem\",\"position\":3,\"name\":\"\u00abDue\u00f1a de mi dinero\u00bb\"}]},{\"@type\":\"WebSite\",\"@id\":\"https:\\\/\\\/sortzen.org\\\/#website\",\"url\":\"https:\\\/\\\/sortzen.org\\\/\",\"name\":\"Sortzen\",\"description\":\"Consultor\u00eda especializada en la prevenci\u00f3n y atenci\u00f3n de la violencia machista y los procesos de empoderamiento de las mujeres\",\"potentialAction\":[{\"@type\":\"SearchAction\",\"target\":{\"@type\":\"EntryPoint\",\"urlTemplate\":\"https:\\\/\\\/sortzen.org\\\/?s={search_term_string}\"},\"query-input\":{\"@type\":\"PropertyValueSpecification\",\"valueRequired\":true,\"valueName\":\"search_term_string\"}}],\"inLanguage\":\"eu\"}]}<\/script>\n<!-- \/ Yoast SEO plugin. -->","yoast_head_json":{"title":"\"Due\u00f1a de mi dinero\" - Sortzen Consultoria","description":"Estudio para las mujeres que est\u00e1n aprendiendo a vivir aqu\u00ed y all\u00e1 y a ser due\u00f1as del dinero que ganan en Sortzen consultoria de igualdad de genero.","robots":{"index":"index","follow":"follow","max-snippet":"max-snippet:-1","max-image-preview":"max-image-preview:large","max-video-preview":"max-video-preview:-1"},"canonical":"https:\/\/sortzen.org\/eu\/produktua\/duena-de-mi-dinero\/","og_locale":"en_US","og_type":"article","og_title":"\"Due\u00f1a de mi dinero\" - Sortzen Consultoria","og_description":"Estudio para las mujeres que est\u00e1n aprendiendo a vivir aqu\u00ed y all\u00e1 y a ser due\u00f1as del dinero que ganan en Sortzen consultoria de igualdad de genero.","og_url":"https:\/\/sortzen.org\/eu\/produktua\/duena-de-mi-dinero\/","og_site_name":"Sortzen","article_modified_time":"2025-05-31T16:23:30+00:00","og_image":[{"width":500,"height":450,"url":"https:\/\/sortzen.org\/wp-content\/uploads\/2015\/02\/producto-duena-de-mi-dinero-sortzen.jpg","type":"image\/jpeg"}],"schema":{"@context":"https:\/\/schema.org","@graph":[{"@type":"WebPage","@id":"https:\/\/sortzen.org\/producto\/duena-de-mi-dinero\/","url":"https:\/\/sortzen.org\/producto\/duena-de-mi-dinero\/","name":"\"Due\u00f1a de mi dinero\" - Sortzen Consultoria","isPartOf":{"@id":"https:\/\/sortzen.org\/#website"},"primaryImageOfPage":{"@id":"https:\/\/sortzen.org\/producto\/duena-de-mi-dinero\/#primaryimage"},"image":{"@id":"https:\/\/sortzen.org\/producto\/duena-de-mi-dinero\/#primaryimage"},"thumbnailUrl":"https:\/\/sortzen.org\/wp-content\/uploads\/2015\/02\/producto-duena-de-mi-dinero-sortzen.jpg","datePublished":"2015-02-05T10:33:46+00:00","dateModified":"2025-05-31T16:23:30+00:00","description":"Estudio para las mujeres que est\u00e1n aprendiendo a vivir aqu\u00ed y all\u00e1 y a ser due\u00f1as del dinero que ganan en Sortzen consultoria de igualdad de genero.","breadcrumb":{"@id":"https:\/\/sortzen.org\/producto\/duena-de-mi-dinero\/#breadcrumb"},"inLanguage":"eu","potentialAction":[{"@type":"ReadAction","target":["https:\/\/sortzen.org\/producto\/duena-de-mi-dinero\/"]}]},{"@type":"ImageObject","inLanguage":"eu","@id":"https:\/\/sortzen.org\/producto\/duena-de-mi-dinero\/#primaryimage","url":"https:\/\/sortzen.org\/wp-content\/uploads\/2015\/02\/producto-duena-de-mi-dinero-sortzen.jpg","contentUrl":"https:\/\/sortzen.org\/wp-content\/uploads\/2015\/02\/producto-duena-de-mi-dinero-sortzen.jpg","width":500,"height":450,"caption":"guia \"due\u00f1a de mi dinero\" con sortzen asesoria contra la violencia machista"},{"@type":"BreadcrumbList","@id":"https:\/\/sortzen.org\/producto\/duena-de-mi-dinero\/#breadcrumb","itemListElement":[{"@type":"ListItem","position":1,"name":"Home","item":"https:\/\/sortzen.org\/"},{"@type":"ListItem","position":2,"name":"Privado: Tienda","item":"https:\/\/sortzen.org\/?page_id=42"},{"@type":"ListItem","position":3,"name":"\u00abDue\u00f1a de mi dinero\u00bb"}]},{"@type":"WebSite","@id":"https:\/\/sortzen.org\/#website","url":"https:\/\/sortzen.org\/","name":"Sortzen","description":"Consultor\u00eda especializada en la prevenci\u00f3n y atenci\u00f3n de la violencia machista y los procesos de empoderamiento de las mujeres","potentialAction":[{"@type":"SearchAction","target":{"@type":"EntryPoint","urlTemplate":"https:\/\/sortzen.org\/?s={search_term_string}"},"query-input":{"@type":"PropertyValueSpecification","valueRequired":true,"valueName":"search_term_string"}}],"inLanguage":"eu"}]}},"_links":{"self":[{"href":"https:\/\/sortzen.org\/eu\/wp-json\/wp\/v2\/product\/455","targetHints":{"allow":["GET"]}}],"collection":[{"href":"https:\/\/sortzen.org\/eu\/wp-json\/wp\/v2\/product"}],"about":[{"href":"https:\/\/sortzen.org\/eu\/wp-json\/wp\/v2\/types\/product"}],"replies":[{"embeddable":true,"href":"https:\/\/sortzen.org\/eu\/wp-json\/wp\/v2\/comments?post=455"}],"wp:featuredmedia":[{"embeddable":true,"href":"https:\/\/sortzen.org\/eu\/wp-json\/wp\/v2\/media\/420"}],"wp:attachment":[{"href":"https:\/\/sortzen.org\/eu\/wp-json\/wp\/v2\/media?parent=455"}],"wp:term":[{"taxonomy":"product_brand","embeddable":true,"href":"https:\/\/sortzen.org\/eu\/wp-json\/wp\/v2\/product_brand?post=455"},{"taxonomy":"product_cat","embeddable":true,"href":"https:\/\/sortzen.org\/eu\/wp-json\/wp\/v2\/product_cat?post=455"},{"taxonomy":"product_tag","embeddable":true,"href":"https:\/\/sortzen.org\/eu\/wp-json\/wp\/v2\/product_tag?post=455"}],"curies":[{"name":"wp","href":"https:\/\/api.w.org\/{rel}","templated":true}]}}