{"id":640,"date":"2016-02-16T12:27:44","date_gmt":"2016-02-16T11:27:44","guid":{"rendered":"http:\/\/sortzen.org\/producto\/los-trapos-sucios\/"},"modified":"2025-05-31T11:35:30","modified_gmt":"2025-05-31T10:35:30","slug":"los-trapos-sucios","status":"publish","type":"product","link":"https:\/\/sortzen.org\/eu\/produktua\/los-trapos-sucios\/","title":{"rendered":"\u00abLos trapos sucios se lavan en casa, pero&#8230; \u00bfqui\u00e9n los lava?\u00bb"},"content":{"rendered":"<p style=\"text-align: justify;\"><span style=\"font-family: verdana, geneva;\">El proyecto de <strong>migrar<\/strong> para muchas <strong>mujeres<\/strong>, por lo menos para las que nos cuentan en estas p\u00e1ginas sus historias, nunca tiene\u00a0una sola raz\u00f3n: el deseo de mejorar, de romper\u00a0con el control de la familia, de buscar nuevas\u00a0experiencias, de encontrar mejores condiciones\u00a0de vida, de ganarse la vida y otras m\u00e1s, y a veces\u00a0m\u00e1s de una, est\u00e1n presentes en su decisi\u00f3n de\u00a0migrar; pero, dejar la familia, las hijas e hijos en\u00a0el pa\u00eds de origen es mucho m\u00e1s f\u00e1cil de pensar\u00a0que de vivir.<\/span><\/p>","protected":false},"excerpt":{"rendered":"<p><span style=\"font-family: verdana, geneva;\"> Ocho historias. Ocho <strong>mujeres<\/strong> que nos cuentan lo que esperaban encontrarse y lo que se\u00a0encontraron en el Pa\u00eds Vasco.<\/span><\/p>\n<p><span style=\"font-family: verdana, geneva;\"><strong>Temas: \u00a0Mujeres migradas empleadas de hogar<\/strong><strong>.<\/strong><\/span><\/p>\n<p><span style=\"font-family: verdana, geneva;\"><span style=\"font-size: 14pt;\"><strong><span style=\"font-size: 12pt;\">*<\/span> <span style=\"font-size: 12pt;\">Producto descargable<\/span><\/strong><\/span><span style=\"font-size: 12pt;\">.\u00a0Podr\u00e1 iniciar la descarga de este material desde la p\u00e1gina <strong>\u00abCompra Finalizada \u00ab<\/strong> o en el \u00ab<strong>Recibo de tu pedido\u00bb<\/strong>\u00a0en su correo electr\u00f3nico.<\/span><\/span><\/p>","protected":false},"featured_media":638,"comment_status":"open","ping_status":"closed","template":"","meta":[],"product_brand":[],"product_cat":[16],"product_tag":[28,24],"class_list":{"0":"post-640","1":"product","2":"type-product","3":"status-publish","4":"has-post-thumbnail","6":"product_cat-material-gratuito","7":"product_tag-mujeres","8":"product_tag-sexismo","10":"first","11":"instock","12":"downloadable","13":"shipping-taxable","14":"purchasable","15":"product-type-simple"},"yoast_head":"<!-- This site is optimized with the Yoast SEO plugin v27.5 - https:\/\/yoast.com\/product\/yoast-seo-wordpress\/ -->\n<title>&quot;Los trapos sucios&quot; - Sortzen Consultoria<\/title>\n<meta name=\"description\" content=\"Mujeres migradas empleadas de hogar en Sortzen consultoria de igualdad de genero.\" \/>\n<meta name=\"robots\" content=\"index, follow, max-snippet:-1, max-image-preview:large, max-video-preview:-1\" \/>\n<link rel=\"canonical\" href=\"https:\/\/sortzen.org\/eu\/produktua\/los-trapos-sucios\/\" \/>\n<meta property=\"og:locale\" content=\"en_US\" \/>\n<meta property=\"og:type\" content=\"article\" \/>\n<meta property=\"og:title\" content=\"&quot;Los trapos sucios&quot; - Sortzen Consultoria\" \/>\n<meta property=\"og:description\" content=\"Mujeres migradas empleadas de hogar en Sortzen consultoria de igualdad de genero.\" \/>\n<meta property=\"og:url\" content=\"https:\/\/sortzen.org\/eu\/produktua\/los-trapos-sucios\/\" \/>\n<meta property=\"og:site_name\" content=\"Sortzen\" \/>\n<meta property=\"article:modified_time\" content=\"2025-05-31T10:35:30+00:00\" \/>\n<meta property=\"og:image\" content=\"https:\/\/sortzen.org\/wp-content\/uploads\/2016\/02\/revista-sortzen2.jpg\" \/>\n\t<meta property=\"og:image:width\" content=\"291\" \/>\n\t<meta property=\"og:image:height\" content=\"412\" \/>\n\t<meta property=\"og:image:type\" content=\"image\/jpeg\" \/>\n<script type=\"application\/ld+json\" class=\"yoast-schema-graph\">{\"@context\":\"https:\\\/\\\/schema.org\",\"@graph\":[{\"@type\":\"WebPage\",\"@id\":\"https:\\\/\\\/sortzen.org\\\/producto\\\/los-trapos-sucios\\\/\",\"url\":\"https:\\\/\\\/sortzen.org\\\/producto\\\/los-trapos-sucios\\\/\",\"name\":\"\\\"Los trapos sucios\\\" - Sortzen Consultoria\",\"isPartOf\":{\"@id\":\"https:\\\/\\\/sortzen.org\\\/#website\"},\"primaryImageOfPage\":{\"@id\":\"https:\\\/\\\/sortzen.org\\\/producto\\\/los-trapos-sucios\\\/#primaryimage\"},\"image\":{\"@id\":\"https:\\\/\\\/sortzen.org\\\/producto\\\/los-trapos-sucios\\\/#primaryimage\"},\"thumbnailUrl\":\"https:\\\/\\\/sortzen.org\\\/wp-content\\\/uploads\\\/2016\\\/02\\\/revista-sortzen2.jpg\",\"datePublished\":\"2016-02-16T11:27:44+00:00\",\"dateModified\":\"2025-05-31T10:35:30+00:00\",\"description\":\"Mujeres migradas empleadas de hogar en Sortzen consultoria de igualdad de genero.\",\"breadcrumb\":{\"@id\":\"https:\\\/\\\/sortzen.org\\\/producto\\\/los-trapos-sucios\\\/#breadcrumb\"},\"inLanguage\":\"eu\",\"potentialAction\":[{\"@type\":\"ReadAction\",\"target\":[\"https:\\\/\\\/sortzen.org\\\/producto\\\/los-trapos-sucios\\\/\"]}]},{\"@type\":\"ImageObject\",\"inLanguage\":\"eu\",\"@id\":\"https:\\\/\\\/sortzen.org\\\/producto\\\/los-trapos-sucios\\\/#primaryimage\",\"url\":\"https:\\\/\\\/sortzen.org\\\/wp-content\\\/uploads\\\/2016\\\/02\\\/revista-sortzen2.jpg\",\"contentUrl\":\"https:\\\/\\\/sortzen.org\\\/wp-content\\\/uploads\\\/2016\\\/02\\\/revista-sortzen2.jpg\",\"width\":291,\"height\":412},{\"@type\":\"BreadcrumbList\",\"@id\":\"https:\\\/\\\/sortzen.org\\\/producto\\\/los-trapos-sucios\\\/#breadcrumb\",\"itemListElement\":[{\"@type\":\"ListItem\",\"position\":1,\"name\":\"Home\",\"item\":\"https:\\\/\\\/sortzen.org\\\/\"},{\"@type\":\"ListItem\",\"position\":2,\"name\":\"Privado: Tienda\",\"item\":\"https:\\\/\\\/sortzen.org\\\/?page_id=42\"},{\"@type\":\"ListItem\",\"position\":3,\"name\":\"\u00abLos trapos sucios se lavan en casa, pero&#8230; \u00bfqui\u00e9n los lava?\u00bb\"}]},{\"@type\":\"WebSite\",\"@id\":\"https:\\\/\\\/sortzen.org\\\/#website\",\"url\":\"https:\\\/\\\/sortzen.org\\\/\",\"name\":\"Sortzen\",\"description\":\"Consultor\u00eda especializada en la prevenci\u00f3n y atenci\u00f3n de la violencia machista y los procesos de empoderamiento de las mujeres\",\"potentialAction\":[{\"@type\":\"SearchAction\",\"target\":{\"@type\":\"EntryPoint\",\"urlTemplate\":\"https:\\\/\\\/sortzen.org\\\/?s={search_term_string}\"},\"query-input\":{\"@type\":\"PropertyValueSpecification\",\"valueRequired\":true,\"valueName\":\"search_term_string\"}}],\"inLanguage\":\"eu\"}]}<\/script>\n<!-- \/ Yoast SEO plugin. -->","yoast_head_json":{"title":"\"Los trapos sucios\" - Sortzen Consultoria","description":"Mujeres migradas empleadas de hogar en Sortzen consultoria de igualdad de genero.","robots":{"index":"index","follow":"follow","max-snippet":"max-snippet:-1","max-image-preview":"max-image-preview:large","max-video-preview":"max-video-preview:-1"},"canonical":"https:\/\/sortzen.org\/eu\/produktua\/los-trapos-sucios\/","og_locale":"en_US","og_type":"article","og_title":"\"Los trapos sucios\" - Sortzen Consultoria","og_description":"Mujeres migradas empleadas de hogar en Sortzen consultoria de igualdad de genero.","og_url":"https:\/\/sortzen.org\/eu\/produktua\/los-trapos-sucios\/","og_site_name":"Sortzen","article_modified_time":"2025-05-31T10:35:30+00:00","og_image":[{"width":291,"height":412,"url":"https:\/\/sortzen.org\/wp-content\/uploads\/2016\/02\/revista-sortzen2.jpg","type":"image\/jpeg"}],"schema":{"@context":"https:\/\/schema.org","@graph":[{"@type":"WebPage","@id":"https:\/\/sortzen.org\/producto\/los-trapos-sucios\/","url":"https:\/\/sortzen.org\/producto\/los-trapos-sucios\/","name":"\"Los trapos sucios\" - Sortzen Consultoria","isPartOf":{"@id":"https:\/\/sortzen.org\/#website"},"primaryImageOfPage":{"@id":"https:\/\/sortzen.org\/producto\/los-trapos-sucios\/#primaryimage"},"image":{"@id":"https:\/\/sortzen.org\/producto\/los-trapos-sucios\/#primaryimage"},"thumbnailUrl":"https:\/\/sortzen.org\/wp-content\/uploads\/2016\/02\/revista-sortzen2.jpg","datePublished":"2016-02-16T11:27:44+00:00","dateModified":"2025-05-31T10:35:30+00:00","description":"Mujeres migradas empleadas de hogar en Sortzen consultoria de igualdad de genero.","breadcrumb":{"@id":"https:\/\/sortzen.org\/producto\/los-trapos-sucios\/#breadcrumb"},"inLanguage":"eu","potentialAction":[{"@type":"ReadAction","target":["https:\/\/sortzen.org\/producto\/los-trapos-sucios\/"]}]},{"@type":"ImageObject","inLanguage":"eu","@id":"https:\/\/sortzen.org\/producto\/los-trapos-sucios\/#primaryimage","url":"https:\/\/sortzen.org\/wp-content\/uploads\/2016\/02\/revista-sortzen2.jpg","contentUrl":"https:\/\/sortzen.org\/wp-content\/uploads\/2016\/02\/revista-sortzen2.jpg","width":291,"height":412},{"@type":"BreadcrumbList","@id":"https:\/\/sortzen.org\/producto\/los-trapos-sucios\/#breadcrumb","itemListElement":[{"@type":"ListItem","position":1,"name":"Home","item":"https:\/\/sortzen.org\/"},{"@type":"ListItem","position":2,"name":"Privado: Tienda","item":"https:\/\/sortzen.org\/?page_id=42"},{"@type":"ListItem","position":3,"name":"\u00abLos trapos sucios se lavan en casa, pero&#8230; \u00bfqui\u00e9n los lava?\u00bb"}]},{"@type":"WebSite","@id":"https:\/\/sortzen.org\/#website","url":"https:\/\/sortzen.org\/","name":"Sortzen","description":"Consultor\u00eda especializada en la prevenci\u00f3n y atenci\u00f3n de la violencia machista y los procesos de empoderamiento de las mujeres","potentialAction":[{"@type":"SearchAction","target":{"@type":"EntryPoint","urlTemplate":"https:\/\/sortzen.org\/?s={search_term_string}"},"query-input":{"@type":"PropertyValueSpecification","valueRequired":true,"valueName":"search_term_string"}}],"inLanguage":"eu"}]}},"_links":{"self":[{"href":"https:\/\/sortzen.org\/eu\/wp-json\/wp\/v2\/product\/640","targetHints":{"allow":["GET"]}}],"collection":[{"href":"https:\/\/sortzen.org\/eu\/wp-json\/wp\/v2\/product"}],"about":[{"href":"https:\/\/sortzen.org\/eu\/wp-json\/wp\/v2\/types\/product"}],"replies":[{"embeddable":true,"href":"https:\/\/sortzen.org\/eu\/wp-json\/wp\/v2\/comments?post=640"}],"wp:featuredmedia":[{"embeddable":true,"href":"https:\/\/sortzen.org\/eu\/wp-json\/wp\/v2\/media\/638"}],"wp:attachment":[{"href":"https:\/\/sortzen.org\/eu\/wp-json\/wp\/v2\/media?parent=640"}],"wp:term":[{"taxonomy":"product_brand","embeddable":true,"href":"https:\/\/sortzen.org\/eu\/wp-json\/wp\/v2\/product_brand?post=640"},{"taxonomy":"product_cat","embeddable":true,"href":"https:\/\/sortzen.org\/eu\/wp-json\/wp\/v2\/product_cat?post=640"},{"taxonomy":"product_tag","embeddable":true,"href":"https:\/\/sortzen.org\/eu\/wp-json\/wp\/v2\/product_tag?post=640"}],"curies":[{"name":"wp","href":"https:\/\/api.w.org\/{rel}","templated":true}]}}