{"id":692,"date":"2016-04-14T09:05:33","date_gmt":"2016-04-14T08:05:33","guid":{"rendered":"http:\/\/sortzen.org\/producto\/amatasun-migratuak\/"},"modified":"2025-05-31T02:23:52","modified_gmt":"2025-05-31T01:23:52","slug":"amatasun-migratuak","status":"publish","type":"product","link":"https:\/\/sortzen.org\/eu\/produktua\/amatasun-migratuak\/","title":{"rendered":"\u00abAmatasun MIGRATUAK\u00bb"},"content":{"rendered":"<p style=\"text-align: justify;\"><span style=\"font-family: verdana, geneva; font-size: 12pt;\"> Orrialde hauetan mintzo diren <strong>emakumeak<\/strong>,\u00a0hain zuzen ere, <strong>migratu duten emakumeak<\/strong> dira,\u00a0eta beren amatasunari eta beren seme-alaben\u00a0zaintzari buruz hausnartzen dute, oso modu desberdinetan gauzatzen baita zaintza hori: hurbiltasun fi sikoan, beraiek eta beren seme-alabak apurka-apurka egokitu behar duten inguru ezezagun\u00a0batean, hemen jaio badira edo hona etorri badira,\u00a0edo urruntasun geogra fi kotik, teknologia berrien\u00a0bidez distantzia hori mozten saiatuz.<\/span><\/p>","protected":false},"excerpt":{"rendered":"<p><span style=\"font-family: verdana, geneva; font-size: 12pt;\">Orrialde hauetan mintzo diren <strong>emakumeak<\/strong>,\u00a0hain zuzen ere, <strong>migratu duten emakumeak<\/strong> dira,\u00a0eta beren amatasunari eta beren seme-alaben\u00a0zaintzari buruz hausnartzen dute.<\/span><\/p>\n<p><span style=\"font-family: verdana, geneva;\"><strong>Gaiak: \u00a0<\/strong>Beraien<strong> bizitza hemen <\/strong>egiten duten eta bere<strong>\u00a0amatasuna urrutitik kudeatzen <\/strong>duten emakumeak.<\/span><\/p>\n<p><span style=\"font-family: verdana, geneva;\"><span style=\"font-size: 14pt;\"><strong><span style=\"font-size: 12pt;\">*<\/span> <span style=\"font-size: 12pt;\">Producto descargable<\/span><\/strong><\/span><span style=\"font-size: 12pt;\">.\u00a0Podr\u00e1 iniciar la descarga de este material desde la p\u00e1gina <strong>\u00abCompra Finalizada \u00ab<\/strong> o en el \u00ab<strong>Recibo de tu pedido\u00bb<\/strong>\u00a0en su correo electr\u00f3nico.<\/span><\/span><\/p>","protected":false},"featured_media":696,"comment_status":"open","ping_status":"closed","template":"","meta":[],"product_brand":[],"product_cat":[16],"product_tag":[28,24],"class_list":{"0":"post-692","1":"product","2":"type-product","3":"status-publish","4":"has-post-thumbnail","6":"product_cat-material-gratuito","7":"product_tag-mujeres","8":"product_tag-sexismo","10":"first","11":"instock","12":"downloadable","13":"shipping-taxable","14":"purchasable","15":"product-type-simple"},"yoast_head":"<!-- This site is optimized with the Yoast SEO plugin v27.5 - https:\/\/yoast.com\/product\/yoast-seo-wordpress\/ -->\n<title>&quot;Amatasun MIGRATUAK&quot; - Sortzen Consultoria<\/title>\n<meta name=\"description\" content=\"Bizitzen eta bere amatasuna urrutitik kudeatzen ari diren emakumeak. Sortzen consultoria\" \/>\n<meta name=\"robots\" content=\"index, follow, max-snippet:-1, max-image-preview:large, max-video-preview:-1\" \/>\n<link rel=\"canonical\" href=\"https:\/\/sortzen.org\/eu\/produktua\/amatasun-migratuak\/\" \/>\n<meta property=\"og:locale\" content=\"en_US\" \/>\n<meta property=\"og:type\" content=\"article\" \/>\n<meta property=\"og:title\" content=\"&quot;Amatasun MIGRATUAK&quot; - Sortzen Consultoria\" \/>\n<meta property=\"og:description\" content=\"Bizitzen eta bere amatasuna urrutitik kudeatzen ari diren emakumeak. Sortzen consultoria\" \/>\n<meta property=\"og:url\" content=\"https:\/\/sortzen.org\/eu\/produktua\/amatasun-migratuak\/\" \/>\n<meta property=\"og:site_name\" content=\"Sortzen\" \/>\n<meta property=\"article:modified_time\" content=\"2025-05-31T01:23:52+00:00\" \/>\n<meta property=\"og:image\" content=\"https:\/\/sortzen.org\/wp-content\/uploads\/2016\/04\/Amatasun-MIGRATUAK-e1460624924515.jpg\" \/>\n\t<meta property=\"og:image:width\" content=\"396\" \/>\n\t<meta property=\"og:image:height\" content=\"560\" \/>\n\t<meta property=\"og:image:type\" content=\"image\/jpeg\" \/>\n<script type=\"application\/ld+json\" class=\"yoast-schema-graph\">{\"@context\":\"https:\\\/\\\/schema.org\",\"@graph\":[{\"@type\":\"WebPage\",\"@id\":\"https:\\\/\\\/sortzen.org\\\/producto\\\/amatasun-migratuak\\\/\",\"url\":\"https:\\\/\\\/sortzen.org\\\/producto\\\/amatasun-migratuak\\\/\",\"name\":\"\\\"Amatasun MIGRATUAK\\\" - Sortzen Consultoria\",\"isPartOf\":{\"@id\":\"https:\\\/\\\/sortzen.org\\\/#website\"},\"primaryImageOfPage\":{\"@id\":\"https:\\\/\\\/sortzen.org\\\/producto\\\/amatasun-migratuak\\\/#primaryimage\"},\"image\":{\"@id\":\"https:\\\/\\\/sortzen.org\\\/producto\\\/amatasun-migratuak\\\/#primaryimage\"},\"thumbnailUrl\":\"https:\\\/\\\/sortzen.org\\\/wp-content\\\/uploads\\\/2016\\\/04\\\/Amatasun-MIGRATUAK-e1460624924515.jpg\",\"datePublished\":\"2016-04-14T08:05:33+00:00\",\"dateModified\":\"2025-05-31T01:23:52+00:00\",\"description\":\"Bizitzen eta bere amatasuna urrutitik kudeatzen ari diren emakumeak. Sortzen consultoria\",\"breadcrumb\":{\"@id\":\"https:\\\/\\\/sortzen.org\\\/producto\\\/amatasun-migratuak\\\/#breadcrumb\"},\"inLanguage\":\"eu\",\"potentialAction\":[{\"@type\":\"ReadAction\",\"target\":[\"https:\\\/\\\/sortzen.org\\\/producto\\\/amatasun-migratuak\\\/\"]}]},{\"@type\":\"ImageObject\",\"inLanguage\":\"eu\",\"@id\":\"https:\\\/\\\/sortzen.org\\\/producto\\\/amatasun-migratuak\\\/#primaryimage\",\"url\":\"https:\\\/\\\/sortzen.org\\\/wp-content\\\/uploads\\\/2016\\\/04\\\/Amatasun-MIGRATUAK-e1460624924515.jpg\",\"contentUrl\":\"https:\\\/\\\/sortzen.org\\\/wp-content\\\/uploads\\\/2016\\\/04\\\/Amatasun-MIGRATUAK-e1460624924515.jpg\",\"width\":396,\"height\":560},{\"@type\":\"BreadcrumbList\",\"@id\":\"https:\\\/\\\/sortzen.org\\\/producto\\\/amatasun-migratuak\\\/#breadcrumb\",\"itemListElement\":[{\"@type\":\"ListItem\",\"position\":1,\"name\":\"Home\",\"item\":\"https:\\\/\\\/sortzen.org\\\/\"},{\"@type\":\"ListItem\",\"position\":2,\"name\":\"Privado: Tienda\",\"item\":\"https:\\\/\\\/sortzen.org\\\/?page_id=42\"},{\"@type\":\"ListItem\",\"position\":3,\"name\":\"\u00abAmatasun MIGRATUAK\u00bb\"}]},{\"@type\":\"WebSite\",\"@id\":\"https:\\\/\\\/sortzen.org\\\/#website\",\"url\":\"https:\\\/\\\/sortzen.org\\\/\",\"name\":\"Sortzen\",\"description\":\"Consultor\u00eda especializada en la prevenci\u00f3n y atenci\u00f3n de la violencia machista y los procesos de empoderamiento de las mujeres\",\"potentialAction\":[{\"@type\":\"SearchAction\",\"target\":{\"@type\":\"EntryPoint\",\"urlTemplate\":\"https:\\\/\\\/sortzen.org\\\/?s={search_term_string}\"},\"query-input\":{\"@type\":\"PropertyValueSpecification\",\"valueRequired\":true,\"valueName\":\"search_term_string\"}}],\"inLanguage\":\"eu\"}]}<\/script>\n<!-- \/ Yoast SEO plugin. -->","yoast_head_json":{"title":"\"Amatasun MIGRATUAK\" - Sortzen Consultoria","description":"Bizitzen eta bere amatasuna urrutitik kudeatzen ari diren emakumeak. Sortzen consultoria","robots":{"index":"index","follow":"follow","max-snippet":"max-snippet:-1","max-image-preview":"max-image-preview:large","max-video-preview":"max-video-preview:-1"},"canonical":"https:\/\/sortzen.org\/eu\/produktua\/amatasun-migratuak\/","og_locale":"en_US","og_type":"article","og_title":"\"Amatasun MIGRATUAK\" - Sortzen Consultoria","og_description":"Bizitzen eta bere amatasuna urrutitik kudeatzen ari diren emakumeak. Sortzen consultoria","og_url":"https:\/\/sortzen.org\/eu\/produktua\/amatasun-migratuak\/","og_site_name":"Sortzen","article_modified_time":"2025-05-31T01:23:52+00:00","og_image":[{"width":396,"height":560,"url":"https:\/\/sortzen.org\/wp-content\/uploads\/2016\/04\/Amatasun-MIGRATUAK-e1460624924515.jpg","type":"image\/jpeg"}],"schema":{"@context":"https:\/\/schema.org","@graph":[{"@type":"WebPage","@id":"https:\/\/sortzen.org\/producto\/amatasun-migratuak\/","url":"https:\/\/sortzen.org\/producto\/amatasun-migratuak\/","name":"\"Amatasun MIGRATUAK\" - Sortzen Consultoria","isPartOf":{"@id":"https:\/\/sortzen.org\/#website"},"primaryImageOfPage":{"@id":"https:\/\/sortzen.org\/producto\/amatasun-migratuak\/#primaryimage"},"image":{"@id":"https:\/\/sortzen.org\/producto\/amatasun-migratuak\/#primaryimage"},"thumbnailUrl":"https:\/\/sortzen.org\/wp-content\/uploads\/2016\/04\/Amatasun-MIGRATUAK-e1460624924515.jpg","datePublished":"2016-04-14T08:05:33+00:00","dateModified":"2025-05-31T01:23:52+00:00","description":"Bizitzen eta bere amatasuna urrutitik kudeatzen ari diren emakumeak. Sortzen consultoria","breadcrumb":{"@id":"https:\/\/sortzen.org\/producto\/amatasun-migratuak\/#breadcrumb"},"inLanguage":"eu","potentialAction":[{"@type":"ReadAction","target":["https:\/\/sortzen.org\/producto\/amatasun-migratuak\/"]}]},{"@type":"ImageObject","inLanguage":"eu","@id":"https:\/\/sortzen.org\/producto\/amatasun-migratuak\/#primaryimage","url":"https:\/\/sortzen.org\/wp-content\/uploads\/2016\/04\/Amatasun-MIGRATUAK-e1460624924515.jpg","contentUrl":"https:\/\/sortzen.org\/wp-content\/uploads\/2016\/04\/Amatasun-MIGRATUAK-e1460624924515.jpg","width":396,"height":560},{"@type":"BreadcrumbList","@id":"https:\/\/sortzen.org\/producto\/amatasun-migratuak\/#breadcrumb","itemListElement":[{"@type":"ListItem","position":1,"name":"Home","item":"https:\/\/sortzen.org\/"},{"@type":"ListItem","position":2,"name":"Privado: Tienda","item":"https:\/\/sortzen.org\/?page_id=42"},{"@type":"ListItem","position":3,"name":"\u00abAmatasun MIGRATUAK\u00bb"}]},{"@type":"WebSite","@id":"https:\/\/sortzen.org\/#website","url":"https:\/\/sortzen.org\/","name":"Sortzen","description":"Consultor\u00eda especializada en la prevenci\u00f3n y atenci\u00f3n de la violencia machista y los procesos de empoderamiento de las mujeres","potentialAction":[{"@type":"SearchAction","target":{"@type":"EntryPoint","urlTemplate":"https:\/\/sortzen.org\/?s={search_term_string}"},"query-input":{"@type":"PropertyValueSpecification","valueRequired":true,"valueName":"search_term_string"}}],"inLanguage":"eu"}]}},"_links":{"self":[{"href":"https:\/\/sortzen.org\/eu\/wp-json\/wp\/v2\/product\/692","targetHints":{"allow":["GET"]}}],"collection":[{"href":"https:\/\/sortzen.org\/eu\/wp-json\/wp\/v2\/product"}],"about":[{"href":"https:\/\/sortzen.org\/eu\/wp-json\/wp\/v2\/types\/product"}],"replies":[{"embeddable":true,"href":"https:\/\/sortzen.org\/eu\/wp-json\/wp\/v2\/comments?post=692"}],"wp:featuredmedia":[{"embeddable":true,"href":"https:\/\/sortzen.org\/eu\/wp-json\/wp\/v2\/media\/696"}],"wp:attachment":[{"href":"https:\/\/sortzen.org\/eu\/wp-json\/wp\/v2\/media?parent=692"}],"wp:term":[{"taxonomy":"product_brand","embeddable":true,"href":"https:\/\/sortzen.org\/eu\/wp-json\/wp\/v2\/product_brand?post=692"},{"taxonomy":"product_cat","embeddable":true,"href":"https:\/\/sortzen.org\/eu\/wp-json\/wp\/v2\/product_cat?post=692"},{"taxonomy":"product_tag","embeddable":true,"href":"https:\/\/sortzen.org\/eu\/wp-json\/wp\/v2\/product_tag?post=692"}],"curies":[{"name":"wp","href":"https:\/\/api.w.org\/{rel}","templated":true}]}}